{"id":102668,"date":"2024-10-25T12:25:37","date_gmt":"2024-10-25T12:25:37","guid":{"rendered":"http:\/\/elvkonsultacijos.lt\/?post_type=product&#038;p=102668"},"modified":"2026-04-22T09:00:06","modified_gmt":"2026-04-22T09:00:06","slug":"konsultacija-su-buhaltere","status":"publish","type":"product","link":"https:\/\/elvkonsultacijos.lt\/en\/paslaugos\/konsultacija-su-buhaltere\/","title":{"rendered":"Konsultacija su buhaltere"},"content":{"rendered":"\t\t<div data-elementor-type=\"product-post\" data-elementor-id=\"102668\" class=\"elementor elementor-102668\" data-elementor-post-type=\"product\">\n\t\t\t\t<div class=\"elementor-element elementor-element-4d53b62 e-flex e-con-boxed e-con e-parent\" data-id=\"4d53b62\" data-element_type=\"container\" data-e-type=\"container\">\n\t\t\t\t\t<div class=\"e-con-inner\">\n\t\t\t\t<div class=\"elementor-element elementor-element-435d73c elementor-widget elementor-widget-text-editor\" data-id=\"435d73c\" data-element_type=\"widget\" data-e-type=\"widget\" data-widget_type=\"text-editor.default\">\n\t\t\t\t<div class=\"elementor-widget-container\">\n\t\t\t\t\t\t\t\t\t<p>Konsultacija su buhaltere, jeigu jau turite pasirink\u0119s (-usi) veiklos vykdymo form\u0105, galite pasikonsultuoti apie Jums priklausan\u010dius mokes\u010dius.<\/p><p>Galima konsultacija apie buhalterijos proces\u0173 valdym\u0105, jeigu jau turite \u012fmon\u0119 ir norite optimizuoti procesus. Galima konsultacija apie buhalterin\u0119 apskait\u0105 be popieriaus.<\/p><p>Buhalteris gali pad\u0117ti su reikiamu paklausimu VMI. Buhalterio konsultacija metini\u0173 GPM deklaracij\u0173 teikimo klausimais. Buhalterio konsultacija NTM teikimo klausimais.<\/p><p>Paslaugos atlikimo terminas \u2013 nuo 2 darbo dien\u0173 po dokument\u0173 pasira\u0161ymo, priklausomai nuo individuali\u0173 aplinkybi\u0173.<\/p>\t\t\t\t\t\t\t\t<\/div>\n\t\t\t\t<\/div>\n\t\t\t\t<div class=\"elementor-element elementor-element-e619b1b calendar-accordion elementor-widget elementor-widget-n-accordion\" data-id=\"e619b1b\" data-element_type=\"widget\" data-e-type=\"widget\" data-settings=\"{&quot;default_state&quot;:&quot;expanded&quot;,&quot;max_items_expended&quot;:&quot;one&quot;,&quot;n_accordion_animation_duration&quot;:{&quot;unit&quot;:&quot;ms&quot;,&quot;size&quot;:400,&quot;sizes&quot;:[]}}\" data-widget_type=\"nested-accordion.default\">\n\t\t\t\t<div class=\"elementor-widget-container\">\n\t\t\t\t\t\t\t<div class=\"e-n-accordion\" aria-label=\"Accordion. Open links with Enter or Space, close with Escape, and navigate with Arrow Keys\">\n\t\t\t\t\t\t<details id=\"e-n-accordion-item-2410\" class=\"e-n-accordion-item\" open>\n\t\t\t\t<summary class=\"e-n-accordion-item-title\" data-accordion-index=\"1\" tabindex=\"0\" aria-expanded=\"true\" aria-controls=\"e-n-accordion-item-2410\" >\n\t\t\t\t\t<span class='e-n-accordion-item-title-header'><div class=\"e-n-accordion-item-title-text\"> Pasirinkite skambu\u010dio dat\u0105 ir laik\u0105 <\/div><\/span>\n\t\t\t\t\t\t\t<span class='e-n-accordion-item-title-icon'>\n\t\t\t<span class='e-opened' ><svg xmlns=\"http:\/\/www.w3.org\/2000\/svg\" viewBox=\"0 0 256 256\" fill=\"currentColor\"><path d=\"M213.66,165.66a8,8,0,0,1-11.32,0L128,91.31,53.66,165.66a8,8,0,0,1-11.32-11.32l80-80a8,8,0,0,1,11.32,0l80,80A8,8,0,0,1,213.66,165.66Z\"><\/path><\/svg><\/span>\n\t\t\t<span class='e-closed'><svg xmlns=\"http:\/\/www.w3.org\/2000\/svg\" viewBox=\"0 0 256 256\" fill=\"currentColor\"><path d=\"M213.66,101.66l-80,80a8,8,0,0,1-11.32,0l-80-80A8,8,0,0,1,53.66,90.34L128,164.69l74.34-74.35a8,8,0,0,1,11.32,11.32Z\"><\/path><\/svg><\/span>\n\t\t<\/span>\n\n\t\t\t\t\t\t<\/summary>\n\t\t\t\t<div role=\"region\" aria-labelledby=\"e-n-accordion-item-2410\" class=\"elementor-element elementor-element-01bf1bb e-con-full e-flex e-con e-child\" data-id=\"01bf1bb\" data-element_type=\"container\" data-e-type=\"container\">\n\t\t\t\t<div class=\"elementor-element elementor-element-38d79ed elementor-widget elementor-widget-shortcode\" data-id=\"38d79ed\" data-element_type=\"widget\" data-e-type=\"widget\" data-widget_type=\"shortcode.default\">\n\t\t\t\t<div class=\"elementor-widget-container\">\n\t\t\t\t\t\t\t<div class=\"elementor-shortcode\"><div class=\"react-app-container\">\n            <div\n                id=\"react-app-69ff169416a01\"\n                data-product-name=\"\"\n                data-product-id=\"\"\n            >\n            <\/div>\n        <\/div><\/div>\n\t\t\t\t\t\t<\/div>\n\t\t\t\t<\/div>\n\t\t\t\t<\/div>\n\t\t\t\t\t<\/details>\n\t\t\t\t\t<\/div>\n\t\t\t\t\t\t<\/div>\n\t\t\t\t<\/div>\n\t\t<div class=\"elementor-element elementor-element-d7b7416 e-con-full e-flex e-con e-child\" data-id=\"d7b7416\" data-element_type=\"container\" data-e-type=\"container\">\n\t\t\t\t<div class=\"elementor-element elementor-element-3002853 elementor-widget elementor-widget-the7-heading\" data-id=\"3002853\" data-element_type=\"widget\" data-e-type=\"widget\" data-widget_type=\"the7-heading.default\">\n\t\t\t\t<div class=\"elementor-widget-container\">\n\t\t\t\t\t<h2 class=\"the7-heading-title elementor-size-default\">Papildoma informacija apie paslaug\u0105<\/h2>\t\t\t\t<\/div>\n\t\t\t\t<\/div>\n\t\t\t\t<div class=\"elementor-element elementor-element-01303dc product-additional-info elementor-widget elementor-widget-the7-accordion\" data-id=\"01303dc\" data-element_type=\"widget\" data-e-type=\"widget\" data-widget_type=\"the7-accordion.default\">\n\t\t\t\t<div class=\"elementor-widget-container\">\n\t\t\t\t\t\t\t<div class=\"elementor-accordion the7-adv-accordion\" data-accordion-type=\"accordion\" role=\"tablist\">\n\t\t\t\t\t\t\t<div class=\"elementor-accordion-item\">\n\t\t\t\t\t<h4 id=\"elementor-tab-title-1241\" class=\"elementor-tab-title the7-accordion-header deactive-default\" data-tab=\"1\" role=\"tab\" aria-controls=\"elementor-tab-content-1241\">\n\n\t\t\t\t\t\t\t\t\t\t\t\t\t<span class=\"elementor-accordion-icon elementor-accordion-icon-right\" aria-hidden=\"true\">\n\t\t\t\t\t\t\t\t\t\t\t\t\t\t\t<span class=\"elementor-accordion-icon-closed\"><svg xmlns=\"http:\/\/www.w3.org\/2000\/svg\" viewBox=\"0 0 256 256\" fill=\"currentColor\"><path d=\"M213.66,101.66l-80,80a8,8,0,0,1-11.32,0l-80-80A8,8,0,0,1,53.66,90.34L128,164.69l74.34-74.35a8,8,0,0,1,11.32,11.32Z\"><\/path><\/svg><\/span>\n\t\t\t\t\t\t\t\t\t\t\t\t\t\t\t\t\t<span class=\"elementor-accordion-icon-opened\"><svg xmlns=\"http:\/\/www.w3.org\/2000\/svg\" viewBox=\"0 0 256 256\" fill=\"currentColor\"><path d=\"M213.66,165.66a8,8,0,0,1-11.32,0L128,91.31,53.66,165.66a8,8,0,0,1-11.32-11.32l80-80a8,8,0,0,1,11.32,0l80,80A8,8,0,0,1,213.66,165.66Z\"><\/path><\/svg><\/span>\n\t\t\t\t\t\t\t\t\t\t\t\t\t\t\t\t\t\t\t\t\t\t<\/span>\n\t\t\t\t\t\t\t\t\t\t\t\t\t\t\t\t\t\t<a class=\"elementor-accordion-title\" href=\"\">I\u0161samesni buhalterin\u0117s konsultacijos aspektai:<\/a>\n\t\t\t\t\t<\/h4>\n\t\t\t\t\t<div id=\"elementor-tab-content-1241\" class=\"elementor-tab-content elementor-clearfix deactive-default\" data-tab=\"1\" role=\"tabpanel\" aria-labelledby=\"elementor-tab-title-1241\"><ul><li><p><span style=\"font-size: medium;\"><b>Mokes\u010di\u0173 optimizavimas<\/b><\/span><span style=\"font-size: medium;\"> \u2013 patarimai, kaip teis\u0117tai suma\u017einti mokes\u010di\u0173 na\u0161t\u0105 ir u\u017etikrinti optimalius mokes\u010di\u0173 sprendimus;<\/span><\/p><\/li><li><p><span style=\"font-size: medium;\"><b>\u012emoni\u0173 steigimas ir reorganizacija<\/b><\/span><span style=\"font-size: medium;\"> \u2013 pagalba teisingai pasirinkti \u012fmon\u0117s teisin\u0119 form\u0105, parengti steigimo dokumentus ir u\u017epildyti reikiamus registracijos dokumentus;<\/span><\/p><\/li><li><p><span style=\"font-size: medium;\"><b>Apskaitos tvarkymas<\/b><\/span><span style=\"font-size: medium;\"> \u2013 patarimai apie tinkam\u0105 apskaitos metodik\u0105, dokument\u0173 valdym\u0105 ir ataskait\u0173 rengim\u0105;<\/span><\/p><\/li><li><p><span style=\"font-size: medium;\"><b>PVM ir kit\u0173 mokes\u010di\u0173 deklaravimas<\/b><\/span><span style=\"font-size: medium;\"> \u2013 pagalba teikiant mokes\u010di\u0173 deklaracijas ir u\u017etikrinant, kad visi mokes\u010diai b\u016bt\u0173 apskai\u010diuoti ir sumok\u0117ti laiku;<\/span><\/p><\/li><li><p><span style=\"font-size: medium;\"><b>Finansini\u0173 ataskait\u0173 rengimas<\/b><\/span><span style=\"font-size: medium;\"> \u2013 patarimai, kaip teisingai parengti balanso, pelno (nuostoli\u0173) ir kit\u0173 finansini\u0173 ataskait\u0173 formas.<\/span><\/p><\/li><\/ul><\/div>\n\t\t\t\t<\/div>\n\t\t\t\t\t<\/div>\n\t\t\t\t\t\t<\/div>\n\t\t\t\t<\/div>\n\t\t\t\t<\/div>\n\t\t\t\t\t<\/div>\n\t\t\t\t<\/div>\n\t\t\t\t<\/div>\n\t\t","protected":false},"excerpt":{"rendered":"<p>Konsultacija su buhaltere, jeigu jau turite pasirink\u0119s (-usi) veiklos vykdymo form\u0105, galite pasikonsultuoti apie Jums priklausan\u010dius mokes\u010dius.<\/p>\n<p>Galima konsultacija apie buhalterijos proces\u0173 valdym\u0105, jeigu jau turite \u012fmon\u0119 ir norite optimizuoti procesus.<\/p>\n","protected":false},"featured_media":104461,"template":"","meta":{"_acf_changed":false},"product_brand":[],"product_cat":[39],"product_tag":[],"class_list":{"0":"post-102668","1":"product","2":"type-product","3":"status-publish","4":"has-post-thumbnail","6":"product_cat-all-products","8":"first","9":"instock","10":"sold-individually","11":"shipping-taxable","12":"purchasable","13":"product-type-simple"},"acf":[],"aioseo_notices":[],"yoast_head":"<!-- This site is optimized with the Yoast SEO plugin v27.3 - https:\/\/yoast.com\/product\/yoast-seo-wordpress\/ -->\n<title>Konsultacija su buhaltere - ELVkonsultacijos.lt<\/title>\n<meta name=\"robots\" content=\"index, follow, max-snippet:-1, max-image-preview:large, max-video-preview:-1\" \/>\n<link rel=\"canonical\" href=\"https:\/\/elvkonsultacijos.lt\/en\/paslaugos\/konsultacija-su-buhaltere\/\" \/>\n<meta property=\"og:locale\" content=\"en_US\" \/>\n<meta property=\"og:type\" content=\"article\" \/>\n<meta property=\"og:title\" content=\"Konsultacija su buhaltere - ELVkonsultacijos.lt\" \/>\n<meta property=\"og:description\" content=\"Konsultacija su buhaltere, jeigu jau turite pasirink\u0119s (-usi) veiklos vykdymo form\u0105, galite pasikonsultuoti apie Jums priklausan\u010dius mokes\u010dius.  Galima konsultacija apie buhalterijos proces\u0173 valdym\u0105, jeigu jau turite \u012fmon\u0119 ir norite optimizuoti procesus.\" \/>\n<meta property=\"og:url\" content=\"https:\/\/elvkonsultacijos.lt\/en\/paslaugos\/konsultacija-su-buhaltere\/\" \/>\n<meta property=\"og:site_name\" content=\"ELVkonsultacijos.lt\" \/>\n<meta property=\"article:publisher\" content=\"https:\/\/www.facebook.com\/elvprojektai.lt\/\" \/>\n<meta property=\"article:modified_time\" content=\"2026-04-22T09:00:06+00:00\" \/>\n<meta property=\"og:image\" content=\"https:\/\/elvkonsultacijos.lt\/wp-content\/uploads\/2024\/10\/Group-45.png\" \/>\n\t<meta property=\"og:image:width\" content=\"548\" \/>\n\t<meta property=\"og:image:height\" content=\"285\" \/>\n\t<meta property=\"og:image:type\" content=\"image\/png\" \/>\n<meta name=\"twitter:card\" content=\"summary_large_image\" \/>\n<meta name=\"twitter:label1\" content=\"Est. reading time\" \/>\n\t<meta name=\"twitter:data1\" content=\"2 minutes\" \/>\n<script type=\"application\/ld+json\" class=\"yoast-schema-graph\">{\"@context\":\"https:\\\/\\\/schema.org\",\"@graph\":[{\"@type\":\"WebPage\",\"@id\":\"https:\\\/\\\/elvkonsultacijos.lt\\\/en\\\/paslaugos\\\/konsultacija-su-buhaltere\\\/\",\"url\":\"https:\\\/\\\/elvkonsultacijos.lt\\\/en\\\/paslaugos\\\/konsultacija-su-buhaltere\\\/\",\"name\":\"Konsultacija su buhaltere - ELVkonsultacijos.lt\",\"isPartOf\":{\"@id\":\"https:\\\/\\\/elvkonsultacijos.lt\\\/en\\\/#website\"},\"primaryImageOfPage\":{\"@id\":\"https:\\\/\\\/elvkonsultacijos.lt\\\/en\\\/paslaugos\\\/konsultacija-su-buhaltere\\\/#primaryimage\"},\"image\":{\"@id\":\"https:\\\/\\\/elvkonsultacijos.lt\\\/en\\\/paslaugos\\\/konsultacija-su-buhaltere\\\/#primaryimage\"},\"thumbnailUrl\":\"https:\\\/\\\/elvkonsultacijos.lt\\\/wp-content\\\/uploads\\\/2024\\\/10\\\/Group-45.png\",\"datePublished\":\"2024-10-25T12:25:37+00:00\",\"dateModified\":\"2026-04-22T09:00:06+00:00\",\"breadcrumb\":{\"@id\":\"https:\\\/\\\/elvkonsultacijos.lt\\\/en\\\/paslaugos\\\/konsultacija-su-buhaltere\\\/#breadcrumb\"},\"inLanguage\":\"en-US\",\"potentialAction\":[{\"@type\":\"ReadAction\",\"target\":[\"https:\\\/\\\/elvkonsultacijos.lt\\\/en\\\/paslaugos\\\/konsultacija-su-buhaltere\\\/\"]}]},{\"@type\":\"ImageObject\",\"inLanguage\":\"en-US\",\"@id\":\"https:\\\/\\\/elvkonsultacijos.lt\\\/en\\\/paslaugos\\\/konsultacija-su-buhaltere\\\/#primaryimage\",\"url\":\"https:\\\/\\\/elvkonsultacijos.lt\\\/wp-content\\\/uploads\\\/2024\\\/10\\\/Group-45.png\",\"contentUrl\":\"https:\\\/\\\/elvkonsultacijos.lt\\\/wp-content\\\/uploads\\\/2024\\\/10\\\/Group-45.png\",\"width\":548,\"height\":285},{\"@type\":\"BreadcrumbList\",\"@id\":\"https:\\\/\\\/elvkonsultacijos.lt\\\/en\\\/paslaugos\\\/konsultacija-su-buhaltere\\\/#breadcrumb\",\"itemListElement\":[{\"@type\":\"ListItem\",\"position\":1,\"name\":\"Home\",\"item\":\"https:\\\/\\\/elvkonsultacijos.lt\\\/en\\\/\"},{\"@type\":\"ListItem\",\"position\":2,\"name\":\"Products\",\"item\":\"https:\\\/\\\/elvkonsultacijos.lt\\\/en\\\/shop\\\/\"},{\"@type\":\"ListItem\",\"position\":3,\"name\":\"Konsultacija su buhaltere\"}]},{\"@type\":\"WebSite\",\"@id\":\"https:\\\/\\\/elvkonsultacijos.lt\\\/en\\\/#website\",\"url\":\"https:\\\/\\\/elvkonsultacijos.lt\\\/en\\\/\",\"name\":\"ELV Konsultacijos\",\"description\":\"Buhalterin\u0117s apskaitos konsultacijos internetu\",\"publisher\":{\"@id\":\"https:\\\/\\\/elvkonsultacijos.lt\\\/en\\\/#organization\"},\"potentialAction\":[{\"@type\":\"SearchAction\",\"target\":{\"@type\":\"EntryPoint\",\"urlTemplate\":\"https:\\\/\\\/elvkonsultacijos.lt\\\/en\\\/?s={search_term_string}\"},\"query-input\":{\"@type\":\"PropertyValueSpecification\",\"valueRequired\":true,\"valueName\":\"search_term_string\"}}],\"inLanguage\":\"en-US\"},{\"@type\":\"Organization\",\"@id\":\"https:\\\/\\\/elvkonsultacijos.lt\\\/en\\\/#organization\",\"name\":\"ELV Projektai\",\"url\":\"https:\\\/\\\/elvkonsultacijos.lt\\\/en\\\/\",\"logo\":{\"@type\":\"ImageObject\",\"inLanguage\":\"en-US\",\"@id\":\"https:\\\/\\\/elvkonsultacijos.lt\\\/en\\\/#\\\/schema\\\/logo\\\/image\\\/\",\"url\":\"https:\\\/\\\/elvkonsultacijos.lt\\\/wp-content\\\/uploads\\\/2024\\\/10\\\/logo.png\",\"contentUrl\":\"https:\\\/\\\/elvkonsultacijos.lt\\\/wp-content\\\/uploads\\\/2024\\\/10\\\/logo.png\",\"width\":1500,\"height\":291,\"caption\":\"ELV Projektai\"},\"image\":{\"@id\":\"https:\\\/\\\/elvkonsultacijos.lt\\\/en\\\/#\\\/schema\\\/logo\\\/image\\\/\"},\"sameAs\":[\"https:\\\/\\\/www.facebook.com\\\/elvprojektai.lt\\\/\"]}]}<\/script>\n<!-- \/ Yoast SEO plugin. -->","yoast_head_json":{"title":"Konsultacija su buhaltere - ELVkonsultacijos.lt","robots":{"index":"index","follow":"follow","max-snippet":"max-snippet:-1","max-image-preview":"max-image-preview:large","max-video-preview":"max-video-preview:-1"},"canonical":"https:\/\/elvkonsultacijos.lt\/en\/paslaugos\/konsultacija-su-buhaltere\/","og_locale":"en_US","og_type":"article","og_title":"Konsultacija su buhaltere - ELVkonsultacijos.lt","og_description":"Konsultacija su buhaltere, jeigu jau turite pasirink\u0119s (-usi) veiklos vykdymo form\u0105, galite pasikonsultuoti apie Jums priklausan\u010dius mokes\u010dius.  Galima konsultacija apie buhalterijos proces\u0173 valdym\u0105, jeigu jau turite \u012fmon\u0119 ir norite optimizuoti procesus.","og_url":"https:\/\/elvkonsultacijos.lt\/en\/paslaugos\/konsultacija-su-buhaltere\/","og_site_name":"ELVkonsultacijos.lt","article_publisher":"https:\/\/www.facebook.com\/elvprojektai.lt\/","article_modified_time":"2026-04-22T09:00:06+00:00","og_image":[{"width":548,"height":285,"url":"https:\/\/elvkonsultacijos.lt\/wp-content\/uploads\/2024\/10\/Group-45.png","type":"image\/png"}],"twitter_card":"summary_large_image","twitter_misc":{"Est. reading time":"2 minutes"},"schema":{"@context":"https:\/\/schema.org","@graph":[{"@type":"WebPage","@id":"https:\/\/elvkonsultacijos.lt\/en\/paslaugos\/konsultacija-su-buhaltere\/","url":"https:\/\/elvkonsultacijos.lt\/en\/paslaugos\/konsultacija-su-buhaltere\/","name":"Konsultacija su buhaltere - ELVkonsultacijos.lt","isPartOf":{"@id":"https:\/\/elvkonsultacijos.lt\/en\/#website"},"primaryImageOfPage":{"@id":"https:\/\/elvkonsultacijos.lt\/en\/paslaugos\/konsultacija-su-buhaltere\/#primaryimage"},"image":{"@id":"https:\/\/elvkonsultacijos.lt\/en\/paslaugos\/konsultacija-su-buhaltere\/#primaryimage"},"thumbnailUrl":"https:\/\/elvkonsultacijos.lt\/wp-content\/uploads\/2024\/10\/Group-45.png","datePublished":"2024-10-25T12:25:37+00:00","dateModified":"2026-04-22T09:00:06+00:00","breadcrumb":{"@id":"https:\/\/elvkonsultacijos.lt\/en\/paslaugos\/konsultacija-su-buhaltere\/#breadcrumb"},"inLanguage":"en-US","potentialAction":[{"@type":"ReadAction","target":["https:\/\/elvkonsultacijos.lt\/en\/paslaugos\/konsultacija-su-buhaltere\/"]}]},{"@type":"ImageObject","inLanguage":"en-US","@id":"https:\/\/elvkonsultacijos.lt\/en\/paslaugos\/konsultacija-su-buhaltere\/#primaryimage","url":"https:\/\/elvkonsultacijos.lt\/wp-content\/uploads\/2024\/10\/Group-45.png","contentUrl":"https:\/\/elvkonsultacijos.lt\/wp-content\/uploads\/2024\/10\/Group-45.png","width":548,"height":285},{"@type":"BreadcrumbList","@id":"https:\/\/elvkonsultacijos.lt\/en\/paslaugos\/konsultacija-su-buhaltere\/#breadcrumb","itemListElement":[{"@type":"ListItem","position":1,"name":"Home","item":"https:\/\/elvkonsultacijos.lt\/en\/"},{"@type":"ListItem","position":2,"name":"Products","item":"https:\/\/elvkonsultacijos.lt\/en\/shop\/"},{"@type":"ListItem","position":3,"name":"Konsultacija su buhaltere"}]},{"@type":"WebSite","@id":"https:\/\/elvkonsultacijos.lt\/en\/#website","url":"https:\/\/elvkonsultacijos.lt\/en\/","name":"ELV Konsultacijos","description":"Buhalterin\u0117s apskaitos konsultacijos internetu","publisher":{"@id":"https:\/\/elvkonsultacijos.lt\/en\/#organization"},"potentialAction":[{"@type":"SearchAction","target":{"@type":"EntryPoint","urlTemplate":"https:\/\/elvkonsultacijos.lt\/en\/?s={search_term_string}"},"query-input":{"@type":"PropertyValueSpecification","valueRequired":true,"valueName":"search_term_string"}}],"inLanguage":"en-US"},{"@type":"Organization","@id":"https:\/\/elvkonsultacijos.lt\/en\/#organization","name":"ELV Projektai","url":"https:\/\/elvkonsultacijos.lt\/en\/","logo":{"@type":"ImageObject","inLanguage":"en-US","@id":"https:\/\/elvkonsultacijos.lt\/en\/#\/schema\/logo\/image\/","url":"https:\/\/elvkonsultacijos.lt\/wp-content\/uploads\/2024\/10\/logo.png","contentUrl":"https:\/\/elvkonsultacijos.lt\/wp-content\/uploads\/2024\/10\/logo.png","width":1500,"height":291,"caption":"ELV Projektai"},"image":{"@id":"https:\/\/elvkonsultacijos.lt\/en\/#\/schema\/logo\/image\/"},"sameAs":["https:\/\/www.facebook.com\/elvprojektai.lt\/"]}]}},"_links":{"self":[{"href":"https:\/\/elvkonsultacijos.lt\/en\/wp-json\/wp\/v2\/product\/102668","targetHints":{"allow":["GET"]}}],"collection":[{"href":"https:\/\/elvkonsultacijos.lt\/en\/wp-json\/wp\/v2\/product"}],"about":[{"href":"https:\/\/elvkonsultacijos.lt\/en\/wp-json\/wp\/v2\/types\/product"}],"version-history":[{"count":11,"href":"https:\/\/elvkonsultacijos.lt\/en\/wp-json\/wp\/v2\/product\/102668\/revisions"}],"predecessor-version":[{"id":106566,"href":"https:\/\/elvkonsultacijos.lt\/en\/wp-json\/wp\/v2\/product\/102668\/revisions\/106566"}],"wp:featuredmedia":[{"embeddable":true,"href":"https:\/\/elvkonsultacijos.lt\/en\/wp-json\/wp\/v2\/media\/104461"}],"wp:attachment":[{"href":"https:\/\/elvkonsultacijos.lt\/en\/wp-json\/wp\/v2\/media?parent=102668"}],"wp:term":[{"taxonomy":"product_brand","embeddable":true,"href":"https:\/\/elvkonsultacijos.lt\/en\/wp-json\/wp\/v2\/product_brand?post=102668"},{"taxonomy":"product_cat","embeddable":true,"href":"https:\/\/elvkonsultacijos.lt\/en\/wp-json\/wp\/v2\/product_cat?post=102668"},{"taxonomy":"product_tag","embeddable":true,"href":"https:\/\/elvkonsultacijos.lt\/en\/wp-json\/wp\/v2\/product_tag?post=102668"}],"curies":[{"name":"wp","href":"https:\/\/api.w.org\/{rel}","templated":true}]}}