{"id":102670,"date":"2024-10-25T12:27:04","date_gmt":"2024-10-25T12:27:04","guid":{"rendered":"http:\/\/elvkonsultacijos.lt\/?post_type=product&#038;p=102670"},"modified":"2025-10-03T11:47:21","modified_gmt":"2025-10-03T11:47:21","slug":"gpais-apskaitos-konsultacija","status":"publish","type":"product","link":"https:\/\/elvkonsultacijos.lt\/en\/paslaugos\/gpais-apskaitos-konsultacija\/","title":{"rendered":"GPAIS apskaitos konsultacija"},"content":{"rendered":"\t\t<div data-elementor-type=\"product-post\" data-elementor-id=\"102670\" class=\"elementor elementor-102670\" data-elementor-post-type=\"product\">\n\t\t\t\t<div class=\"elementor-element elementor-element-55438de e-flex e-con-boxed e-con e-parent\" data-id=\"55438de\" data-element_type=\"container\" data-e-type=\"container\">\n\t\t\t\t\t<div class=\"e-con-inner\">\n\t\t\t\t<div class=\"elementor-element elementor-element-93d0e0a elementor-widget elementor-widget-text-editor\" data-id=\"93d0e0a\" data-element_type=\"widget\" data-e-type=\"widget\" data-widget_type=\"text-editor.default\">\n\t\t\t\t<div class=\"elementor-widget-container\">\n\t\t\t\t\t\t\t\t\t<p>\u012emon\u0117ms, kurios per kalendorinius metus pateikia ne daugiau kaip 0,5 tonos pakuo\u010di\u0173 privalo b\u016bti registruotos GPAIS s\u0105vade ir pildyti GPAIS ataskaitas, nors ir yra atleid\u017eiamos nuo pareigos mok\u0117ti mokest\u012f u\u017e aplinkos ter\u0161im\u0105 ir teikti deklaracijas.<\/p><p>Konsultacijos metu aptariama \u012fmon\u0117 &#8211; koki\u0105 veikl\u0105 vykdo, kokios atliekos susidaro, nuo kada prad\u0117tos atitinkamos pakuot\u0117s ar atliekos teikti \u012f rink\u0105, ar turi sudarytas sutartis su atliek\u0173 tvarkytojais ir kiti aktual\u016bs klausimai apie GPAIS.<\/p><p>Paslaugos atlikimo terminas \u2013 nuo 2 darbo dien\u0173 po dokument\u0173 pasira\u0161ymo, priklausomai nuo individuali\u0173 aplinkybi\u0173.<\/p>\t\t\t\t\t\t\t\t<\/div>\n\t\t\t\t<\/div>\n\t\t\t\t<div class=\"elementor-element elementor-element-70ade11 calendar-accordion elementor-widget elementor-widget-n-accordion\" data-id=\"70ade11\" data-element_type=\"widget\" data-e-type=\"widget\" data-settings=\"{&quot;default_state&quot;:&quot;expanded&quot;,&quot;max_items_expended&quot;:&quot;one&quot;,&quot;n_accordion_animation_duration&quot;:{&quot;unit&quot;:&quot;ms&quot;,&quot;size&quot;:400,&quot;sizes&quot;:[]}}\" data-widget_type=\"nested-accordion.default\">\n\t\t\t\t<div class=\"elementor-widget-container\">\n\t\t\t\t\t\t\t<div class=\"e-n-accordion\" aria-label=\"Accordion. Open links with Enter or Space, close with Escape, and navigate with Arrow Keys\">\n\t\t\t\t\t\t<details id=\"e-n-accordion-item-1180\" class=\"e-n-accordion-item\" open>\n\t\t\t\t<summary class=\"e-n-accordion-item-title\" data-accordion-index=\"1\" tabindex=\"0\" aria-expanded=\"true\" aria-controls=\"e-n-accordion-item-1180\" >\n\t\t\t\t\t<span class='e-n-accordion-item-title-header'><div class=\"e-n-accordion-item-title-text\"> Pasirinkite skambu\u010dio dat\u0105 ir laik\u0105 <\/div><\/span>\n\t\t\t\t\t\t\t<span class='e-n-accordion-item-title-icon'>\n\t\t\t<span class='e-opened' ><svg xmlns=\"http:\/\/www.w3.org\/2000\/svg\" viewBox=\"0 0 256 256\" fill=\"currentColor\"><path d=\"M213.66,165.66a8,8,0,0,1-11.32,0L128,91.31,53.66,165.66a8,8,0,0,1-11.32-11.32l80-80a8,8,0,0,1,11.32,0l80,80A8,8,0,0,1,213.66,165.66Z\"><\/path><\/svg><\/span>\n\t\t\t<span class='e-closed'><svg xmlns=\"http:\/\/www.w3.org\/2000\/svg\" viewBox=\"0 0 256 256\" fill=\"currentColor\"><path d=\"M213.66,101.66l-80,80a8,8,0,0,1-11.32,0l-80-80A8,8,0,0,1,53.66,90.34L128,164.69l74.34-74.35a8,8,0,0,1,11.32,11.32Z\"><\/path><\/svg><\/span>\n\t\t<\/span>\n\n\t\t\t\t\t\t<\/summary>\n\t\t\t\t<div role=\"region\" aria-labelledby=\"e-n-accordion-item-1180\" class=\"elementor-element elementor-element-b25c86e e-con-full e-flex e-con e-child\" data-id=\"b25c86e\" data-element_type=\"container\" data-e-type=\"container\">\n\t\t\t\t<div class=\"elementor-element elementor-element-d646f77 elementor-widget elementor-widget-shortcode\" data-id=\"d646f77\" data-element_type=\"widget\" data-e-type=\"widget\" data-widget_type=\"shortcode.default\">\n\t\t\t\t<div class=\"elementor-widget-container\">\n\t\t\t\t\t\t\t<div class=\"elementor-shortcode\"><div class=\"react-app-container\">\n            <div\n                id=\"react-app-69ff293571b00\"\n                data-product-name=\"\"\n                data-product-id=\"\"\n            >\n            <\/div>\n        <\/div><\/div>\n\t\t\t\t\t\t<\/div>\n\t\t\t\t<\/div>\n\t\t\t\t<\/div>\n\t\t\t\t\t<\/details>\n\t\t\t\t\t<\/div>\n\t\t\t\t\t\t<\/div>\n\t\t\t\t<\/div>\n\t\t<div class=\"elementor-element elementor-element-98eec60 e-con-full e-flex e-con e-child\" data-id=\"98eec60\" data-element_type=\"container\" data-e-type=\"container\">\n\t\t\t\t<div class=\"elementor-element elementor-element-03c87e2 elementor-widget elementor-widget-the7-heading\" data-id=\"03c87e2\" data-element_type=\"widget\" data-e-type=\"widget\" data-widget_type=\"the7-heading.default\">\n\t\t\t\t<div class=\"elementor-widget-container\">\n\t\t\t\t\t<h2 class=\"the7-heading-title elementor-size-default\">Papildoma informacija apie paslaug\u0105<\/h2>\t\t\t\t<\/div>\n\t\t\t\t<\/div>\n\t\t\t\t<div class=\"elementor-element elementor-element-70c7587 product-additional-info elementor-widget elementor-widget-the7-accordion\" data-id=\"70c7587\" data-element_type=\"widget\" data-e-type=\"widget\" data-widget_type=\"the7-accordion.default\">\n\t\t\t\t<div class=\"elementor-widget-container\">\n\t\t\t\t\t\t\t<div class=\"elementor-accordion the7-adv-accordion\" data-accordion-type=\"accordion\" role=\"tablist\">\n\t\t\t\t\t\t\t<div class=\"elementor-accordion-item\">\n\t\t\t\t\t<h4 id=\"elementor-tab-title-1181\" class=\"elementor-tab-title the7-accordion-header deactive-default\" data-tab=\"1\" role=\"tab\" aria-controls=\"elementor-tab-content-1181\">\n\n\t\t\t\t\t\t\t\t\t\t\t\t\t<span class=\"elementor-accordion-icon elementor-accordion-icon-right\" aria-hidden=\"true\">\n\t\t\t\t\t\t\t\t\t\t\t\t\t\t\t<span class=\"elementor-accordion-icon-closed\"><svg xmlns=\"http:\/\/www.w3.org\/2000\/svg\" viewBox=\"0 0 256 256\" fill=\"currentColor\"><path d=\"M213.66,101.66l-80,80a8,8,0,0,1-11.32,0l-80-80A8,8,0,0,1,53.66,90.34L128,164.69l74.34-74.35a8,8,0,0,1,11.32,11.32Z\"><\/path><\/svg><\/span>\n\t\t\t\t\t\t\t\t\t\t\t\t\t\t\t\t\t<span class=\"elementor-accordion-icon-opened\"><svg xmlns=\"http:\/\/www.w3.org\/2000\/svg\" viewBox=\"0 0 256 256\" fill=\"currentColor\"><path d=\"M213.66,165.66a8,8,0,0,1-11.32,0L128,91.31,53.66,165.66a8,8,0,0,1-11.32-11.32l80-80a8,8,0,0,1,11.32,0l80,80A8,8,0,0,1,213.66,165.66Z\"><\/path><\/svg><\/span>\n\t\t\t\t\t\t\t\t\t\t\t\t\t\t\t\t\t\t\t\t\t\t<\/span>\n\t\t\t\t\t\t\t\t\t\t\t\t\t\t\t\t\t\t<a class=\"elementor-accordion-title\" href=\"\">Kas turi vykdyti atliek\u0173 susidarymo apskait\u0105?<\/a>\n\t\t\t\t\t<\/h4>\n\t\t\t\t\t<div id=\"elementor-tab-content-1181\" class=\"elementor-tab-content elementor-clearfix deactive-default\" data-tab=\"1\" role=\"tabpanel\" aria-labelledby=\"elementor-tab-title-1181\"><p><span style=\"font-size: medium;\">Atliek\u0173 susidarymo apskait\u0105 atskirai GPAIS turi vykdyti \u012fmon\u0117s, atitinkan\u010dios bent vien\u0105 i\u0161 nurodyt\u0173 kriterij\u0173:<\/span><\/p><ul><li><p><span style=\"font-size: medium;\">kurios vykdomai \u016bkinei veiklai privalo gauti tar\u0161os integruotos prevencijos ir kontrol\u0117s (TIPK) leidim\u0105 arba tar\u0161os leidim\u0105;<\/span><\/p><\/li><li><p><span style=\"font-size: medium;\">kuri\u0173 veikloje per kalendorinius metus susidaro pavojing\u0173j\u0173 atliek\u0173 ir (ar) daugiau nei 12 ton\u0173 nepavojing\u0173j\u0173 atliek\u0173;<\/span><\/p><\/li><li><p><span style=\"font-size: medium;\">kurios atlieka transporto priemoni\u0173 technin\u0119 prie\u017ei\u016br\u0105 ir remont\u0105, kai \u0161ios veiklos vykdymo metu susidaro atliekos;<\/span><\/p><\/li><li><p><span style=\"font-size: medium;\">kurios turi 10 ir daugiau darbuotoj\u0173 ir vykdo \u017emoni\u0173 ir (ar) gyv\u016bn\u0173 sveikatos prie\u017ei\u016bros ir (ar) vaistini\u0173, ruo\u0161ian\u010di\u0173 ir (ar) parduodan\u010di\u0173 vaistus, veikl\u0105, kai \u0161ios veiklos vykdymo metu susidaro atliekos;<\/span><\/p><\/li><li><p><span style=\"font-size: medium;\">kuri\u0173 veikloje susidaro alyvos atliekos;<\/span><\/p><\/li><li><p><span style=\"font-size: medium;\">kurios \u012fpareigotos vykdyti statybini\u0173 atliek\u0173 tvarkymo taisykl\u0117se, numatyt\u0105 atliek\u0173 apskait\u0105;<\/span><\/p><\/li><li><p><span style=\"font-size: medium;\">kurios vykdo maisto gamybos (ruo\u0161imo) ir (ar) maisto prekybos veikl\u0105 ir kuriose per kalendorinius metus susidaro daugiau nei 5 tonos vie\u0161ojo maitinimo (maisto) atliek\u0173 ir (ar) vartoti netinkam\u0173 maisto produkt\u0173 atliek\u0173;<\/span><\/p><\/li><li><p><span style=\"font-size: medium;\">pakuotes savoms reikm\u0117ms sunaudojantys gamintojai ir importuotojai, privalantys vykdyti pakuo\u010di\u0173 apskait\u0105 pakuo\u010di\u0173 ir pakuo\u010di\u0173 atliek\u0173 tvarkymo taisykl\u0117se, nustatyta tvarka.<\/span><\/p><\/li><\/ul><\/div>\n\t\t\t\t<\/div>\n\t\t\t\t\t<\/div>\n\t\t\t\t\t\t<\/div>\n\t\t\t\t<\/div>\n\t\t\t\t<\/div>\n\t\t\t\t\t<\/div>\n\t\t\t\t<\/div>\n\t\t\t\t<\/div>\n\t\t","protected":false},"excerpt":{"rendered":"<p>\u012emon\u0117ms, kurios per kalendorinius metus pateikia ne daugiau kaip 0,5 tonos pakuo\u010di\u0173 privalo b\u016bti registruotos GPAIS s\u0105vade ir pildyti GPAIS ataskaitas, nors ir yra atleid\u017eiamos nuo pareigos mok\u0117ti mokest\u012f u\u017e aplinkos ter\u0161im\u0105 ir teikti deklaracijas.<\/p>\n","protected":false},"featured_media":106423,"template":"","meta":{"_acf_changed":false},"product_brand":[],"product_cat":[39],"product_tag":[],"class_list":{"0":"post-102670","1":"product","2":"type-product","3":"status-publish","4":"has-post-thumbnail","6":"product_cat-all-products","8":"first","9":"instock","10":"sold-individually","11":"shipping-taxable","12":"purchasable","13":"product-type-simple"},"acf":[],"aioseo_notices":[],"yoast_head":"<!-- This site is optimized with the Yoast SEO plugin v27.3 - https:\/\/yoast.com\/product\/yoast-seo-wordpress\/ -->\n<title>GPAIS apskaitos konsultacija - ELVkonsultacijos.lt<\/title>\n<meta name=\"robots\" content=\"index, follow, max-snippet:-1, max-image-preview:large, max-video-preview:-1\" \/>\n<link rel=\"canonical\" href=\"https:\/\/elvkonsultacijos.lt\/en\/paslaugos\/gpais-apskaitos-konsultacija\/\" \/>\n<meta property=\"og:locale\" content=\"en_US\" \/>\n<meta property=\"og:type\" content=\"article\" \/>\n<meta property=\"og:title\" content=\"GPAIS apskaitos konsultacija - ELVkonsultacijos.lt\" \/>\n<meta property=\"og:description\" content=\"\u012emon\u0117ms, kurios per kalendorinius metus pateikia ne daugiau kaip 0,5 tonos pakuo\u010di\u0173 privalo b\u016bti registruotos GPAIS s\u0105vade ir pildyti GPAIS ataskaitas, nors ir yra atleid\u017eiamos nuo pareigos mok\u0117ti mokest\u012f u\u017e aplinkos ter\u0161im\u0105 ir teikti deklaracijas.\" \/>\n<meta property=\"og:url\" content=\"https:\/\/elvkonsultacijos.lt\/en\/paslaugos\/gpais-apskaitos-konsultacija\/\" \/>\n<meta property=\"og:site_name\" content=\"ELVkonsultacijos.lt\" \/>\n<meta property=\"article:publisher\" content=\"https:\/\/www.facebook.com\/elvprojektai.lt\/\" \/>\n<meta property=\"article:modified_time\" content=\"2025-10-03T11:47:21+00:00\" \/>\n<meta property=\"og:image\" content=\"https:\/\/elvkonsultacijos.lt\/wp-content\/uploads\/2024\/10\/DSC_9540-scaled.jpg\" \/>\n\t<meta property=\"og:image:width\" content=\"2560\" \/>\n\t<meta property=\"og:image:height\" content=\"1707\" \/>\n\t<meta property=\"og:image:type\" content=\"image\/jpeg\" \/>\n<meta name=\"twitter:card\" content=\"summary_large_image\" \/>\n<meta name=\"twitter:label1\" content=\"Est. reading time\" \/>\n\t<meta name=\"twitter:data1\" content=\"2 minutes\" \/>\n<script type=\"application\/ld+json\" class=\"yoast-schema-graph\">{\"@context\":\"https:\\\/\\\/schema.org\",\"@graph\":[{\"@type\":\"WebPage\",\"@id\":\"https:\\\/\\\/elvkonsultacijos.lt\\\/en\\\/paslaugos\\\/gpais-apskaitos-konsultacija\\\/\",\"url\":\"https:\\\/\\\/elvkonsultacijos.lt\\\/en\\\/paslaugos\\\/gpais-apskaitos-konsultacija\\\/\",\"name\":\"GPAIS apskaitos konsultacija - ELVkonsultacijos.lt\",\"isPartOf\":{\"@id\":\"https:\\\/\\\/elvkonsultacijos.lt\\\/en\\\/#website\"},\"primaryImageOfPage\":{\"@id\":\"https:\\\/\\\/elvkonsultacijos.lt\\\/en\\\/paslaugos\\\/gpais-apskaitos-konsultacija\\\/#primaryimage\"},\"image\":{\"@id\":\"https:\\\/\\\/elvkonsultacijos.lt\\\/en\\\/paslaugos\\\/gpais-apskaitos-konsultacija\\\/#primaryimage\"},\"thumbnailUrl\":\"https:\\\/\\\/elvkonsultacijos.lt\\\/wp-content\\\/uploads\\\/2024\\\/10\\\/DSC_9540-scaled.jpg\",\"datePublished\":\"2024-10-25T12:27:04+00:00\",\"dateModified\":\"2025-10-03T11:47:21+00:00\",\"breadcrumb\":{\"@id\":\"https:\\\/\\\/elvkonsultacijos.lt\\\/en\\\/paslaugos\\\/gpais-apskaitos-konsultacija\\\/#breadcrumb\"},\"inLanguage\":\"en-US\",\"potentialAction\":[{\"@type\":\"ReadAction\",\"target\":[\"https:\\\/\\\/elvkonsultacijos.lt\\\/en\\\/paslaugos\\\/gpais-apskaitos-konsultacija\\\/\"]}]},{\"@type\":\"ImageObject\",\"inLanguage\":\"en-US\",\"@id\":\"https:\\\/\\\/elvkonsultacijos.lt\\\/en\\\/paslaugos\\\/gpais-apskaitos-konsultacija\\\/#primaryimage\",\"url\":\"https:\\\/\\\/elvkonsultacijos.lt\\\/wp-content\\\/uploads\\\/2024\\\/10\\\/DSC_9540-scaled.jpg\",\"contentUrl\":\"https:\\\/\\\/elvkonsultacijos.lt\\\/wp-content\\\/uploads\\\/2024\\\/10\\\/DSC_9540-scaled.jpg\",\"width\":2560,\"height\":1707},{\"@type\":\"BreadcrumbList\",\"@id\":\"https:\\\/\\\/elvkonsultacijos.lt\\\/en\\\/paslaugos\\\/gpais-apskaitos-konsultacija\\\/#breadcrumb\",\"itemListElement\":[{\"@type\":\"ListItem\",\"position\":1,\"name\":\"Home\",\"item\":\"https:\\\/\\\/elvkonsultacijos.lt\\\/en\\\/\"},{\"@type\":\"ListItem\",\"position\":2,\"name\":\"Products\",\"item\":\"https:\\\/\\\/elvkonsultacijos.lt\\\/en\\\/shop\\\/\"},{\"@type\":\"ListItem\",\"position\":3,\"name\":\"GPAIS apskaitos konsultacija\"}]},{\"@type\":\"WebSite\",\"@id\":\"https:\\\/\\\/elvkonsultacijos.lt\\\/en\\\/#website\",\"url\":\"https:\\\/\\\/elvkonsultacijos.lt\\\/en\\\/\",\"name\":\"ELV Konsultacijos\",\"description\":\"Buhalterin\u0117s apskaitos konsultacijos internetu\",\"publisher\":{\"@id\":\"https:\\\/\\\/elvkonsultacijos.lt\\\/en\\\/#organization\"},\"potentialAction\":[{\"@type\":\"SearchAction\",\"target\":{\"@type\":\"EntryPoint\",\"urlTemplate\":\"https:\\\/\\\/elvkonsultacijos.lt\\\/en\\\/?s={search_term_string}\"},\"query-input\":{\"@type\":\"PropertyValueSpecification\",\"valueRequired\":true,\"valueName\":\"search_term_string\"}}],\"inLanguage\":\"en-US\"},{\"@type\":\"Organization\",\"@id\":\"https:\\\/\\\/elvkonsultacijos.lt\\\/en\\\/#organization\",\"name\":\"ELV Projektai\",\"url\":\"https:\\\/\\\/elvkonsultacijos.lt\\\/en\\\/\",\"logo\":{\"@type\":\"ImageObject\",\"inLanguage\":\"en-US\",\"@id\":\"https:\\\/\\\/elvkonsultacijos.lt\\\/en\\\/#\\\/schema\\\/logo\\\/image\\\/\",\"url\":\"https:\\\/\\\/elvkonsultacijos.lt\\\/wp-content\\\/uploads\\\/2024\\\/10\\\/logo.png\",\"contentUrl\":\"https:\\\/\\\/elvkonsultacijos.lt\\\/wp-content\\\/uploads\\\/2024\\\/10\\\/logo.png\",\"width\":1500,\"height\":291,\"caption\":\"ELV Projektai\"},\"image\":{\"@id\":\"https:\\\/\\\/elvkonsultacijos.lt\\\/en\\\/#\\\/schema\\\/logo\\\/image\\\/\"},\"sameAs\":[\"https:\\\/\\\/www.facebook.com\\\/elvprojektai.lt\\\/\"]}]}<\/script>\n<!-- \/ Yoast SEO plugin. -->","yoast_head_json":{"title":"GPAIS apskaitos konsultacija - ELVkonsultacijos.lt","robots":{"index":"index","follow":"follow","max-snippet":"max-snippet:-1","max-image-preview":"max-image-preview:large","max-video-preview":"max-video-preview:-1"},"canonical":"https:\/\/elvkonsultacijos.lt\/en\/paslaugos\/gpais-apskaitos-konsultacija\/","og_locale":"en_US","og_type":"article","og_title":"GPAIS apskaitos konsultacija - ELVkonsultacijos.lt","og_description":"\u012emon\u0117ms, kurios per kalendorinius metus pateikia ne daugiau kaip 0,5 tonos pakuo\u010di\u0173 privalo b\u016bti registruotos GPAIS s\u0105vade ir pildyti GPAIS ataskaitas, nors ir yra atleid\u017eiamos nuo pareigos mok\u0117ti mokest\u012f u\u017e aplinkos ter\u0161im\u0105 ir teikti deklaracijas.","og_url":"https:\/\/elvkonsultacijos.lt\/en\/paslaugos\/gpais-apskaitos-konsultacija\/","og_site_name":"ELVkonsultacijos.lt","article_publisher":"https:\/\/www.facebook.com\/elvprojektai.lt\/","article_modified_time":"2025-10-03T11:47:21+00:00","og_image":[{"width":2560,"height":1707,"url":"https:\/\/elvkonsultacijos.lt\/wp-content\/uploads\/2024\/10\/DSC_9540-scaled.jpg","type":"image\/jpeg"}],"twitter_card":"summary_large_image","twitter_misc":{"Est. reading time":"2 minutes"},"schema":{"@context":"https:\/\/schema.org","@graph":[{"@type":"WebPage","@id":"https:\/\/elvkonsultacijos.lt\/en\/paslaugos\/gpais-apskaitos-konsultacija\/","url":"https:\/\/elvkonsultacijos.lt\/en\/paslaugos\/gpais-apskaitos-konsultacija\/","name":"GPAIS apskaitos konsultacija - ELVkonsultacijos.lt","isPartOf":{"@id":"https:\/\/elvkonsultacijos.lt\/en\/#website"},"primaryImageOfPage":{"@id":"https:\/\/elvkonsultacijos.lt\/en\/paslaugos\/gpais-apskaitos-konsultacija\/#primaryimage"},"image":{"@id":"https:\/\/elvkonsultacijos.lt\/en\/paslaugos\/gpais-apskaitos-konsultacija\/#primaryimage"},"thumbnailUrl":"https:\/\/elvkonsultacijos.lt\/wp-content\/uploads\/2024\/10\/DSC_9540-scaled.jpg","datePublished":"2024-10-25T12:27:04+00:00","dateModified":"2025-10-03T11:47:21+00:00","breadcrumb":{"@id":"https:\/\/elvkonsultacijos.lt\/en\/paslaugos\/gpais-apskaitos-konsultacija\/#breadcrumb"},"inLanguage":"en-US","potentialAction":[{"@type":"ReadAction","target":["https:\/\/elvkonsultacijos.lt\/en\/paslaugos\/gpais-apskaitos-konsultacija\/"]}]},{"@type":"ImageObject","inLanguage":"en-US","@id":"https:\/\/elvkonsultacijos.lt\/en\/paslaugos\/gpais-apskaitos-konsultacija\/#primaryimage","url":"https:\/\/elvkonsultacijos.lt\/wp-content\/uploads\/2024\/10\/DSC_9540-scaled.jpg","contentUrl":"https:\/\/elvkonsultacijos.lt\/wp-content\/uploads\/2024\/10\/DSC_9540-scaled.jpg","width":2560,"height":1707},{"@type":"BreadcrumbList","@id":"https:\/\/elvkonsultacijos.lt\/en\/paslaugos\/gpais-apskaitos-konsultacija\/#breadcrumb","itemListElement":[{"@type":"ListItem","position":1,"name":"Home","item":"https:\/\/elvkonsultacijos.lt\/en\/"},{"@type":"ListItem","position":2,"name":"Products","item":"https:\/\/elvkonsultacijos.lt\/en\/shop\/"},{"@type":"ListItem","position":3,"name":"GPAIS apskaitos konsultacija"}]},{"@type":"WebSite","@id":"https:\/\/elvkonsultacijos.lt\/en\/#website","url":"https:\/\/elvkonsultacijos.lt\/en\/","name":"ELV Konsultacijos","description":"Buhalterin\u0117s apskaitos konsultacijos internetu","publisher":{"@id":"https:\/\/elvkonsultacijos.lt\/en\/#organization"},"potentialAction":[{"@type":"SearchAction","target":{"@type":"EntryPoint","urlTemplate":"https:\/\/elvkonsultacijos.lt\/en\/?s={search_term_string}"},"query-input":{"@type":"PropertyValueSpecification","valueRequired":true,"valueName":"search_term_string"}}],"inLanguage":"en-US"},{"@type":"Organization","@id":"https:\/\/elvkonsultacijos.lt\/en\/#organization","name":"ELV Projektai","url":"https:\/\/elvkonsultacijos.lt\/en\/","logo":{"@type":"ImageObject","inLanguage":"en-US","@id":"https:\/\/elvkonsultacijos.lt\/en\/#\/schema\/logo\/image\/","url":"https:\/\/elvkonsultacijos.lt\/wp-content\/uploads\/2024\/10\/logo.png","contentUrl":"https:\/\/elvkonsultacijos.lt\/wp-content\/uploads\/2024\/10\/logo.png","width":1500,"height":291,"caption":"ELV Projektai"},"image":{"@id":"https:\/\/elvkonsultacijos.lt\/en\/#\/schema\/logo\/image\/"},"sameAs":["https:\/\/www.facebook.com\/elvprojektai.lt\/"]}]}},"_links":{"self":[{"href":"https:\/\/elvkonsultacijos.lt\/en\/wp-json\/wp\/v2\/product\/102670","targetHints":{"allow":["GET"]}}],"collection":[{"href":"https:\/\/elvkonsultacijos.lt\/en\/wp-json\/wp\/v2\/product"}],"about":[{"href":"https:\/\/elvkonsultacijos.lt\/en\/wp-json\/wp\/v2\/types\/product"}],"version-history":[{"count":6,"href":"https:\/\/elvkonsultacijos.lt\/en\/wp-json\/wp\/v2\/product\/102670\/revisions"}],"predecessor-version":[{"id":106462,"href":"https:\/\/elvkonsultacijos.lt\/en\/wp-json\/wp\/v2\/product\/102670\/revisions\/106462"}],"wp:featuredmedia":[{"embeddable":true,"href":"https:\/\/elvkonsultacijos.lt\/en\/wp-json\/wp\/v2\/media\/106423"}],"wp:attachment":[{"href":"https:\/\/elvkonsultacijos.lt\/en\/wp-json\/wp\/v2\/media?parent=102670"}],"wp:term":[{"taxonomy":"product_brand","embeddable":true,"href":"https:\/\/elvkonsultacijos.lt\/en\/wp-json\/wp\/v2\/product_brand?post=102670"},{"taxonomy":"product_cat","embeddable":true,"href":"https:\/\/elvkonsultacijos.lt\/en\/wp-json\/wp\/v2\/product_cat?post=102670"},{"taxonomy":"product_tag","embeddable":true,"href":"https:\/\/elvkonsultacijos.lt\/en\/wp-json\/wp\/v2\/product_tag?post=102670"}],"curies":[{"name":"wp","href":"https:\/\/api.w.org\/{rel}","templated":true}]}}