{"id":103924,"date":"2024-11-28T09:39:15","date_gmt":"2024-11-28T09:39:15","guid":{"rendered":"http:\/\/elvkonsultacijos.lt\/?post_type=product&#038;p=103924"},"modified":"2025-09-25T16:47:24","modified_gmt":"2025-09-25T16:47:24","slug":"tarptautiniu-transporto-licenciju-gavimo-tvarkymas","status":"publish","type":"product","link":"https:\/\/elvkonsultacijos.lt\/en\/paslaugos\/tarptautiniu-transporto-licenciju-gavimo-tvarkymas\/","title":{"rendered":"Tarptautini\u0173 Transporto licencij\u0173 gavimo tvarkymas"},"content":{"rendered":"\t\t<div data-elementor-type=\"product-post\" data-elementor-id=\"103924\" class=\"elementor elementor-103924\" data-elementor-post-type=\"product\">\n\t\t\t\t<div class=\"elementor-element elementor-element-4374f70 e-flex e-con-boxed e-con e-parent\" data-id=\"4374f70\" data-element_type=\"container\" data-e-type=\"container\">\n\t\t\t\t\t<div class=\"e-con-inner\">\n\t\t\t\t<div class=\"elementor-element elementor-element-5c0325e elementor-widget elementor-widget-text-editor\" data-id=\"5c0325e\" data-element_type=\"widget\" data-e-type=\"widget\" data-widget_type=\"text-editor.default\">\n\t\t\t\t<div class=\"elementor-widget-container\">\n\t\t\t\t\t\t\t\t\t<p><b>Tarptautin\u0117 transporto licencija<\/b> \u2013 tai oficialus leidimas, kur\u012f transporto \u012fmon\u0117 turi gauti, nor\u0117dama vykdyti krovini\u0173 ar keleivi\u0173 perve\u017eimus tarp skirting\u0173 \u0161ali\u0173. \u0160i licencija leid\u017eia ve\u017e\u0117jams vykdyti komercinius transporto paslaug\u0173 teikimus tarptautiniu mastu, u\u017etikrinant, kad jie atitinka visus teisinius, finansinius ir techninius reikalavimus, nustatytus tiek \u0161alies, tiek tarptautin\u0117se sutartyse.<\/p><p>&lt;span&#8221;&gt;<b>Tarptautin\u0117s transporto licencijos tikslas<\/b> \u2013 reguliuoti ir kontroliuoti transporto veikl\u0105, kad b\u016bt\u0173 u\u017etikrinta sauga, aplinkos apsauga ir s\u0105\u017eininga konkurencija. Da\u017eniausiai toki\u0105 licencij\u0105 i\u0161duoda atitinkamos valstyb\u0117s institucijos, o tam tikrose srityse gali b\u016bti reikalaujama ir papildom\u0173 leidim\u0173, priklausomai nuo konkre\u010di\u0173 \u0161ali\u0173 susitarim\u0173 ir taisykli\u0173.<\/p><p>Paslaugos atlikimo terminas \u2013 nuo 2 darbo dien\u0173 po dokument\u0173 pasira\u0161ymo, priklausomai nuo individuali\u0173 aplinkybi\u0173.<\/p>\t\t\t\t\t\t\t\t<\/div>\n\t\t\t\t<\/div>\n\t\t\t\t<div class=\"elementor-element elementor-element-9cce286 calendar-accordion elementor-widget elementor-widget-n-accordion\" data-id=\"9cce286\" data-element_type=\"widget\" data-e-type=\"widget\" data-settings=\"{&quot;default_state&quot;:&quot;expanded&quot;,&quot;max_items_expended&quot;:&quot;one&quot;,&quot;n_accordion_animation_duration&quot;:{&quot;unit&quot;:&quot;ms&quot;,&quot;size&quot;:400,&quot;sizes&quot;:[]}}\" data-widget_type=\"nested-accordion.default\">\n\t\t\t\t<div class=\"elementor-widget-container\">\n\t\t\t\t\t\t\t<div class=\"e-n-accordion\" aria-label=\"Accordion. Open links with Enter or Space, close with Escape, and navigate with Arrow Keys\">\n\t\t\t\t\t\t<details id=\"e-n-accordion-item-1640\" class=\"e-n-accordion-item\" open>\n\t\t\t\t<summary class=\"e-n-accordion-item-title\" data-accordion-index=\"1\" tabindex=\"0\" aria-expanded=\"true\" aria-controls=\"e-n-accordion-item-1640\" >\n\t\t\t\t\t<span class='e-n-accordion-item-title-header'><div class=\"e-n-accordion-item-title-text\"> Pasirinkite skambu\u010dio dat\u0105 ir laik\u0105 <\/div><\/span>\n\t\t\t\t\t\t\t<span class='e-n-accordion-item-title-icon'>\n\t\t\t<span class='e-opened' ><svg xmlns=\"http:\/\/www.w3.org\/2000\/svg\" viewBox=\"0 0 256 256\" fill=\"currentColor\"><path d=\"M213.66,101.66l-80,80a8,8,0,0,1-11.32,0l-80-80A8,8,0,0,1,53.66,90.34L128,164.69l74.34-74.35a8,8,0,0,1,11.32,11.32Z\"><\/path><\/svg><\/span>\n\t\t\t<span class='e-closed'><svg xmlns=\"http:\/\/www.w3.org\/2000\/svg\" viewBox=\"0 0 256 256\" fill=\"currentColor\"><path d=\"M213.66,165.66a8,8,0,0,1-11.32,0L128,91.31,53.66,165.66a8,8,0,0,1-11.32-11.32l80-80a8,8,0,0,1,11.32,0l80,80A8,8,0,0,1,213.66,165.66Z\"><\/path><\/svg><\/span>\n\t\t<\/span>\n\n\t\t\t\t\t\t<\/summary>\n\t\t\t\t<div role=\"region\" aria-labelledby=\"e-n-accordion-item-1640\" class=\"elementor-element elementor-element-3672c86 e-con-full e-flex e-con e-child\" data-id=\"3672c86\" data-element_type=\"container\" data-e-type=\"container\">\n\t\t\t\t<div class=\"elementor-element elementor-element-ca62a24 elementor-widget elementor-widget-shortcode\" data-id=\"ca62a24\" data-element_type=\"widget\" data-e-type=\"widget\" data-widget_type=\"shortcode.default\">\n\t\t\t\t<div class=\"elementor-widget-container\">\n\t\t\t\t\t\t\t<div class=\"elementor-shortcode\"><div class=\"react-app-container\">\n            <div\n                id=\"react-app-69ff294d23767\"\n                data-product-name=\"\"\n                data-product-id=\"\"\n            >\n            <\/div>\n        <\/div><\/div>\n\t\t\t\t\t\t<\/div>\n\t\t\t\t<\/div>\n\t\t\t\t<\/div>\n\t\t\t\t\t<\/details>\n\t\t\t\t\t<\/div>\n\t\t\t\t\t\t<\/div>\n\t\t\t\t<\/div>\n\t\t<div class=\"elementor-element elementor-element-43957ec e-con-full e-flex e-con e-child\" data-id=\"43957ec\" data-element_type=\"container\" data-e-type=\"container\">\n\t\t\t\t<div class=\"elementor-element elementor-element-216edab elementor-widget elementor-widget-the7-heading\" data-id=\"216edab\" data-element_type=\"widget\" data-e-type=\"widget\" data-widget_type=\"the7-heading.default\">\n\t\t\t\t<div class=\"elementor-widget-container\">\n\t\t\t\t\t<h2 class=\"the7-heading-title elementor-size-default\">Papildoma informacija apie paslaug\u0105<\/h2>\t\t\t\t<\/div>\n\t\t\t\t<\/div>\n\t\t\t\t<div class=\"elementor-element elementor-element-40f5f86 product-additional-info elementor-widget elementor-widget-the7-accordion\" data-id=\"40f5f86\" data-element_type=\"widget\" data-e-type=\"widget\" data-widget_type=\"the7-accordion.default\">\n\t\t\t\t<div class=\"elementor-widget-container\">\n\t\t\t\t\t\t\t<div class=\"elementor-accordion the7-adv-accordion\" data-accordion-type=\"accordion\" role=\"tablist\">\n\t\t\t\t\t\t\t<div class=\"elementor-accordion-item\">\n\t\t\t\t\t<h4 id=\"elementor-tab-title-6811\" class=\"elementor-tab-title the7-accordion-header deactive-default\" data-tab=\"1\" role=\"tab\" aria-controls=\"elementor-tab-content-6811\">\n\n\t\t\t\t\t\t\t\t\t\t\t\t\t<span class=\"elementor-accordion-icon elementor-accordion-icon-right\" aria-hidden=\"true\">\n\t\t\t\t\t\t\t\t\t\t\t\t\t\t\t<span class=\"elementor-accordion-icon-closed\"><svg xmlns=\"http:\/\/www.w3.org\/2000\/svg\" viewBox=\"0 0 256 256\" fill=\"currentColor\"><path d=\"M213.66,101.66l-80,80a8,8,0,0,1-11.32,0l-80-80A8,8,0,0,1,53.66,90.34L128,164.69l74.34-74.35a8,8,0,0,1,11.32,11.32Z\"><\/path><\/svg><\/span>\n\t\t\t\t\t\t\t\t\t\t\t\t\t\t\t\t\t<span class=\"elementor-accordion-icon-opened\"><svg xmlns=\"http:\/\/www.w3.org\/2000\/svg\" viewBox=\"0 0 256 256\" fill=\"currentColor\"><path d=\"M213.66,165.66a8,8,0,0,1-11.32,0L128,91.31,53.66,165.66a8,8,0,0,1-11.32-11.32l80-80a8,8,0,0,1,11.32,0l80,80A8,8,0,0,1,213.66,165.66Z\"><\/path><\/svg><\/span>\n\t\t\t\t\t\t\t\t\t\t\t\t\t\t\t\t\t\t\t\t\t\t<\/span>\n\t\t\t\t\t\t\t\t\t\t\t\t\t\t\t\t\t\t<a class=\"elementor-accordion-title\" href=\"\">Pagrindin\u0117s prie\u017eastys, kod\u0117l reikalinga tur\u0117ti tarptautin\u0119 transporto licencij\u0105:<\/a>\n\t\t\t\t\t<\/h4>\n\t\t\t\t\t<div id=\"elementor-tab-content-6811\" class=\"elementor-tab-content elementor-clearfix deactive-default\" data-tab=\"1\" role=\"tabpanel\" aria-labelledby=\"elementor-tab-title-6811\"><ul><li><p><span style=\"font-size: medium;\"><b>Teisiniai reikalavimai<\/b><\/span><span style=\"font-size: medium;\">: Tarptautin\u0117s perve\u017eimo paslaugos yra reglamentuojamos nacionaliniais ir tarptautiniais \u012fstatymais. Licencija suteikia teis\u0119 vykdyti perve\u017eimus pagal nustatytus teis\u0117s aktus ir u\u017etikrina, kad transporto \u012fmon\u0117 atitinka \u0161iuos reikalavimus;<\/span><\/p><\/li><li><p><span style=\"font-size: medium;\"><b>Kokyb\u0117s ir saugumo standartai<\/b><\/span><span style=\"font-size: medium;\">: Licencija u\u017etikrina, kad transporto \u012fmon\u0117s, turin\u010dios teis\u0119 vykdyti tarptautinius perve\u017eimus, laikosi auk\u0161t\u0173 paslaug\u0173 kokyb\u0117s ir saugumo standart\u0173. Tai apima tiek transporto priemoni\u0173 b\u016bkl\u0119, tiek vairuotoj\u0173 kvalifikacij\u0105 ir darbo s\u0105lygas;<\/span><\/p><\/li><li><p><span style=\"font-size: medium;\"><b>Konkuravimas tarptautin\u0117je rinkoje<\/b><\/span><span style=\"font-size: medium;\">: Turint tarptautin\u0119 transporto licencij\u0105, \u012fmon\u0117 gali dalyvauti tarptautiniuose perve\u017eimuose, ko negal\u0117t\u0173 padaryti be licencijos. Tai padeda \u012fmon\u0117ms pritraukti ne tik vietinius, bet ir tarptautinius klientus;<\/span><\/p><\/li><li><p><span style=\"font-size: medium;\"><b>Mokes\u010di\u0173 ir kit\u0173 reguliavim\u0173 laikymasis<\/b><\/span><span style=\"font-size: medium;\">: Tarptautin\u0117s transporto licencijos padeda u\u017etikrinti, kad \u012fmon\u0117 laikosi vis\u0173 mokestini\u0173 ir reguliavimo reikalavim\u0173 &#8211; leidimai, mokes\u010diai u\u017e kelius, darbo laiko apribojimai ir kiti specifiniai \u012fstatymai, taikomi tarptautiniams perve\u017eimams;<\/span><\/p><\/li><li><p><span style=\"font-size: medium;\"><b>U\u017etikrinti atsakomyb\u0117s ir draudimo klausimai<\/b><\/span><span style=\"font-size: medium;\">: Tarptautin\u0117 licencija leid\u017eia u\u017etikrinti, kad transporto \u012fmon\u0117s turi tinkam\u0105 draudim\u0105 ir visas atsakomyb\u0117s garantijas, kai vykdo perve\u017eimus u\u017esienyje. Tai svarbu ne tik \u012fmonei, bet ir u\u017esakovams ir galutiniams vartotojams.<\/span><\/p><\/li><\/ul><\/div>\n\t\t\t\t<\/div>\n\t\t\t\t\t<\/div>\n\t\t\t\t\t\t<\/div>\n\t\t\t\t<\/div>\n\t\t\t\t<\/div>\n\t\t\t\t\t<\/div>\n\t\t\t\t<\/div>\n\t\t\t\t<\/div>\n\t\t","protected":false},"excerpt":{"rendered":"<p>Tarptautin\u0117 transporto licencija \u2013 tai oficialus leidimas, kur\u012f transporto \u012fmon\u0117 turi gauti, nor\u0117dama vykdyti krovini\u0173 ar keleivi\u0173 perve\u017eimus tarp skirting\u0173 \u0161ali\u0173. \u0160i licencija leid\u017eia ve\u017e\u0117jams vykdyti komercinius transporto paslaug\u0173 teikimus tarptautiniu mastu, u\u017etikrinant, kad jie atitinka visus teisinius, finansinius ir techninius reikalavimus, nustatytus tiek \u0161alies, tiek tarptautin\u0117se sutartyse.<\/p>\n","protected":false},"featured_media":104496,"template":"","meta":{"_acf_changed":false},"product_brand":[],"product_cat":[39],"product_tag":[],"class_list":{"0":"post-103924","1":"product","2":"type-product","3":"status-publish","4":"has-post-thumbnail","6":"product_cat-all-products","8":"first","9":"instock","10":"sold-individually","11":"shipping-taxable","12":"purchasable","13":"product-type-variable"},"acf":[],"aioseo_notices":[],"yoast_head":"<!-- This site is optimized with the Yoast SEO plugin v27.3 - https:\/\/yoast.com\/product\/yoast-seo-wordpress\/ -->\n<title>Tarptautini\u0173 Transporto licencij\u0173 gavimo tvarkymas - ELVkonsultacijos.lt<\/title>\n<meta name=\"robots\" content=\"index, follow, max-snippet:-1, max-image-preview:large, max-video-preview:-1\" \/>\n<link rel=\"canonical\" href=\"https:\/\/elvkonsultacijos.lt\/en\/paslaugos\/tarptautiniu-transporto-licenciju-gavimo-tvarkymas\/\" \/>\n<meta property=\"og:locale\" content=\"en_US\" \/>\n<meta property=\"og:type\" content=\"article\" \/>\n<meta property=\"og:title\" content=\"Tarptautini\u0173 Transporto licencij\u0173 gavimo tvarkymas - ELVkonsultacijos.lt\" \/>\n<meta property=\"og:description\" content=\"Tarptautin\u0117 transporto licencija \u2013 tai oficialus leidimas, kur\u012f transporto \u012fmon\u0117 turi gauti, nor\u0117dama vykdyti krovini\u0173 ar keleivi\u0173 perve\u017eimus tarp skirting\u0173 \u0161ali\u0173. \u0160i licencija leid\u017eia ve\u017e\u0117jams vykdyti komercinius transporto paslaug\u0173 teikimus tarptautiniu mastu, u\u017etikrinant, kad jie atitinka visus teisinius, finansinius ir techninius reikalavimus, nustatytus tiek \u0161alies, tiek tarptautin\u0117se sutartyse.\" \/>\n<meta property=\"og:url\" content=\"https:\/\/elvkonsultacijos.lt\/en\/paslaugos\/tarptautiniu-transporto-licenciju-gavimo-tvarkymas\/\" \/>\n<meta property=\"og:site_name\" content=\"ELVkonsultacijos.lt\" \/>\n<meta property=\"article:publisher\" content=\"https:\/\/www.facebook.com\/elvprojektai.lt\/\" \/>\n<meta property=\"article:modified_time\" content=\"2025-09-25T16:47:24+00:00\" \/>\n<meta property=\"og:image\" content=\"https:\/\/elvkonsultacijos.lt\/wp-content\/uploads\/2024\/11\/Group-21.png\" \/>\n\t<meta property=\"og:image:width\" content=\"548\" \/>\n\t<meta property=\"og:image:height\" content=\"285\" \/>\n\t<meta property=\"og:image:type\" content=\"image\/png\" \/>\n<meta name=\"twitter:card\" content=\"summary_large_image\" \/>\n<meta name=\"twitter:label1\" content=\"Est. reading time\" \/>\n\t<meta name=\"twitter:data1\" content=\"2 minutes\" \/>\n<script type=\"application\/ld+json\" class=\"yoast-schema-graph\">{\"@context\":\"https:\\\/\\\/schema.org\",\"@graph\":[{\"@type\":\"WebPage\",\"@id\":\"https:\\\/\\\/elvkonsultacijos.lt\\\/en\\\/paslaugos\\\/tarptautiniu-transporto-licenciju-gavimo-tvarkymas\\\/\",\"url\":\"https:\\\/\\\/elvkonsultacijos.lt\\\/en\\\/paslaugos\\\/tarptautiniu-transporto-licenciju-gavimo-tvarkymas\\\/\",\"name\":\"Tarptautini\u0173 Transporto licencij\u0173 gavimo tvarkymas - ELVkonsultacijos.lt\",\"isPartOf\":{\"@id\":\"https:\\\/\\\/elvkonsultacijos.lt\\\/en\\\/#website\"},\"primaryImageOfPage\":{\"@id\":\"https:\\\/\\\/elvkonsultacijos.lt\\\/en\\\/paslaugos\\\/tarptautiniu-transporto-licenciju-gavimo-tvarkymas\\\/#primaryimage\"},\"image\":{\"@id\":\"https:\\\/\\\/elvkonsultacijos.lt\\\/en\\\/paslaugos\\\/tarptautiniu-transporto-licenciju-gavimo-tvarkymas\\\/#primaryimage\"},\"thumbnailUrl\":\"https:\\\/\\\/elvkonsultacijos.lt\\\/wp-content\\\/uploads\\\/2024\\\/11\\\/Group-21.png\",\"datePublished\":\"2024-11-28T09:39:15+00:00\",\"dateModified\":\"2025-09-25T16:47:24+00:00\",\"breadcrumb\":{\"@id\":\"https:\\\/\\\/elvkonsultacijos.lt\\\/en\\\/paslaugos\\\/tarptautiniu-transporto-licenciju-gavimo-tvarkymas\\\/#breadcrumb\"},\"inLanguage\":\"en-US\",\"potentialAction\":[{\"@type\":\"ReadAction\",\"target\":[\"https:\\\/\\\/elvkonsultacijos.lt\\\/en\\\/paslaugos\\\/tarptautiniu-transporto-licenciju-gavimo-tvarkymas\\\/\"]}]},{\"@type\":\"ImageObject\",\"inLanguage\":\"en-US\",\"@id\":\"https:\\\/\\\/elvkonsultacijos.lt\\\/en\\\/paslaugos\\\/tarptautiniu-transporto-licenciju-gavimo-tvarkymas\\\/#primaryimage\",\"url\":\"https:\\\/\\\/elvkonsultacijos.lt\\\/wp-content\\\/uploads\\\/2024\\\/11\\\/Group-21.png\",\"contentUrl\":\"https:\\\/\\\/elvkonsultacijos.lt\\\/wp-content\\\/uploads\\\/2024\\\/11\\\/Group-21.png\",\"width\":548,\"height\":285},{\"@type\":\"BreadcrumbList\",\"@id\":\"https:\\\/\\\/elvkonsultacijos.lt\\\/en\\\/paslaugos\\\/tarptautiniu-transporto-licenciju-gavimo-tvarkymas\\\/#breadcrumb\",\"itemListElement\":[{\"@type\":\"ListItem\",\"position\":1,\"name\":\"Home\",\"item\":\"https:\\\/\\\/elvkonsultacijos.lt\\\/en\\\/\"},{\"@type\":\"ListItem\",\"position\":2,\"name\":\"Products\",\"item\":\"https:\\\/\\\/elvkonsultacijos.lt\\\/en\\\/shop\\\/\"},{\"@type\":\"ListItem\",\"position\":3,\"name\":\"Tarptautini\u0173 Transporto licencij\u0173 gavimo tvarkymas\"}]},{\"@type\":\"WebSite\",\"@id\":\"https:\\\/\\\/elvkonsultacijos.lt\\\/en\\\/#website\",\"url\":\"https:\\\/\\\/elvkonsultacijos.lt\\\/en\\\/\",\"name\":\"ELV Konsultacijos\",\"description\":\"Buhalterin\u0117s apskaitos konsultacijos internetu\",\"publisher\":{\"@id\":\"https:\\\/\\\/elvkonsultacijos.lt\\\/en\\\/#organization\"},\"potentialAction\":[{\"@type\":\"SearchAction\",\"target\":{\"@type\":\"EntryPoint\",\"urlTemplate\":\"https:\\\/\\\/elvkonsultacijos.lt\\\/en\\\/?s={search_term_string}\"},\"query-input\":{\"@type\":\"PropertyValueSpecification\",\"valueRequired\":true,\"valueName\":\"search_term_string\"}}],\"inLanguage\":\"en-US\"},{\"@type\":\"Organization\",\"@id\":\"https:\\\/\\\/elvkonsultacijos.lt\\\/en\\\/#organization\",\"name\":\"ELV Projektai\",\"url\":\"https:\\\/\\\/elvkonsultacijos.lt\\\/en\\\/\",\"logo\":{\"@type\":\"ImageObject\",\"inLanguage\":\"en-US\",\"@id\":\"https:\\\/\\\/elvkonsultacijos.lt\\\/en\\\/#\\\/schema\\\/logo\\\/image\\\/\",\"url\":\"https:\\\/\\\/elvkonsultacijos.lt\\\/wp-content\\\/uploads\\\/2024\\\/10\\\/logo.png\",\"contentUrl\":\"https:\\\/\\\/elvkonsultacijos.lt\\\/wp-content\\\/uploads\\\/2024\\\/10\\\/logo.png\",\"width\":1500,\"height\":291,\"caption\":\"ELV Projektai\"},\"image\":{\"@id\":\"https:\\\/\\\/elvkonsultacijos.lt\\\/en\\\/#\\\/schema\\\/logo\\\/image\\\/\"},\"sameAs\":[\"https:\\\/\\\/www.facebook.com\\\/elvprojektai.lt\\\/\"]}]}<\/script>\n<!-- \/ Yoast SEO plugin. -->","yoast_head_json":{"title":"Tarptautini\u0173 Transporto licencij\u0173 gavimo tvarkymas - ELVkonsultacijos.lt","robots":{"index":"index","follow":"follow","max-snippet":"max-snippet:-1","max-image-preview":"max-image-preview:large","max-video-preview":"max-video-preview:-1"},"canonical":"https:\/\/elvkonsultacijos.lt\/en\/paslaugos\/tarptautiniu-transporto-licenciju-gavimo-tvarkymas\/","og_locale":"en_US","og_type":"article","og_title":"Tarptautini\u0173 Transporto licencij\u0173 gavimo tvarkymas - ELVkonsultacijos.lt","og_description":"Tarptautin\u0117 transporto licencija \u2013 tai oficialus leidimas, kur\u012f transporto \u012fmon\u0117 turi gauti, nor\u0117dama vykdyti krovini\u0173 ar keleivi\u0173 perve\u017eimus tarp skirting\u0173 \u0161ali\u0173. \u0160i licencija leid\u017eia ve\u017e\u0117jams vykdyti komercinius transporto paslaug\u0173 teikimus tarptautiniu mastu, u\u017etikrinant, kad jie atitinka visus teisinius, finansinius ir techninius reikalavimus, nustatytus tiek \u0161alies, tiek tarptautin\u0117se sutartyse.","og_url":"https:\/\/elvkonsultacijos.lt\/en\/paslaugos\/tarptautiniu-transporto-licenciju-gavimo-tvarkymas\/","og_site_name":"ELVkonsultacijos.lt","article_publisher":"https:\/\/www.facebook.com\/elvprojektai.lt\/","article_modified_time":"2025-09-25T16:47:24+00:00","og_image":[{"width":548,"height":285,"url":"https:\/\/elvkonsultacijos.lt\/wp-content\/uploads\/2024\/11\/Group-21.png","type":"image\/png"}],"twitter_card":"summary_large_image","twitter_misc":{"Est. reading time":"2 minutes"},"schema":{"@context":"https:\/\/schema.org","@graph":[{"@type":"WebPage","@id":"https:\/\/elvkonsultacijos.lt\/en\/paslaugos\/tarptautiniu-transporto-licenciju-gavimo-tvarkymas\/","url":"https:\/\/elvkonsultacijos.lt\/en\/paslaugos\/tarptautiniu-transporto-licenciju-gavimo-tvarkymas\/","name":"Tarptautini\u0173 Transporto licencij\u0173 gavimo tvarkymas - ELVkonsultacijos.lt","isPartOf":{"@id":"https:\/\/elvkonsultacijos.lt\/en\/#website"},"primaryImageOfPage":{"@id":"https:\/\/elvkonsultacijos.lt\/en\/paslaugos\/tarptautiniu-transporto-licenciju-gavimo-tvarkymas\/#primaryimage"},"image":{"@id":"https:\/\/elvkonsultacijos.lt\/en\/paslaugos\/tarptautiniu-transporto-licenciju-gavimo-tvarkymas\/#primaryimage"},"thumbnailUrl":"https:\/\/elvkonsultacijos.lt\/wp-content\/uploads\/2024\/11\/Group-21.png","datePublished":"2024-11-28T09:39:15+00:00","dateModified":"2025-09-25T16:47:24+00:00","breadcrumb":{"@id":"https:\/\/elvkonsultacijos.lt\/en\/paslaugos\/tarptautiniu-transporto-licenciju-gavimo-tvarkymas\/#breadcrumb"},"inLanguage":"en-US","potentialAction":[{"@type":"ReadAction","target":["https:\/\/elvkonsultacijos.lt\/en\/paslaugos\/tarptautiniu-transporto-licenciju-gavimo-tvarkymas\/"]}]},{"@type":"ImageObject","inLanguage":"en-US","@id":"https:\/\/elvkonsultacijos.lt\/en\/paslaugos\/tarptautiniu-transporto-licenciju-gavimo-tvarkymas\/#primaryimage","url":"https:\/\/elvkonsultacijos.lt\/wp-content\/uploads\/2024\/11\/Group-21.png","contentUrl":"https:\/\/elvkonsultacijos.lt\/wp-content\/uploads\/2024\/11\/Group-21.png","width":548,"height":285},{"@type":"BreadcrumbList","@id":"https:\/\/elvkonsultacijos.lt\/en\/paslaugos\/tarptautiniu-transporto-licenciju-gavimo-tvarkymas\/#breadcrumb","itemListElement":[{"@type":"ListItem","position":1,"name":"Home","item":"https:\/\/elvkonsultacijos.lt\/en\/"},{"@type":"ListItem","position":2,"name":"Products","item":"https:\/\/elvkonsultacijos.lt\/en\/shop\/"},{"@type":"ListItem","position":3,"name":"Tarptautini\u0173 Transporto licencij\u0173 gavimo tvarkymas"}]},{"@type":"WebSite","@id":"https:\/\/elvkonsultacijos.lt\/en\/#website","url":"https:\/\/elvkonsultacijos.lt\/en\/","name":"ELV Konsultacijos","description":"Buhalterin\u0117s apskaitos konsultacijos internetu","publisher":{"@id":"https:\/\/elvkonsultacijos.lt\/en\/#organization"},"potentialAction":[{"@type":"SearchAction","target":{"@type":"EntryPoint","urlTemplate":"https:\/\/elvkonsultacijos.lt\/en\/?s={search_term_string}"},"query-input":{"@type":"PropertyValueSpecification","valueRequired":true,"valueName":"search_term_string"}}],"inLanguage":"en-US"},{"@type":"Organization","@id":"https:\/\/elvkonsultacijos.lt\/en\/#organization","name":"ELV Projektai","url":"https:\/\/elvkonsultacijos.lt\/en\/","logo":{"@type":"ImageObject","inLanguage":"en-US","@id":"https:\/\/elvkonsultacijos.lt\/en\/#\/schema\/logo\/image\/","url":"https:\/\/elvkonsultacijos.lt\/wp-content\/uploads\/2024\/10\/logo.png","contentUrl":"https:\/\/elvkonsultacijos.lt\/wp-content\/uploads\/2024\/10\/logo.png","width":1500,"height":291,"caption":"ELV Projektai"},"image":{"@id":"https:\/\/elvkonsultacijos.lt\/en\/#\/schema\/logo\/image\/"},"sameAs":["https:\/\/www.facebook.com\/elvprojektai.lt\/"]}]}},"_links":{"self":[{"href":"https:\/\/elvkonsultacijos.lt\/en\/wp-json\/wp\/v2\/product\/103924","targetHints":{"allow":["GET"]}}],"collection":[{"href":"https:\/\/elvkonsultacijos.lt\/en\/wp-json\/wp\/v2\/product"}],"about":[{"href":"https:\/\/elvkonsultacijos.lt\/en\/wp-json\/wp\/v2\/types\/product"}],"version-history":[{"count":5,"href":"https:\/\/elvkonsultacijos.lt\/en\/wp-json\/wp\/v2\/product\/103924\/revisions"}],"predecessor-version":[{"id":106371,"href":"https:\/\/elvkonsultacijos.lt\/en\/wp-json\/wp\/v2\/product\/103924\/revisions\/106371"}],"wp:featuredmedia":[{"embeddable":true,"href":"https:\/\/elvkonsultacijos.lt\/en\/wp-json\/wp\/v2\/media\/104496"}],"wp:attachment":[{"href":"https:\/\/elvkonsultacijos.lt\/en\/wp-json\/wp\/v2\/media?parent=103924"}],"wp:term":[{"taxonomy":"product_brand","embeddable":true,"href":"https:\/\/elvkonsultacijos.lt\/en\/wp-json\/wp\/v2\/product_brand?post=103924"},{"taxonomy":"product_cat","embeddable":true,"href":"https:\/\/elvkonsultacijos.lt\/en\/wp-json\/wp\/v2\/product_cat?post=103924"},{"taxonomy":"product_tag","embeddable":true,"href":"https:\/\/elvkonsultacijos.lt\/en\/wp-json\/wp\/v2\/product_tag?post=103924"}],"curies":[{"name":"wp","href":"https:\/\/api.w.org\/{rel}","templated":true}]}}