{"id":105948,"date":"2025-07-02T16:09:22","date_gmt":"2025-07-02T16:09:22","guid":{"rendered":"https:\/\/elvkonsultacijos.lt\/?post_type=product&#038;p=105948"},"modified":"2025-09-25T16:48:01","modified_gmt":"2025-09-25T16:48:01","slug":"eori-kodo-registravimas","status":"publish","type":"product","link":"https:\/\/elvkonsultacijos.lt\/en\/paslaugos\/eori-kodo-registravimas\/","title":{"rendered":"EORI kodo registravimas"},"content":{"rendered":"\t\t<div data-elementor-type=\"product-post\" data-elementor-id=\"105948\" class=\"elementor elementor-105948\" data-elementor-post-type=\"product\">\n\t\t\t\t<div class=\"elementor-element elementor-element-4374f70 e-flex e-con-boxed e-con e-parent\" data-id=\"4374f70\" data-element_type=\"container\" data-e-type=\"container\">\n\t\t\t\t\t<div class=\"e-con-inner\">\n\t\t\t\t<div class=\"elementor-element elementor-element-5c0325e elementor-widget elementor-widget-text-editor\" data-id=\"5c0325e\" data-element_type=\"widget\" data-e-type=\"widget\" data-widget_type=\"text-editor.default\">\n\t\t\t\t<div class=\"elementor-widget-container\">\n\t\t\t\t\t\t\t\t\t<p><strong>EORI kodo registravimas<\/strong> yra svarbi grandis \u012fmon\u0117ms, vykdan\u010dioms tarptautin\u0119 prekyb\u0105, nes u\u017etikrina skland\u0173 preki\u0173 jud\u0117jim\u0105 per valstybi\u0173 sienas ir atitikt\u012f teis\u0117s aktams. \u012emon\u0117s, kurios importuoja ar eksportuoja prekes, turi laikytis muitin\u0117s proced\u016br\u0173, tvarkyti reikaling\u0105 dokumentacij\u0105 ir pateikti tiksli\u0105 informacij\u0105 apie preki\u0173 kilm\u0119, vert\u0119 bei jud\u0117jim\u0105.<\/p><p>Paslaugos atlikimo terminas \u2013 nuo 2 darbo dien\u0173 po dokument\u0173 pasira\u0161ymo, priklausomai nuo individuali\u0173 aplinkybi\u0173.<\/p>\t\t\t\t\t\t\t\t<\/div>\n\t\t\t\t<\/div>\n\t\t\t\t<div class=\"elementor-element elementor-element-9cce286 calendar-accordion elementor-widget elementor-widget-n-accordion\" data-id=\"9cce286\" data-element_type=\"widget\" data-e-type=\"widget\" data-settings=\"{&quot;default_state&quot;:&quot;expanded&quot;,&quot;max_items_expended&quot;:&quot;one&quot;,&quot;n_accordion_animation_duration&quot;:{&quot;unit&quot;:&quot;ms&quot;,&quot;size&quot;:400,&quot;sizes&quot;:[]}}\" data-widget_type=\"nested-accordion.default\">\n\t\t\t\t<div class=\"elementor-widget-container\">\n\t\t\t\t\t\t\t<div class=\"e-n-accordion\" aria-label=\"Accordion. Open links with Enter or Space, close with Escape, and navigate with Arrow Keys\">\n\t\t\t\t\t\t<details id=\"e-n-accordion-item-1640\" class=\"e-n-accordion-item\" open>\n\t\t\t\t<summary class=\"e-n-accordion-item-title\" data-accordion-index=\"1\" tabindex=\"0\" aria-expanded=\"true\" aria-controls=\"e-n-accordion-item-1640\" >\n\t\t\t\t\t<span class='e-n-accordion-item-title-header'><div class=\"e-n-accordion-item-title-text\"> Pasirinkite skambu\u010dio dat\u0105 ir laik\u0105 <\/div><\/span>\n\t\t\t\t\t\t\t<span class='e-n-accordion-item-title-icon'>\n\t\t\t<span class='e-opened' ><svg xmlns=\"http:\/\/www.w3.org\/2000\/svg\" viewBox=\"0 0 256 256\" fill=\"currentColor\"><path d=\"M213.66,101.66l-80,80a8,8,0,0,1-11.32,0l-80-80A8,8,0,0,1,53.66,90.34L128,164.69l74.34-74.35a8,8,0,0,1,11.32,11.32Z\"><\/path><\/svg><\/span>\n\t\t\t<span class='e-closed'><svg xmlns=\"http:\/\/www.w3.org\/2000\/svg\" viewBox=\"0 0 256 256\" fill=\"currentColor\"><path d=\"M213.66,165.66a8,8,0,0,1-11.32,0L128,91.31,53.66,165.66a8,8,0,0,1-11.32-11.32l80-80a8,8,0,0,1,11.32,0l80,80A8,8,0,0,1,213.66,165.66Z\"><\/path><\/svg><\/span>\n\t\t<\/span>\n\n\t\t\t\t\t\t<\/summary>\n\t\t\t\t<div role=\"region\" aria-labelledby=\"e-n-accordion-item-1640\" class=\"elementor-element elementor-element-3672c86 e-con-full e-flex e-con e-child\" data-id=\"3672c86\" data-element_type=\"container\" data-e-type=\"container\">\n\t\t\t\t<div class=\"elementor-element elementor-element-ca62a24 elementor-widget elementor-widget-shortcode\" data-id=\"ca62a24\" data-element_type=\"widget\" data-e-type=\"widget\" data-widget_type=\"shortcode.default\">\n\t\t\t\t<div class=\"elementor-widget-container\">\n\t\t\t\t\t\t\t<div class=\"elementor-shortcode\"><div class=\"react-app-container\">\n            <div\n                id=\"react-app-69ff629f7ae5d\"\n                data-product-name=\"\"\n                data-product-id=\"\"\n            >\n            <\/div>\n        <\/div><\/div>\n\t\t\t\t\t\t<\/div>\n\t\t\t\t<\/div>\n\t\t\t\t<\/div>\n\t\t\t\t\t<\/details>\n\t\t\t\t\t<\/div>\n\t\t\t\t\t\t<\/div>\n\t\t\t\t<\/div>\n\t\t<div class=\"elementor-element elementor-element-43957ec e-con-full e-flex e-con e-child\" data-id=\"43957ec\" data-element_type=\"container\" data-e-type=\"container\">\n\t\t\t\t<div class=\"elementor-element elementor-element-216edab elementor-widget elementor-widget-the7-heading\" data-id=\"216edab\" data-element_type=\"widget\" data-e-type=\"widget\" data-widget_type=\"the7-heading.default\">\n\t\t\t\t<div class=\"elementor-widget-container\">\n\t\t\t\t\t<h2 class=\"the7-heading-title elementor-size-default\">Papildoma informacija apie paslaug\u0105<\/h2>\t\t\t\t<\/div>\n\t\t\t\t<\/div>\n\t\t\t\t<div class=\"elementor-element elementor-element-40f5f86 product-additional-info elementor-widget elementor-widget-the7-accordion\" data-id=\"40f5f86\" data-element_type=\"widget\" data-e-type=\"widget\" data-widget_type=\"the7-accordion.default\">\n\t\t\t\t<div class=\"elementor-widget-container\">\n\t\t\t\t\t\t\t<div class=\"elementor-accordion the7-adv-accordion\" data-accordion-type=\"accordion\" role=\"tablist\">\n\t\t\t\t\t\t\t<div class=\"elementor-accordion-item\">\n\t\t\t\t\t<h4 id=\"elementor-tab-title-6811\" class=\"elementor-tab-title the7-accordion-header deactive-default\" data-tab=\"1\" role=\"tab\" aria-controls=\"elementor-tab-content-6811\">\n\n\t\t\t\t\t\t\t\t\t\t\t\t\t<span class=\"elementor-accordion-icon elementor-accordion-icon-right\" aria-hidden=\"true\">\n\t\t\t\t\t\t\t\t\t\t\t\t\t\t\t<span class=\"elementor-accordion-icon-closed\"><svg xmlns=\"http:\/\/www.w3.org\/2000\/svg\" viewBox=\"0 0 256 256\" fill=\"currentColor\"><path d=\"M213.66,101.66l-80,80a8,8,0,0,1-11.32,0l-80-80A8,8,0,0,1,53.66,90.34L128,164.69l74.34-74.35a8,8,0,0,1,11.32,11.32Z\"><\/path><\/svg><\/span>\n\t\t\t\t\t\t\t\t\t\t\t\t\t\t\t\t\t<span class=\"elementor-accordion-icon-opened\"><svg xmlns=\"http:\/\/www.w3.org\/2000\/svg\" viewBox=\"0 0 256 256\" fill=\"currentColor\"><path d=\"M213.66,165.66a8,8,0,0,1-11.32,0L128,91.31,53.66,165.66a8,8,0,0,1-11.32-11.32l80-80a8,8,0,0,1,11.32,0l80,80A8,8,0,0,1,213.66,165.66Z\"><\/path><\/svg><\/span>\n\t\t\t\t\t\t\t\t\t\t\t\t\t\t\t\t\t\t\t\t\t\t<\/span>\n\t\t\t\t\t\t\t\t\t\t\t\t\t\t\t\t\t\t<a class=\"elementor-accordion-title\" href=\"\">Apie EORI kodo registravimas<\/a>\n\t\t\t\t\t<\/h4>\n\t\t\t\t\t<div id=\"elementor-tab-content-6811\" class=\"elementor-tab-content elementor-clearfix deactive-default\" data-tab=\"1\" role=\"tabpanel\" aria-labelledby=\"elementor-tab-title-6811\"><p>EORI kodo registravimas ir Intrastato ataskait\u0173 teikimas. EORI kodas reikalingas norint eksportuoti ar importuoti prekes u\u017e Europos S\u0105jungos rib\u0173 \u2013 j\u012f registruoja Muitin\u0117, o tur\u0117ti privalo kiekvienas juridinis asmuo, dalyvaujantis tarptautin\u0117je prekyboje. Intrastato ataskaitos taikomos prekybai ES viduje \u2013 jas privaloma teikti, jei \u012fmon\u0117s preki\u0173 srautas vir\u0161ija nustatytas ribas. Abi \u0161ios paslaugos u\u017etikrina tinkam\u0105 muitin\u0117s kontrol\u0119, atitikt\u012f teis\u0117s aktams ir skland\u0173 preki\u0173 jud\u0117jim\u0105 tarp valstybi\u0173.<\/p><\/div>\n\t\t\t\t<\/div>\n\t\t\t\t\t<\/div>\n\t\t\t\t\t\t<\/div>\n\t\t\t\t<\/div>\n\t\t\t\t<\/div>\n\t\t\t\t\t<\/div>\n\t\t\t\t<\/div>\n\t\t\t\t<\/div>\n\t\t","protected":false},"excerpt":{"rendered":"<p>Muitin\u0117s paslaugos yra svarbi grandis \u012fmon\u0117ms, vykdan\u010dioms tarptautin\u0119 prekyb\u0105, nes u\u017etikrina skland\u0173 preki\u0173 jud\u0117jim\u0105 per valstybi\u0173 sienas ir atitikt\u012f teis\u0117s aktams. \u012emon\u0117s, kurios importuoja ar eksportuoja prekes, turi laikytis muitin\u0117s proced\u016br\u0173, tvarkyti reikaling\u0105 dokumentacij\u0105 ir pateikti tiksli\u0105 informacij\u0105 apie preki\u0173 kilm\u0119, vert\u0119 bei jud\u0117jim\u0105.<\/p>\n","protected":false},"featured_media":106096,"template":"","meta":{"_acf_changed":false},"product_brand":[],"product_cat":[39],"product_tag":[],"class_list":{"0":"post-105948","1":"product","2":"type-product","3":"status-publish","4":"has-post-thumbnail","6":"product_cat-all-products","8":"first","9":"instock","10":"sold-individually","11":"shipping-taxable","12":"purchasable","13":"product-type-simple"},"acf":[],"aioseo_notices":[],"yoast_head":"<!-- This site is optimized with the Yoast SEO plugin v27.3 - https:\/\/yoast.com\/product\/yoast-seo-wordpress\/ -->\n<title>EORI kodo registravimas - ELVkonsultacijos.lt<\/title>\n<meta name=\"robots\" content=\"index, follow, max-snippet:-1, max-image-preview:large, max-video-preview:-1\" \/>\n<link rel=\"canonical\" href=\"https:\/\/elvkonsultacijos.lt\/en\/paslaugos\/eori-kodo-registravimas\/\" \/>\n<meta property=\"og:locale\" content=\"en_US\" \/>\n<meta property=\"og:type\" content=\"article\" \/>\n<meta property=\"og:title\" content=\"EORI kodo registravimas - ELVkonsultacijos.lt\" \/>\n<meta property=\"og:description\" content=\"Muitin\u0117s paslaugos yra svarbi grandis \u012fmon\u0117ms, vykdan\u010dioms tarptautin\u0119 prekyb\u0105, nes u\u017etikrina skland\u0173 preki\u0173 jud\u0117jim\u0105 per valstybi\u0173 sienas ir atitikt\u012f teis\u0117s aktams. \u012emon\u0117s, kurios importuoja ar eksportuoja prekes, turi laikytis muitin\u0117s proced\u016br\u0173, tvarkyti reikaling\u0105 dokumentacij\u0105 ir pateikti tiksli\u0105 informacij\u0105 apie preki\u0173 kilm\u0119, vert\u0119 bei jud\u0117jim\u0105.\" \/>\n<meta property=\"og:url\" content=\"https:\/\/elvkonsultacijos.lt\/en\/paslaugos\/eori-kodo-registravimas\/\" \/>\n<meta property=\"og:site_name\" content=\"ELVkonsultacijos.lt\" \/>\n<meta property=\"article:publisher\" content=\"https:\/\/www.facebook.com\/elvprojektai.lt\/\" \/>\n<meta property=\"article:modified_time\" content=\"2025-09-25T16:48:01+00:00\" \/>\n<meta property=\"og:image\" content=\"https:\/\/elvkonsultacijos.lt\/wp-content\/uploads\/2025\/07\/Group-215.jpg\" \/>\n\t<meta property=\"og:image:width\" content=\"548\" \/>\n\t<meta property=\"og:image:height\" content=\"285\" \/>\n\t<meta property=\"og:image:type\" content=\"image\/jpeg\" \/>\n<meta name=\"twitter:card\" content=\"summary_large_image\" \/>\n<meta name=\"twitter:label1\" content=\"Est. reading time\" \/>\n\t<meta name=\"twitter:data1\" content=\"1 minute\" \/>\n<script type=\"application\/ld+json\" class=\"yoast-schema-graph\">{\"@context\":\"https:\\\/\\\/schema.org\",\"@graph\":[{\"@type\":\"WebPage\",\"@id\":\"https:\\\/\\\/elvkonsultacijos.lt\\\/en\\\/paslaugos\\\/eori-kodo-registravimas\\\/\",\"url\":\"https:\\\/\\\/elvkonsultacijos.lt\\\/en\\\/paslaugos\\\/eori-kodo-registravimas\\\/\",\"name\":\"EORI kodo registravimas - ELVkonsultacijos.lt\",\"isPartOf\":{\"@id\":\"https:\\\/\\\/elvkonsultacijos.lt\\\/en\\\/#website\"},\"primaryImageOfPage\":{\"@id\":\"https:\\\/\\\/elvkonsultacijos.lt\\\/en\\\/paslaugos\\\/eori-kodo-registravimas\\\/#primaryimage\"},\"image\":{\"@id\":\"https:\\\/\\\/elvkonsultacijos.lt\\\/en\\\/paslaugos\\\/eori-kodo-registravimas\\\/#primaryimage\"},\"thumbnailUrl\":\"https:\\\/\\\/elvkonsultacijos.lt\\\/wp-content\\\/uploads\\\/2025\\\/07\\\/Group-215.jpg\",\"datePublished\":\"2025-07-02T16:09:22+00:00\",\"dateModified\":\"2025-09-25T16:48:01+00:00\",\"breadcrumb\":{\"@id\":\"https:\\\/\\\/elvkonsultacijos.lt\\\/en\\\/paslaugos\\\/eori-kodo-registravimas\\\/#breadcrumb\"},\"inLanguage\":\"en-US\",\"potentialAction\":[{\"@type\":\"ReadAction\",\"target\":[\"https:\\\/\\\/elvkonsultacijos.lt\\\/en\\\/paslaugos\\\/eori-kodo-registravimas\\\/\"]}]},{\"@type\":\"ImageObject\",\"inLanguage\":\"en-US\",\"@id\":\"https:\\\/\\\/elvkonsultacijos.lt\\\/en\\\/paslaugos\\\/eori-kodo-registravimas\\\/#primaryimage\",\"url\":\"https:\\\/\\\/elvkonsultacijos.lt\\\/wp-content\\\/uploads\\\/2025\\\/07\\\/Group-215.jpg\",\"contentUrl\":\"https:\\\/\\\/elvkonsultacijos.lt\\\/wp-content\\\/uploads\\\/2025\\\/07\\\/Group-215.jpg\",\"width\":548,\"height\":285},{\"@type\":\"BreadcrumbList\",\"@id\":\"https:\\\/\\\/elvkonsultacijos.lt\\\/en\\\/paslaugos\\\/eori-kodo-registravimas\\\/#breadcrumb\",\"itemListElement\":[{\"@type\":\"ListItem\",\"position\":1,\"name\":\"Home\",\"item\":\"https:\\\/\\\/elvkonsultacijos.lt\\\/en\\\/\"},{\"@type\":\"ListItem\",\"position\":2,\"name\":\"Products\",\"item\":\"https:\\\/\\\/elvkonsultacijos.lt\\\/en\\\/shop\\\/\"},{\"@type\":\"ListItem\",\"position\":3,\"name\":\"EORI kodo registravimas\"}]},{\"@type\":\"WebSite\",\"@id\":\"https:\\\/\\\/elvkonsultacijos.lt\\\/en\\\/#website\",\"url\":\"https:\\\/\\\/elvkonsultacijos.lt\\\/en\\\/\",\"name\":\"ELV Konsultacijos\",\"description\":\"Buhalterin\u0117s apskaitos konsultacijos internetu\",\"publisher\":{\"@id\":\"https:\\\/\\\/elvkonsultacijos.lt\\\/en\\\/#organization\"},\"potentialAction\":[{\"@type\":\"SearchAction\",\"target\":{\"@type\":\"EntryPoint\",\"urlTemplate\":\"https:\\\/\\\/elvkonsultacijos.lt\\\/en\\\/?s={search_term_string}\"},\"query-input\":{\"@type\":\"PropertyValueSpecification\",\"valueRequired\":true,\"valueName\":\"search_term_string\"}}],\"inLanguage\":\"en-US\"},{\"@type\":\"Organization\",\"@id\":\"https:\\\/\\\/elvkonsultacijos.lt\\\/en\\\/#organization\",\"name\":\"ELV Projektai\",\"url\":\"https:\\\/\\\/elvkonsultacijos.lt\\\/en\\\/\",\"logo\":{\"@type\":\"ImageObject\",\"inLanguage\":\"en-US\",\"@id\":\"https:\\\/\\\/elvkonsultacijos.lt\\\/en\\\/#\\\/schema\\\/logo\\\/image\\\/\",\"url\":\"https:\\\/\\\/elvkonsultacijos.lt\\\/wp-content\\\/uploads\\\/2024\\\/10\\\/logo.png\",\"contentUrl\":\"https:\\\/\\\/elvkonsultacijos.lt\\\/wp-content\\\/uploads\\\/2024\\\/10\\\/logo.png\",\"width\":1500,\"height\":291,\"caption\":\"ELV Projektai\"},\"image\":{\"@id\":\"https:\\\/\\\/elvkonsultacijos.lt\\\/en\\\/#\\\/schema\\\/logo\\\/image\\\/\"},\"sameAs\":[\"https:\\\/\\\/www.facebook.com\\\/elvprojektai.lt\\\/\"]}]}<\/script>\n<!-- \/ Yoast SEO plugin. -->","yoast_head_json":{"title":"EORI kodo registravimas - ELVkonsultacijos.lt","robots":{"index":"index","follow":"follow","max-snippet":"max-snippet:-1","max-image-preview":"max-image-preview:large","max-video-preview":"max-video-preview:-1"},"canonical":"https:\/\/elvkonsultacijos.lt\/en\/paslaugos\/eori-kodo-registravimas\/","og_locale":"en_US","og_type":"article","og_title":"EORI kodo registravimas - ELVkonsultacijos.lt","og_description":"Muitin\u0117s paslaugos yra svarbi grandis \u012fmon\u0117ms, vykdan\u010dioms tarptautin\u0119 prekyb\u0105, nes u\u017etikrina skland\u0173 preki\u0173 jud\u0117jim\u0105 per valstybi\u0173 sienas ir atitikt\u012f teis\u0117s aktams. \u012emon\u0117s, kurios importuoja ar eksportuoja prekes, turi laikytis muitin\u0117s proced\u016br\u0173, tvarkyti reikaling\u0105 dokumentacij\u0105 ir pateikti tiksli\u0105 informacij\u0105 apie preki\u0173 kilm\u0119, vert\u0119 bei jud\u0117jim\u0105.","og_url":"https:\/\/elvkonsultacijos.lt\/en\/paslaugos\/eori-kodo-registravimas\/","og_site_name":"ELVkonsultacijos.lt","article_publisher":"https:\/\/www.facebook.com\/elvprojektai.lt\/","article_modified_time":"2025-09-25T16:48:01+00:00","og_image":[{"width":548,"height":285,"url":"https:\/\/elvkonsultacijos.lt\/wp-content\/uploads\/2025\/07\/Group-215.jpg","type":"image\/jpeg"}],"twitter_card":"summary_large_image","twitter_misc":{"Est. reading time":"1 minute"},"schema":{"@context":"https:\/\/schema.org","@graph":[{"@type":"WebPage","@id":"https:\/\/elvkonsultacijos.lt\/en\/paslaugos\/eori-kodo-registravimas\/","url":"https:\/\/elvkonsultacijos.lt\/en\/paslaugos\/eori-kodo-registravimas\/","name":"EORI kodo registravimas - ELVkonsultacijos.lt","isPartOf":{"@id":"https:\/\/elvkonsultacijos.lt\/en\/#website"},"primaryImageOfPage":{"@id":"https:\/\/elvkonsultacijos.lt\/en\/paslaugos\/eori-kodo-registravimas\/#primaryimage"},"image":{"@id":"https:\/\/elvkonsultacijos.lt\/en\/paslaugos\/eori-kodo-registravimas\/#primaryimage"},"thumbnailUrl":"https:\/\/elvkonsultacijos.lt\/wp-content\/uploads\/2025\/07\/Group-215.jpg","datePublished":"2025-07-02T16:09:22+00:00","dateModified":"2025-09-25T16:48:01+00:00","breadcrumb":{"@id":"https:\/\/elvkonsultacijos.lt\/en\/paslaugos\/eori-kodo-registravimas\/#breadcrumb"},"inLanguage":"en-US","potentialAction":[{"@type":"ReadAction","target":["https:\/\/elvkonsultacijos.lt\/en\/paslaugos\/eori-kodo-registravimas\/"]}]},{"@type":"ImageObject","inLanguage":"en-US","@id":"https:\/\/elvkonsultacijos.lt\/en\/paslaugos\/eori-kodo-registravimas\/#primaryimage","url":"https:\/\/elvkonsultacijos.lt\/wp-content\/uploads\/2025\/07\/Group-215.jpg","contentUrl":"https:\/\/elvkonsultacijos.lt\/wp-content\/uploads\/2025\/07\/Group-215.jpg","width":548,"height":285},{"@type":"BreadcrumbList","@id":"https:\/\/elvkonsultacijos.lt\/en\/paslaugos\/eori-kodo-registravimas\/#breadcrumb","itemListElement":[{"@type":"ListItem","position":1,"name":"Home","item":"https:\/\/elvkonsultacijos.lt\/en\/"},{"@type":"ListItem","position":2,"name":"Products","item":"https:\/\/elvkonsultacijos.lt\/en\/shop\/"},{"@type":"ListItem","position":3,"name":"EORI kodo registravimas"}]},{"@type":"WebSite","@id":"https:\/\/elvkonsultacijos.lt\/en\/#website","url":"https:\/\/elvkonsultacijos.lt\/en\/","name":"ELV Konsultacijos","description":"Buhalterin\u0117s apskaitos konsultacijos internetu","publisher":{"@id":"https:\/\/elvkonsultacijos.lt\/en\/#organization"},"potentialAction":[{"@type":"SearchAction","target":{"@type":"EntryPoint","urlTemplate":"https:\/\/elvkonsultacijos.lt\/en\/?s={search_term_string}"},"query-input":{"@type":"PropertyValueSpecification","valueRequired":true,"valueName":"search_term_string"}}],"inLanguage":"en-US"},{"@type":"Organization","@id":"https:\/\/elvkonsultacijos.lt\/en\/#organization","name":"ELV Projektai","url":"https:\/\/elvkonsultacijos.lt\/en\/","logo":{"@type":"ImageObject","inLanguage":"en-US","@id":"https:\/\/elvkonsultacijos.lt\/en\/#\/schema\/logo\/image\/","url":"https:\/\/elvkonsultacijos.lt\/wp-content\/uploads\/2024\/10\/logo.png","contentUrl":"https:\/\/elvkonsultacijos.lt\/wp-content\/uploads\/2024\/10\/logo.png","width":1500,"height":291,"caption":"ELV Projektai"},"image":{"@id":"https:\/\/elvkonsultacijos.lt\/en\/#\/schema\/logo\/image\/"},"sameAs":["https:\/\/www.facebook.com\/elvprojektai.lt\/"]}]}},"_links":{"self":[{"href":"https:\/\/elvkonsultacijos.lt\/en\/wp-json\/wp\/v2\/product\/105948","targetHints":{"allow":["GET"]}}],"collection":[{"href":"https:\/\/elvkonsultacijos.lt\/en\/wp-json\/wp\/v2\/product"}],"about":[{"href":"https:\/\/elvkonsultacijos.lt\/en\/wp-json\/wp\/v2\/types\/product"}],"version-history":[{"count":19,"href":"https:\/\/elvkonsultacijos.lt\/en\/wp-json\/wp\/v2\/product\/105948\/revisions"}],"predecessor-version":[{"id":106373,"href":"https:\/\/elvkonsultacijos.lt\/en\/wp-json\/wp\/v2\/product\/105948\/revisions\/106373"}],"wp:featuredmedia":[{"embeddable":true,"href":"https:\/\/elvkonsultacijos.lt\/en\/wp-json\/wp\/v2\/media\/106096"}],"wp:attachment":[{"href":"https:\/\/elvkonsultacijos.lt\/en\/wp-json\/wp\/v2\/media?parent=105948"}],"wp:term":[{"taxonomy":"product_brand","embeddable":true,"href":"https:\/\/elvkonsultacijos.lt\/en\/wp-json\/wp\/v2\/product_brand?post=105948"},{"taxonomy":"product_cat","embeddable":true,"href":"https:\/\/elvkonsultacijos.lt\/en\/wp-json\/wp\/v2\/product_cat?post=105948"},{"taxonomy":"product_tag","embeddable":true,"href":"https:\/\/elvkonsultacijos.lt\/en\/wp-json\/wp\/v2\/product_tag?post=105948"}],"curies":[{"name":"wp","href":"https:\/\/api.w.org\/{rel}","templated":true}]}}