{"id":5478,"date":"2021-10-01T13:09:00","date_gmt":"2021-10-01T12:09:00","guid":{"rendered":"http:\/\/elvkonsultacijos.lt\/product\/product001\/"},"modified":"2026-02-05T08:09:00","modified_gmt":"2026-02-05T08:09:00","slug":"konsultacija-su-mokesciu-ekspertu","status":"publish","type":"product","link":"https:\/\/elvkonsultacijos.lt\/en\/paslaugos\/konsultacija-su-mokesciu-ekspertu\/","title":{"rendered":"Konsultacija su mokes\u010di\u0173 ekspertu"},"content":{"rendered":"\t\t<div data-elementor-type=\"product-post\" data-elementor-id=\"5478\" class=\"elementor elementor-5478\" data-elementor-post-type=\"product\">\n\t\t\t\t<div class=\"elementor-element elementor-element-6b3d4d4 e-flex e-con-boxed e-con e-parent\" data-id=\"6b3d4d4\" data-element_type=\"container\" data-e-type=\"container\">\n\t\t\t\t\t<div class=\"e-con-inner\">\n\t\t\t\t<div class=\"elementor-element elementor-element-0bcbec2 elementor-widget elementor-widget-text-editor\" data-id=\"0bcbec2\" data-element_type=\"widget\" data-e-type=\"widget\" data-widget_type=\"text-editor.default\">\n\t\t\t\t<div class=\"elementor-widget-container\">\n\t\t\t\t\t\t\t\t\t<p>Konsultacija su mokes\u010diu ekspertu &#8211; \u0161ios konsultacijos tikslas \u2013 pad\u0117ti \u012fmon\u0117ms ir fiziniams asmenims suprasti mokes\u010di\u0173 sistem\u0105, teisingai vykdyti mokes\u010di\u0173 prievoles ir optimizuoti mokes\u010di\u0173 na\u0161t\u0105.<\/p><p>Pagrindiniai mokes\u010diai fiziniams asmenims \u2013 GPM (gyventoj\u0173<br \/>pajam\u0173 mokestis), NTM (nekilnojamo turto mokestis), \u017dem\u0117s mokestis, gali b\u016bti ir PVM \u012fregistruota \u012fmon\u0117, jeigu atsiranda prievol\u0117 registruotis PVM mok\u0117toju kaip fiziniam asmeniui.<\/p><p>Juridiniams asmenims \u2013 Pelno mokestis, GPM (gyventoj\u0173<br \/>pajam\u0173 mokestis), Sodros mokes\u010diai, NTM (nekilnojamo turto mokestis), \u017dem\u0117s mokestis, Tar\u0161os mokestis, PVM, Akcizas.<\/p><p>Mokes\u010di\u0173 ekspertas gali Jums pad\u0117ti i\u0161sirinkti tinkam\u0105 veiklos vykdymo form\u0105 &#8211; ar IDV, ar MB, ar UAB, ar kt. Taip pat suteikti reikiam\u0105 informacij\u0105 d\u0117l pelno nesiekian\u010di\u0173 organizacij\u0173 steigim\u0105 ir vystym\u0105.<\/p><p>Paslaugos atlikimo terminas \u2013 nuo 2 darbo dien\u0173 po dokument\u0173 pasira\u0161ymo, priklausomai nuo individuali\u0173 aplinkybi\u0173.<\/p>\t\t\t\t\t\t\t\t<\/div>\n\t\t\t\t<\/div>\n\t\t\t\t<div class=\"elementor-element elementor-element-0617a3f calendar-accordion elementor-widget elementor-widget-n-accordion\" data-id=\"0617a3f\" data-element_type=\"widget\" data-e-type=\"widget\" data-settings=\"{&quot;default_state&quot;:&quot;expanded&quot;,&quot;max_items_expended&quot;:&quot;one&quot;,&quot;n_accordion_animation_duration&quot;:{&quot;unit&quot;:&quot;ms&quot;,&quot;size&quot;:400,&quot;sizes&quot;:[]}}\" data-widget_type=\"nested-accordion.default\">\n\t\t\t\t<div class=\"elementor-widget-container\">\n\t\t\t\t\t\t\t<div class=\"e-n-accordion\" aria-label=\"Accordion. Open links with Enter or Space, close with Escape, and navigate with Arrow Keys\">\n\t\t\t\t\t\t<details id=\"e-n-accordion-item-6380\" class=\"e-n-accordion-item\" open>\n\t\t\t\t<summary class=\"e-n-accordion-item-title\" data-accordion-index=\"1\" tabindex=\"0\" aria-expanded=\"true\" aria-controls=\"e-n-accordion-item-6380\" >\n\t\t\t\t\t<span class='e-n-accordion-item-title-header'><div class=\"e-n-accordion-item-title-text\"> Pasirinkite skambu\u010dio dat\u0105 ir laik\u0105 <\/div><\/span>\n\t\t\t\t\t\t\t<span class='e-n-accordion-item-title-icon'>\n\t\t\t<span class='e-opened' ><svg xmlns=\"http:\/\/www.w3.org\/2000\/svg\" viewBox=\"0 0 256 256\" fill=\"currentColor\"><path d=\"M213.66,165.66a8,8,0,0,1-11.32,0L128,91.31,53.66,165.66a8,8,0,0,1-11.32-11.32l80-80a8,8,0,0,1,11.32,0l80,80A8,8,0,0,1,213.66,165.66Z\"><\/path><\/svg><\/span>\n\t\t\t<span class='e-closed'><svg xmlns=\"http:\/\/www.w3.org\/2000\/svg\" viewBox=\"0 0 256 256\" fill=\"currentColor\"><path d=\"M213.66,101.66l-80,80a8,8,0,0,1-11.32,0l-80-80A8,8,0,0,1,53.66,90.34L128,164.69l74.34-74.35a8,8,0,0,1,11.32,11.32Z\"><\/path><\/svg><\/span>\n\t\t<\/span>\n\n\t\t\t\t\t\t<\/summary>\n\t\t\t\t<div role=\"region\" aria-labelledby=\"e-n-accordion-item-6380\" class=\"elementor-element elementor-element-f3e245d e-con-full e-flex e-con e-child\" data-id=\"f3e245d\" data-element_type=\"container\" data-e-type=\"container\">\n\t\t\t\t<div class=\"elementor-element elementor-element-ec4725c elementor-widget elementor-widget-shortcode\" data-id=\"ec4725c\" data-element_type=\"widget\" data-e-type=\"widget\" data-widget_type=\"shortcode.default\">\n\t\t\t\t<div class=\"elementor-widget-container\">\n\t\t\t\t\t\t\t<div class=\"elementor-shortcode\"><div class=\"react-app-container\">\n            <div\n                id=\"react-app-69ff1de7de683\"\n                data-product-name=\"\"\n                data-product-id=\"\"\n            >\n            <\/div>\n        <\/div><\/div>\n\t\t\t\t\t\t<\/div>\n\t\t\t\t<\/div>\n\t\t\t\t<\/div>\n\t\t\t\t\t<\/details>\n\t\t\t\t\t<\/div>\n\t\t\t\t\t\t<\/div>\n\t\t\t\t<\/div>\n\t\t<div class=\"elementor-element elementor-element-e729b21 e-con-full e-flex e-con e-child\" data-id=\"e729b21\" data-element_type=\"container\" data-e-type=\"container\">\n\t\t\t\t<div class=\"elementor-element elementor-element-d8d4cb2 elementor-widget elementor-widget-the7-heading\" data-id=\"d8d4cb2\" data-element_type=\"widget\" data-e-type=\"widget\" data-widget_type=\"the7-heading.default\">\n\t\t\t\t<div class=\"elementor-widget-container\">\n\t\t\t\t\t<h2 class=\"the7-heading-title elementor-size-default\">Papildoma informacija apie paslaug\u0105<\/h2>\t\t\t\t<\/div>\n\t\t\t\t<\/div>\n\t\t\t\t<div class=\"elementor-element elementor-element-1edd59a product-additional-info elementor-widget elementor-widget-the7-accordion\" data-id=\"1edd59a\" data-element_type=\"widget\" data-e-type=\"widget\" data-widget_type=\"the7-accordion.default\">\n\t\t\t\t<div class=\"elementor-widget-container\">\n\t\t\t\t\t\t\t<div class=\"elementor-accordion the7-adv-accordion\" data-accordion-type=\"accordion\" role=\"tablist\">\n\t\t\t\t\t\t\t<div class=\"elementor-accordion-item\">\n\t\t\t\t\t<h4 id=\"elementor-tab-title-3231\" class=\"elementor-tab-title the7-accordion-header deactive-default\" data-tab=\"1\" role=\"tab\" aria-controls=\"elementor-tab-content-3231\">\n\n\t\t\t\t\t\t\t\t\t\t\t\t\t<span class=\"elementor-accordion-icon elementor-accordion-icon-right\" aria-hidden=\"true\">\n\t\t\t\t\t\t\t\t\t\t\t\t\t\t\t<span class=\"elementor-accordion-icon-closed\"><svg xmlns=\"http:\/\/www.w3.org\/2000\/svg\" viewBox=\"0 0 256 256\" fill=\"currentColor\"><path d=\"M213.66,101.66l-80,80a8,8,0,0,1-11.32,0l-80-80A8,8,0,0,1,53.66,90.34L128,164.69l74.34-74.35a8,8,0,0,1,11.32,11.32Z\"><\/path><\/svg><\/span>\n\t\t\t\t\t\t\t\t\t\t\t\t\t\t\t\t\t<span class=\"elementor-accordion-icon-opened\"><svg xmlns=\"http:\/\/www.w3.org\/2000\/svg\" viewBox=\"0 0 256 256\" fill=\"currentColor\"><path d=\"M213.66,165.66a8,8,0,0,1-11.32,0L128,91.31,53.66,165.66a8,8,0,0,1-11.32-11.32l80-80a8,8,0,0,1,11.32,0l80,80A8,8,0,0,1,213.66,165.66Z\"><\/path><\/svg><\/span>\n\t\t\t\t\t\t\t\t\t\t\t\t\t\t\t\t\t\t\t\t\t\t<\/span>\n\t\t\t\t\t\t\t\t\t\t\t\t\t\t\t\t\t\t<a class=\"elementor-accordion-title\" href=\"\">Pagrindiniai mokes\u010di\u0173 eksperto atliekami darbai:<\/a>\n\t\t\t\t\t<\/h4>\n\t\t\t\t\t<div id=\"elementor-tab-content-3231\" class=\"elementor-tab-content elementor-clearfix deactive-default\" data-tab=\"1\" role=\"tabpanel\" aria-labelledby=\"elementor-tab-title-3231\"><ul><li><p><span style=\"font-size: medium;\"><b>Mokes\u010di\u0173 planavimas<\/b><\/span><span style=\"font-size: medium;\">: Ekspertas padeda \u012fmon\u0117ms sukurti mokes\u010di\u0173 optimizavimo strategijas, siekiant suma\u017einti mokes\u010di\u0173 na\u0161t\u0105. Tai gali apimti pelno mokes\u010dio, PVM, darbuotoj\u0173 socialinio draudimo ir kit\u0173 mokes\u010di\u0173 planavim\u0105;<\/span><\/p><\/li><li><p><span style=\"font-size: medium;\"><b>Mokes\u010di\u0173 deklaravimas<\/b><\/span><span style=\"font-size: medium;\">: Mokes\u010di\u0173 ekspertas pataria, kaip teisingai u\u017epildyti ir pateikti mokes\u010di\u0173 deklaracijas (pvz., PVM deklaracijas, GPM, pelno mokes\u010dio ir kt.), kad b\u016bt\u0173 laikomasi vis\u0173 teis\u0117s akt\u0173 reikalavim\u0173;<\/span><\/p><\/li><li><p><span style=\"font-size: medium;\"><b>Mokes\u010di\u0173 auditai ir patikrinimai<\/b><\/span><span style=\"font-size: medium;\">: Jei \u012fmon\u0117 susiduria su mokes\u010di\u0173 inspekcijos patikrinimu, ekspertas gali pad\u0117ti pasirengti auditui, analizuoti galimus nesutapimus ir atstovauti \u012fmon\u0119 mokes\u010di\u0173 klausimais;<\/span><\/p><\/li><li><p><span style=\"font-size: medium;\"><b>\u012emoni\u0173 strukt\u016bros optimizavimas<\/b><\/span><span style=\"font-size: medium;\">: Konsultuojama, kaip pasirinkti tinkam\u0105 teisin\u0119 \u012fmon\u0117s form\u0105 (UAB, MB, individuali veikla ir kt.) atsi\u017evelgiant \u012f mokes\u010di\u0173 na\u0161t\u0105 ir veiklos pob\u016bd\u012f;<\/span><\/p><\/li><li><p><span style=\"font-size: medium;\"><b>Tarptautiniai mokes\u010diai<\/b><\/span><span style=\"font-size: medium;\">: Jeigu \u012fmon\u0117 u\u017esiima tarptautiniu verslu, mokes\u010di\u0173 ekspertas gali patarti d\u0117l tarptautini\u0173 mokes\u010di\u0173 taisykli\u0173, \u012fskaitant PVM taisykles, prekybos tarp \u0161ali\u0173 apmokestinim\u0105, dvigubo apmokestinimo i\u0161vengim\u0105 ir pan.;<\/span><\/p><\/li><li><p><span style=\"font-size: medium;\"><b>Mokes\u010di\u0173 teis\u0117s akt\u0173 pakeitimai<\/b><\/span><span style=\"font-size: medium;\">: Mokes\u010di\u0173 ekspertas seka visus teis\u0117s akt\u0173 poky\u010dius, tod\u0117l gali suteikti aktuali\u0105 informacij\u0105 apie naujausius mokes\u010di\u0173 \u012fstatym\u0173 pakeitimus ir pad\u0117ti \u012fmon\u0117ms prisitaikyti prie nauj\u0173 reikalavim\u0173.<\/span><\/p><\/li><\/ul><\/div>\n\t\t\t\t<\/div>\n\t\t\t\t\t<\/div>\n\t\t\t\t\t\t<\/div>\n\t\t\t\t<\/div>\n\t\t\t\t<\/div>\n\t\t\t\t\t<\/div>\n\t\t\t\t<\/div>\n\t\t\t\t<\/div>\n\t\t","protected":false},"excerpt":{"rendered":"<p>Konsultacija su mokes\u010diu ekspertu \u2013 \u0161ios konsultacijos tikslas \u2013 pad\u0117ti \u012fmon\u0117ms ir fiziniams asmenims suprasti mokes\u010di\u0173 sistem\u0105, teisingai vykdyti mokes\u010di\u0173 prievoles ir optimizuoti mokes\u010di\u0173 na\u0161t\u0105.<\/p>\n","protected":false},"featured_media":106427,"template":"","meta":{"_acf_changed":false},"product_brand":[],"product_cat":[39],"product_tag":[],"class_list":{"0":"post-5478","1":"product","2":"type-product","3":"status-publish","4":"has-post-thumbnail","6":"product_cat-all-products","8":"first","9":"instock","10":"sold-individually","11":"shipping-taxable","12":"purchasable","13":"product-type-simple"},"acf":[],"aioseo_notices":[],"yoast_head":"<!-- This site is optimized with the Yoast SEO plugin v27.3 - https:\/\/yoast.com\/product\/yoast-seo-wordpress\/ -->\n<title>Konsultacija su mokes\u010di\u0173 ekspertu - ELVkonsultacijos.lt<\/title>\n<meta name=\"robots\" content=\"index, follow, max-snippet:-1, max-image-preview:large, max-video-preview:-1\" \/>\n<link rel=\"canonical\" href=\"https:\/\/elvkonsultacijos.lt\/en\/paslaugos\/konsultacija-su-mokesciu-ekspertu\/\" \/>\n<meta property=\"og:locale\" content=\"en_US\" \/>\n<meta property=\"og:type\" content=\"article\" \/>\n<meta property=\"og:title\" content=\"Konsultacija su mokes\u010di\u0173 ekspertu - ELVkonsultacijos.lt\" \/>\n<meta property=\"og:description\" content=\"Konsultacija su mokes\u010diu ekspertu \u2013 \u0161ios konsultacijos tikslas \u2013 pad\u0117ti \u012fmon\u0117ms ir fiziniams asmenims suprasti mokes\u010di\u0173 sistem\u0105, teisingai vykdyti mokes\u010di\u0173 prievoles ir optimizuoti mokes\u010di\u0173 na\u0161t\u0105.\" \/>\n<meta property=\"og:url\" content=\"https:\/\/elvkonsultacijos.lt\/en\/paslaugos\/konsultacija-su-mokesciu-ekspertu\/\" \/>\n<meta property=\"og:site_name\" content=\"ELVkonsultacijos.lt\" \/>\n<meta property=\"article:publisher\" content=\"https:\/\/www.facebook.com\/elvprojektai.lt\/\" \/>\n<meta property=\"article:modified_time\" content=\"2026-02-05T08:09:00+00:00\" \/>\n<meta property=\"og:image\" content=\"https:\/\/elvkonsultacijos.lt\/wp-content\/uploads\/2021\/10\/DSC_9484-scaled.jpg\" \/>\n\t<meta property=\"og:image:width\" content=\"2560\" \/>\n\t<meta property=\"og:image:height\" content=\"1707\" \/>\n\t<meta property=\"og:image:type\" content=\"image\/jpeg\" \/>\n<meta name=\"twitter:card\" content=\"summary_large_image\" \/>\n<meta name=\"twitter:label1\" content=\"Est. reading time\" \/>\n\t<meta name=\"twitter:data1\" content=\"2 minutes\" \/>\n<script type=\"application\/ld+json\" class=\"yoast-schema-graph\">{\"@context\":\"https:\\\/\\\/schema.org\",\"@graph\":[{\"@type\":\"WebPage\",\"@id\":\"https:\\\/\\\/elvkonsultacijos.lt\\\/en\\\/paslaugos\\\/konsultacija-su-mokesciu-ekspertu\\\/\",\"url\":\"https:\\\/\\\/elvkonsultacijos.lt\\\/en\\\/paslaugos\\\/konsultacija-su-mokesciu-ekspertu\\\/\",\"name\":\"Konsultacija su mokes\u010di\u0173 ekspertu - ELVkonsultacijos.lt\",\"isPartOf\":{\"@id\":\"https:\\\/\\\/elvkonsultacijos.lt\\\/en\\\/#website\"},\"primaryImageOfPage\":{\"@id\":\"https:\\\/\\\/elvkonsultacijos.lt\\\/en\\\/paslaugos\\\/konsultacija-su-mokesciu-ekspertu\\\/#primaryimage\"},\"image\":{\"@id\":\"https:\\\/\\\/elvkonsultacijos.lt\\\/en\\\/paslaugos\\\/konsultacija-su-mokesciu-ekspertu\\\/#primaryimage\"},\"thumbnailUrl\":\"https:\\\/\\\/elvkonsultacijos.lt\\\/wp-content\\\/uploads\\\/2021\\\/10\\\/DSC_9484-scaled.jpg\",\"datePublished\":\"2021-10-01T12:09:00+00:00\",\"dateModified\":\"2026-02-05T08:09:00+00:00\",\"breadcrumb\":{\"@id\":\"https:\\\/\\\/elvkonsultacijos.lt\\\/en\\\/paslaugos\\\/konsultacija-su-mokesciu-ekspertu\\\/#breadcrumb\"},\"inLanguage\":\"en-US\",\"potentialAction\":[{\"@type\":\"ReadAction\",\"target\":[\"https:\\\/\\\/elvkonsultacijos.lt\\\/en\\\/paslaugos\\\/konsultacija-su-mokesciu-ekspertu\\\/\"]}]},{\"@type\":\"ImageObject\",\"inLanguage\":\"en-US\",\"@id\":\"https:\\\/\\\/elvkonsultacijos.lt\\\/en\\\/paslaugos\\\/konsultacija-su-mokesciu-ekspertu\\\/#primaryimage\",\"url\":\"https:\\\/\\\/elvkonsultacijos.lt\\\/wp-content\\\/uploads\\\/2021\\\/10\\\/DSC_9484-scaled.jpg\",\"contentUrl\":\"https:\\\/\\\/elvkonsultacijos.lt\\\/wp-content\\\/uploads\\\/2021\\\/10\\\/DSC_9484-scaled.jpg\",\"width\":2560,\"height\":1707},{\"@type\":\"BreadcrumbList\",\"@id\":\"https:\\\/\\\/elvkonsultacijos.lt\\\/en\\\/paslaugos\\\/konsultacija-su-mokesciu-ekspertu\\\/#breadcrumb\",\"itemListElement\":[{\"@type\":\"ListItem\",\"position\":1,\"name\":\"Home\",\"item\":\"https:\\\/\\\/elvkonsultacijos.lt\\\/en\\\/\"},{\"@type\":\"ListItem\",\"position\":2,\"name\":\"Products\",\"item\":\"https:\\\/\\\/elvkonsultacijos.lt\\\/en\\\/shop\\\/\"},{\"@type\":\"ListItem\",\"position\":3,\"name\":\"Konsultacija su mokes\u010di\u0173 ekspertu\"}]},{\"@type\":\"WebSite\",\"@id\":\"https:\\\/\\\/elvkonsultacijos.lt\\\/en\\\/#website\",\"url\":\"https:\\\/\\\/elvkonsultacijos.lt\\\/en\\\/\",\"name\":\"ELV Konsultacijos\",\"description\":\"Buhalterin\u0117s apskaitos konsultacijos internetu\",\"publisher\":{\"@id\":\"https:\\\/\\\/elvkonsultacijos.lt\\\/en\\\/#organization\"},\"potentialAction\":[{\"@type\":\"SearchAction\",\"target\":{\"@type\":\"EntryPoint\",\"urlTemplate\":\"https:\\\/\\\/elvkonsultacijos.lt\\\/en\\\/?s={search_term_string}\"},\"query-input\":{\"@type\":\"PropertyValueSpecification\",\"valueRequired\":true,\"valueName\":\"search_term_string\"}}],\"inLanguage\":\"en-US\"},{\"@type\":\"Organization\",\"@id\":\"https:\\\/\\\/elvkonsultacijos.lt\\\/en\\\/#organization\",\"name\":\"ELV Projektai\",\"url\":\"https:\\\/\\\/elvkonsultacijos.lt\\\/en\\\/\",\"logo\":{\"@type\":\"ImageObject\",\"inLanguage\":\"en-US\",\"@id\":\"https:\\\/\\\/elvkonsultacijos.lt\\\/en\\\/#\\\/schema\\\/logo\\\/image\\\/\",\"url\":\"https:\\\/\\\/elvkonsultacijos.lt\\\/wp-content\\\/uploads\\\/2024\\\/10\\\/logo.png\",\"contentUrl\":\"https:\\\/\\\/elvkonsultacijos.lt\\\/wp-content\\\/uploads\\\/2024\\\/10\\\/logo.png\",\"width\":1500,\"height\":291,\"caption\":\"ELV Projektai\"},\"image\":{\"@id\":\"https:\\\/\\\/elvkonsultacijos.lt\\\/en\\\/#\\\/schema\\\/logo\\\/image\\\/\"},\"sameAs\":[\"https:\\\/\\\/www.facebook.com\\\/elvprojektai.lt\\\/\"]}]}<\/script>\n<!-- \/ Yoast SEO plugin. -->","yoast_head_json":{"title":"Konsultacija su mokes\u010di\u0173 ekspertu - ELVkonsultacijos.lt","robots":{"index":"index","follow":"follow","max-snippet":"max-snippet:-1","max-image-preview":"max-image-preview:large","max-video-preview":"max-video-preview:-1"},"canonical":"https:\/\/elvkonsultacijos.lt\/en\/paslaugos\/konsultacija-su-mokesciu-ekspertu\/","og_locale":"en_US","og_type":"article","og_title":"Konsultacija su mokes\u010di\u0173 ekspertu - ELVkonsultacijos.lt","og_description":"Konsultacija su mokes\u010diu ekspertu \u2013 \u0161ios konsultacijos tikslas \u2013 pad\u0117ti \u012fmon\u0117ms ir fiziniams asmenims suprasti mokes\u010di\u0173 sistem\u0105, teisingai vykdyti mokes\u010di\u0173 prievoles ir optimizuoti mokes\u010di\u0173 na\u0161t\u0105.","og_url":"https:\/\/elvkonsultacijos.lt\/en\/paslaugos\/konsultacija-su-mokesciu-ekspertu\/","og_site_name":"ELVkonsultacijos.lt","article_publisher":"https:\/\/www.facebook.com\/elvprojektai.lt\/","article_modified_time":"2026-02-05T08:09:00+00:00","og_image":[{"width":2560,"height":1707,"url":"https:\/\/elvkonsultacijos.lt\/wp-content\/uploads\/2021\/10\/DSC_9484-scaled.jpg","type":"image\/jpeg"}],"twitter_card":"summary_large_image","twitter_misc":{"Est. reading time":"2 minutes"},"schema":{"@context":"https:\/\/schema.org","@graph":[{"@type":"WebPage","@id":"https:\/\/elvkonsultacijos.lt\/en\/paslaugos\/konsultacija-su-mokesciu-ekspertu\/","url":"https:\/\/elvkonsultacijos.lt\/en\/paslaugos\/konsultacija-su-mokesciu-ekspertu\/","name":"Konsultacija su mokes\u010di\u0173 ekspertu - ELVkonsultacijos.lt","isPartOf":{"@id":"https:\/\/elvkonsultacijos.lt\/en\/#website"},"primaryImageOfPage":{"@id":"https:\/\/elvkonsultacijos.lt\/en\/paslaugos\/konsultacija-su-mokesciu-ekspertu\/#primaryimage"},"image":{"@id":"https:\/\/elvkonsultacijos.lt\/en\/paslaugos\/konsultacija-su-mokesciu-ekspertu\/#primaryimage"},"thumbnailUrl":"https:\/\/elvkonsultacijos.lt\/wp-content\/uploads\/2021\/10\/DSC_9484-scaled.jpg","datePublished":"2021-10-01T12:09:00+00:00","dateModified":"2026-02-05T08:09:00+00:00","breadcrumb":{"@id":"https:\/\/elvkonsultacijos.lt\/en\/paslaugos\/konsultacija-su-mokesciu-ekspertu\/#breadcrumb"},"inLanguage":"en-US","potentialAction":[{"@type":"ReadAction","target":["https:\/\/elvkonsultacijos.lt\/en\/paslaugos\/konsultacija-su-mokesciu-ekspertu\/"]}]},{"@type":"ImageObject","inLanguage":"en-US","@id":"https:\/\/elvkonsultacijos.lt\/en\/paslaugos\/konsultacija-su-mokesciu-ekspertu\/#primaryimage","url":"https:\/\/elvkonsultacijos.lt\/wp-content\/uploads\/2021\/10\/DSC_9484-scaled.jpg","contentUrl":"https:\/\/elvkonsultacijos.lt\/wp-content\/uploads\/2021\/10\/DSC_9484-scaled.jpg","width":2560,"height":1707},{"@type":"BreadcrumbList","@id":"https:\/\/elvkonsultacijos.lt\/en\/paslaugos\/konsultacija-su-mokesciu-ekspertu\/#breadcrumb","itemListElement":[{"@type":"ListItem","position":1,"name":"Home","item":"https:\/\/elvkonsultacijos.lt\/en\/"},{"@type":"ListItem","position":2,"name":"Products","item":"https:\/\/elvkonsultacijos.lt\/en\/shop\/"},{"@type":"ListItem","position":3,"name":"Konsultacija su mokes\u010di\u0173 ekspertu"}]},{"@type":"WebSite","@id":"https:\/\/elvkonsultacijos.lt\/en\/#website","url":"https:\/\/elvkonsultacijos.lt\/en\/","name":"ELV Konsultacijos","description":"Buhalterin\u0117s apskaitos konsultacijos internetu","publisher":{"@id":"https:\/\/elvkonsultacijos.lt\/en\/#organization"},"potentialAction":[{"@type":"SearchAction","target":{"@type":"EntryPoint","urlTemplate":"https:\/\/elvkonsultacijos.lt\/en\/?s={search_term_string}"},"query-input":{"@type":"PropertyValueSpecification","valueRequired":true,"valueName":"search_term_string"}}],"inLanguage":"en-US"},{"@type":"Organization","@id":"https:\/\/elvkonsultacijos.lt\/en\/#organization","name":"ELV Projektai","url":"https:\/\/elvkonsultacijos.lt\/en\/","logo":{"@type":"ImageObject","inLanguage":"en-US","@id":"https:\/\/elvkonsultacijos.lt\/en\/#\/schema\/logo\/image\/","url":"https:\/\/elvkonsultacijos.lt\/wp-content\/uploads\/2024\/10\/logo.png","contentUrl":"https:\/\/elvkonsultacijos.lt\/wp-content\/uploads\/2024\/10\/logo.png","width":1500,"height":291,"caption":"ELV Projektai"},"image":{"@id":"https:\/\/elvkonsultacijos.lt\/en\/#\/schema\/logo\/image\/"},"sameAs":["https:\/\/www.facebook.com\/elvprojektai.lt\/"]}]}},"_links":{"self":[{"href":"https:\/\/elvkonsultacijos.lt\/en\/wp-json\/wp\/v2\/product\/5478","targetHints":{"allow":["GET"]}}],"collection":[{"href":"https:\/\/elvkonsultacijos.lt\/en\/wp-json\/wp\/v2\/product"}],"about":[{"href":"https:\/\/elvkonsultacijos.lt\/en\/wp-json\/wp\/v2\/types\/product"}],"version-history":[{"count":6,"href":"https:\/\/elvkonsultacijos.lt\/en\/wp-json\/wp\/v2\/product\/5478\/revisions"}],"predecessor-version":[{"id":106430,"href":"https:\/\/elvkonsultacijos.lt\/en\/wp-json\/wp\/v2\/product\/5478\/revisions\/106430"}],"wp:featuredmedia":[{"embeddable":true,"href":"https:\/\/elvkonsultacijos.lt\/en\/wp-json\/wp\/v2\/media\/106427"}],"wp:attachment":[{"href":"https:\/\/elvkonsultacijos.lt\/en\/wp-json\/wp\/v2\/media?parent=5478"}],"wp:term":[{"taxonomy":"product_brand","embeddable":true,"href":"https:\/\/elvkonsultacijos.lt\/en\/wp-json\/wp\/v2\/product_brand?post=5478"},{"taxonomy":"product_cat","embeddable":true,"href":"https:\/\/elvkonsultacijos.lt\/en\/wp-json\/wp\/v2\/product_cat?post=5478"},{"taxonomy":"product_tag","embeddable":true,"href":"https:\/\/elvkonsultacijos.lt\/en\/wp-json\/wp\/v2\/product_tag?post=5478"}],"curies":[{"name":"wp","href":"https:\/\/api.w.org\/{rel}","templated":true}]}}