{"id":5495,"date":"2021-10-01T15:35:10","date_gmt":"2021-10-01T14:35:10","guid":{"rendered":"http:\/\/elvkonsultacijos.lt\/product\/product005\/"},"modified":"2025-09-29T10:28:18","modified_gmt":"2025-09-29T10:28:18","slug":"imones-pavadinimo-rezervavimas","status":"publish","type":"product","link":"https:\/\/elvkonsultacijos.lt\/en\/paslaugos\/imones-pavadinimo-rezervavimas\/","title":{"rendered":"\u012emon\u0117s pavadinimo rezervavimas"},"content":{"rendered":"\t\t<div data-elementor-type=\"product-post\" data-elementor-id=\"5495\" class=\"elementor elementor-5495\" data-elementor-post-type=\"product\">\n\t\t\t\t<div class=\"elementor-element elementor-element-48d74e2 e-flex e-con-boxed e-con e-parent\" data-id=\"48d74e2\" data-element_type=\"container\" data-e-type=\"container\">\n\t\t\t\t\t<div class=\"e-con-inner\">\n\t\t\t\t<div class=\"elementor-element elementor-element-deddf08 elementor-widget elementor-widget-text-editor\" data-id=\"deddf08\" data-element_type=\"widget\" data-e-type=\"widget\" data-widget_type=\"text-editor.default\">\n\t\t\t\t<div class=\"elementor-widget-container\">\n\t\t\t\t\t\t\t\t\t<p>\u012emon\u0117s pavadinimo rezervavimas Registr\u0173 centre yra svarbus \u017eingsnis pradedant versl\u0105 Lietuvoje. Pirmiausia, norint u\u017eregistruoti \u012fmon\u0119, b\u016btina pasirinkti unikal\u0173 pavadinim\u0105, kuris neb\u016bt\u0173 naudojamas kit\u0173 \u012fmoni\u0173. Pavadinimo rezervavimas leid\u017eia u\u017etikrinti, kad pasirinktas pavadinimas nebus panaudotas kitos \u012fmon\u0117s, ir suteikia teis\u0119 per nustatyt\u0105 laikotarp\u012f (iki 6 m\u0117nesi\u0173) \u012fregistruoti \u012fmon\u0119 su \u0161iuo pavadinimu. Pavadinimo rezervavimas atliekamas internetu per Registr\u0173 centro sistem\u0105, pateikiant pra\u0161ym\u0105 ir sumokant nustatyt\u0105 mokest\u012f. Pasibaigus rezervavimo terminui, jei \u012fmon\u0117 n\u0117ra \u012fregistruota, pavadinimas tampa laisvas ir gali b\u016bti naudojamas kit\u0173 asmen\u0173. \u0160is procesas padeda u\u017etikrinti, kad \u012fmon\u0117s pavadinimas atitikt\u0173 teis\u0117s aktus ir neb\u016bt\u0173 klaidinantis ar pana\u0161us \u012f kit\u0173 veikian\u010di\u0173 \u012fmoni\u0173 pavadinimus.<\/p><p>Paslaugos atlikimo terminas \u2013 nuo 2 darbo dien\u0173 po dokument\u0173 pasira\u0161ymo, priklausomai nuo individuali\u0173 aplinkybi\u0173.<\/p>\t\t\t\t\t\t\t\t<\/div>\n\t\t\t\t<\/div>\n\t\t\t\t<div class=\"elementor-element elementor-element-8186f52 calendar-accordion elementor-widget elementor-widget-n-accordion\" data-id=\"8186f52\" data-element_type=\"widget\" data-e-type=\"widget\" data-settings=\"{&quot;default_state&quot;:&quot;expanded&quot;,&quot;max_items_expended&quot;:&quot;one&quot;,&quot;n_accordion_animation_duration&quot;:{&quot;unit&quot;:&quot;ms&quot;,&quot;size&quot;:400,&quot;sizes&quot;:[]}}\" data-widget_type=\"nested-accordion.default\">\n\t\t\t\t<div class=\"elementor-widget-container\">\n\t\t\t\t\t\t\t<div class=\"e-n-accordion\" aria-label=\"Accordion. Open links with Enter or Space, close with Escape, and navigate with Arrow Keys\">\n\t\t\t\t\t\t<details id=\"e-n-accordion-item-1350\" class=\"e-n-accordion-item\" open>\n\t\t\t\t<summary class=\"e-n-accordion-item-title\" data-accordion-index=\"1\" tabindex=\"0\" aria-expanded=\"true\" aria-controls=\"e-n-accordion-item-1350\" >\n\t\t\t\t\t<span class='e-n-accordion-item-title-header'><div class=\"e-n-accordion-item-title-text\"> Pasirinkite skambu\u010dio dat\u0105 ir laik\u0105 <\/div><\/span>\n\t\t\t\t\t\t\t<span class='e-n-accordion-item-title-icon'>\n\t\t\t<span class='e-opened' ><svg xmlns=\"http:\/\/www.w3.org\/2000\/svg\" viewBox=\"0 0 256 256\" fill=\"currentColor\"><path d=\"M213.66,101.66l-80,80a8,8,0,0,1-11.32,0l-80-80A8,8,0,0,1,53.66,90.34L128,164.69l74.34-74.35a8,8,0,0,1,11.32,11.32Z\"><\/path><\/svg><\/span>\n\t\t\t<span class='e-closed'><svg xmlns=\"http:\/\/www.w3.org\/2000\/svg\" viewBox=\"0 0 256 256\" fill=\"currentColor\"><path d=\"M213.66,165.66a8,8,0,0,1-11.32,0L128,91.31,53.66,165.66a8,8,0,0,1-11.32-11.32l80-80a8,8,0,0,1,11.32,0l80,80A8,8,0,0,1,213.66,165.66Z\"><\/path><\/svg><\/span>\n\t\t<\/span>\n\n\t\t\t\t\t\t<\/summary>\n\t\t\t\t<div role=\"region\" aria-labelledby=\"e-n-accordion-item-1350\" class=\"elementor-element elementor-element-6144a71 e-con-full e-flex e-con e-child\" data-id=\"6144a71\" data-element_type=\"container\" data-e-type=\"container\">\n\t\t\t\t<div class=\"elementor-element elementor-element-320d799 elementor-widget elementor-widget-shortcode\" data-id=\"320d799\" data-element_type=\"widget\" data-e-type=\"widget\" data-widget_type=\"shortcode.default\">\n\t\t\t\t<div class=\"elementor-widget-container\">\n\t\t\t\t\t\t\t<div class=\"elementor-shortcode\"><div class=\"react-app-container\">\n            <div\n                id=\"react-app-69ff628ec3196\"\n                data-product-name=\"\"\n                data-product-id=\"\"\n            >\n            <\/div>\n        <\/div><\/div>\n\t\t\t\t\t\t<\/div>\n\t\t\t\t<\/div>\n\t\t\t\t<\/div>\n\t\t\t\t\t<\/details>\n\t\t\t\t\t<\/div>\n\t\t\t\t\t\t<\/div>\n\t\t\t\t<\/div>\n\t\t<div class=\"elementor-element elementor-element-3cc8984 e-con-full e-flex e-con e-child\" data-id=\"3cc8984\" data-element_type=\"container\" data-e-type=\"container\">\n\t\t\t\t<div class=\"elementor-element elementor-element-bf8ec03 elementor-widget elementor-widget-the7-heading\" data-id=\"bf8ec03\" data-element_type=\"widget\" data-e-type=\"widget\" data-widget_type=\"the7-heading.default\">\n\t\t\t\t<div class=\"elementor-widget-container\">\n\t\t\t\t\t<h2 class=\"the7-heading-title elementor-size-default\">Papildoma informacija apie paslaug\u0105<\/h2>\t\t\t\t<\/div>\n\t\t\t\t<\/div>\n\t\t\t\t<div class=\"elementor-element elementor-element-e3b6e22 product-additional-info elementor-widget elementor-widget-the7-accordion\" data-id=\"e3b6e22\" data-element_type=\"widget\" data-e-type=\"widget\" data-widget_type=\"the7-accordion.default\">\n\t\t\t\t<div class=\"elementor-widget-container\">\n\t\t\t\t\t\t\t<div class=\"elementor-accordion the7-adv-accordion\" data-accordion-type=\"accordion\" role=\"tablist\">\n\t\t\t\t\t\t\t<div class=\"elementor-accordion-item\">\n\t\t\t\t\t<h4 id=\"elementor-tab-title-2381\" class=\"elementor-tab-title the7-accordion-header deactive-default\" data-tab=\"1\" role=\"tab\" aria-controls=\"elementor-tab-content-2381\">\n\n\t\t\t\t\t\t\t\t\t\t\t\t\t<span class=\"elementor-accordion-icon elementor-accordion-icon-right\" aria-hidden=\"true\">\n\t\t\t\t\t\t\t\t\t\t\t\t\t\t\t<span class=\"elementor-accordion-icon-closed\"><svg xmlns=\"http:\/\/www.w3.org\/2000\/svg\" viewBox=\"0 0 256 256\" fill=\"currentColor\"><path d=\"M213.66,101.66l-80,80a8,8,0,0,1-11.32,0l-80-80A8,8,0,0,1,53.66,90.34L128,164.69l74.34-74.35a8,8,0,0,1,11.32,11.32Z\"><\/path><\/svg><\/span>\n\t\t\t\t\t\t\t\t\t\t\t\t\t\t\t\t\t<span class=\"elementor-accordion-icon-opened\"><svg xmlns=\"http:\/\/www.w3.org\/2000\/svg\" viewBox=\"0 0 256 256\" fill=\"currentColor\"><path d=\"M213.66,165.66a8,8,0,0,1-11.32,0L128,91.31,53.66,165.66a8,8,0,0,1-11.32-11.32l80-80a8,8,0,0,1,11.32,0l80,80A8,8,0,0,1,213.66,165.66Z\"><\/path><\/svg><\/span>\n\t\t\t\t\t\t\t\t\t\t\t\t\t\t\t\t\t\t\t\t\t\t<\/span>\n\t\t\t\t\t\t\t\t\t\t\t\t\t\t\t\t\t\t<a class=\"elementor-accordion-title\" href=\"\">Kaip patikrinti ar norimas \u012fregistruoti pavadinimas yra unikalus?<\/a>\n\t\t\t\t\t<\/h4>\n\t\t\t\t\t<div id=\"elementor-tab-content-2381\" class=\"elementor-tab-content elementor-clearfix deactive-default\" data-tab=\"1\" role=\"tabpanel\" aria-labelledby=\"elementor-tab-title-2381\"><ul><li><p><span style=\"font-size: medium;\"><b>Naudotis Registr\u0173 centro paie\u0161kos sistema<\/b><\/span><span style=\"font-size: medium;\">: Registr\u0173 centras si\u016blo nemokam\u0105 internetin\u0119 paslaug\u0105, kurios pagalba galima patikrinti, ar norimas pavadinimas jau yra u\u017eregistruotas. Nor\u0117dami atlikti paie\u0161k\u0105, turite eiti \u012f Registr\u0173 centro svetain\u0119 (https:\/\/www.registrucentras.lt) ir naudoti \u201e\u012emoni\u0173 paie\u0161k\u0105\u201c. Joje galite \u012fvesti norim\u0105 pavadinim\u0105 ir su\u017einoti, ar jis laisvas;<\/span><\/p><\/li><li><p><span style=\"font-size: medium;\"><b>\u012evertinti pavadinimo unikalum\u0105 pagal teis\u0117s aktus<\/b><\/span><span style=\"font-size: medium;\">: Pavadinimas turi b\u016bti ne tik unikalus, bet ir atitikti tam tikras taisykles &#8211; jis neturi klaidinti vartotoj\u0173 ir turi b\u016bti kiek \u012fmanoma i\u0161skirtinesnis ir neb\u016bti pernelyg pana\u0161us \u012f kit\u0173 \u012fmoni\u0173 pavadinimus;<\/span><\/p><\/li><li><p><span style=\"font-size: medium;\"><b>Pavadinimo rezervavimas<\/b><\/span><span style=\"font-size: medium;\">: Jei paie\u0161ka nesuteik\u0117 ai\u0161kumo, galite rezervuoti pavadinim\u0105 Registr\u0173 centre. Tai leis Jums i\u0161saugoti pavadinim\u0105 iki 6 m\u0117nesi\u0173, kad gal\u0117tum\u0117te \u012fregistruoti \u012fmon\u0119 savo norimu pavadinimu. Rezervavimas pad\u0117s u\u017etikrinti, kad kiti asmenys bent tuo laikotarpiu negal\u0117s naudoti J\u016bs\u0173 norimo pavadinimo.<\/span><\/p><\/li><\/ul><\/div>\n\t\t\t\t<\/div>\n\t\t\t\t\t<\/div>\n\t\t\t\t\t\t<\/div>\n\t\t\t\t<\/div>\n\t\t\t\t<\/div>\n\t\t\t\t\t<\/div>\n\t\t\t\t<\/div>\n\t\t\t\t<\/div>\n\t\t","protected":false},"excerpt":{"rendered":"<p>\u012emon\u0117s pavadinimo rezervavimas Registr\u0173 centre yra svarbus \u017eingsnis pradedant versl\u0105 Lietuvoje. Pirmiausia, norint u\u017eregistruoti \u012fmon\u0119, b\u016btina pasirinkti unikal\u0173 pavadinim\u0105, kuris neb\u016bt\u0173 naudojamas kit\u0173 \u012fmoni\u0173. Pavadinimo rezervavimas leid\u017eia u\u017etikrinti, kad pasirinktas pavadinimas nebus panaudotas kitos \u012fmon\u0117s, ir suteikia teis\u0119 per nustatyt\u0105 laikotarp\u012f (iki 6 m\u0117nesi\u0173) \u012fregistruoti \u012fmon\u0119 su \u0161iuo pavadinimu.<\/p>\n","protected":false},"featured_media":104476,"template":"","meta":{"_acf_changed":false},"product_brand":[],"product_cat":[39],"product_tag":[],"class_list":{"0":"post-5495","1":"product","2":"type-product","3":"status-publish","4":"has-post-thumbnail","6":"product_cat-all-products","8":"first","9":"instock","10":"sold-individually","11":"shipping-taxable","12":"purchasable","13":"product-type-simple"},"acf":[],"aioseo_notices":[],"yoast_head":"<!-- This site is optimized with the Yoast SEO plugin v27.3 - https:\/\/yoast.com\/product\/yoast-seo-wordpress\/ -->\n<title>\u012emon\u0117s pavadinimo rezervavimas - ELVkonsultacijos.lt<\/title>\n<meta name=\"robots\" content=\"index, follow, max-snippet:-1, max-image-preview:large, max-video-preview:-1\" \/>\n<link rel=\"canonical\" href=\"https:\/\/elvkonsultacijos.lt\/en\/paslaugos\/imones-pavadinimo-rezervavimas\/\" \/>\n<meta property=\"og:locale\" content=\"en_US\" \/>\n<meta property=\"og:type\" content=\"article\" \/>\n<meta property=\"og:title\" content=\"\u012emon\u0117s pavadinimo rezervavimas - ELVkonsultacijos.lt\" \/>\n<meta property=\"og:description\" content=\"\u012emon\u0117s pavadinimo rezervavimas Registr\u0173 centre yra svarbus \u017eingsnis pradedant versl\u0105 Lietuvoje. Pirmiausia, norint u\u017eregistruoti \u012fmon\u0119, b\u016btina pasirinkti unikal\u0173 pavadinim\u0105, kuris neb\u016bt\u0173 naudojamas kit\u0173 \u012fmoni\u0173. Pavadinimo rezervavimas leid\u017eia u\u017etikrinti, kad pasirinktas pavadinimas nebus panaudotas kitos \u012fmon\u0117s, ir suteikia teis\u0119 per nustatyt\u0105 laikotarp\u012f (iki 6 m\u0117nesi\u0173) \u012fregistruoti \u012fmon\u0119 su \u0161iuo pavadinimu.\" \/>\n<meta property=\"og:url\" content=\"https:\/\/elvkonsultacijos.lt\/en\/paslaugos\/imones-pavadinimo-rezervavimas\/\" \/>\n<meta property=\"og:site_name\" content=\"ELVkonsultacijos.lt\" \/>\n<meta property=\"article:publisher\" content=\"https:\/\/www.facebook.com\/elvprojektai.lt\/\" \/>\n<meta property=\"article:modified_time\" content=\"2025-09-29T10:28:18+00:00\" \/>\n<meta property=\"og:image\" content=\"https:\/\/elvkonsultacijos.lt\/wp-content\/uploads\/2021\/10\/Group-51.png\" \/>\n\t<meta property=\"og:image:width\" content=\"548\" \/>\n\t<meta property=\"og:image:height\" content=\"285\" \/>\n\t<meta property=\"og:image:type\" content=\"image\/png\" \/>\n<meta name=\"twitter:card\" content=\"summary_large_image\" \/>\n<meta name=\"twitter:label1\" content=\"Est. reading time\" \/>\n\t<meta name=\"twitter:data1\" content=\"2 minutes\" \/>\n<script type=\"application\/ld+json\" class=\"yoast-schema-graph\">{\"@context\":\"https:\\\/\\\/schema.org\",\"@graph\":[{\"@type\":\"WebPage\",\"@id\":\"https:\\\/\\\/elvkonsultacijos.lt\\\/en\\\/paslaugos\\\/imones-pavadinimo-rezervavimas\\\/\",\"url\":\"https:\\\/\\\/elvkonsultacijos.lt\\\/en\\\/paslaugos\\\/imones-pavadinimo-rezervavimas\\\/\",\"name\":\"\u012emon\u0117s pavadinimo rezervavimas - ELVkonsultacijos.lt\",\"isPartOf\":{\"@id\":\"https:\\\/\\\/elvkonsultacijos.lt\\\/en\\\/#website\"},\"primaryImageOfPage\":{\"@id\":\"https:\\\/\\\/elvkonsultacijos.lt\\\/en\\\/paslaugos\\\/imones-pavadinimo-rezervavimas\\\/#primaryimage\"},\"image\":{\"@id\":\"https:\\\/\\\/elvkonsultacijos.lt\\\/en\\\/paslaugos\\\/imones-pavadinimo-rezervavimas\\\/#primaryimage\"},\"thumbnailUrl\":\"https:\\\/\\\/elvkonsultacijos.lt\\\/wp-content\\\/uploads\\\/2021\\\/10\\\/Group-51.png\",\"datePublished\":\"2021-10-01T14:35:10+00:00\",\"dateModified\":\"2025-09-29T10:28:18+00:00\",\"breadcrumb\":{\"@id\":\"https:\\\/\\\/elvkonsultacijos.lt\\\/en\\\/paslaugos\\\/imones-pavadinimo-rezervavimas\\\/#breadcrumb\"},\"inLanguage\":\"en-US\",\"potentialAction\":[{\"@type\":\"ReadAction\",\"target\":[\"https:\\\/\\\/elvkonsultacijos.lt\\\/en\\\/paslaugos\\\/imones-pavadinimo-rezervavimas\\\/\"]}]},{\"@type\":\"ImageObject\",\"inLanguage\":\"en-US\",\"@id\":\"https:\\\/\\\/elvkonsultacijos.lt\\\/en\\\/paslaugos\\\/imones-pavadinimo-rezervavimas\\\/#primaryimage\",\"url\":\"https:\\\/\\\/elvkonsultacijos.lt\\\/wp-content\\\/uploads\\\/2021\\\/10\\\/Group-51.png\",\"contentUrl\":\"https:\\\/\\\/elvkonsultacijos.lt\\\/wp-content\\\/uploads\\\/2021\\\/10\\\/Group-51.png\",\"width\":548,\"height\":285},{\"@type\":\"BreadcrumbList\",\"@id\":\"https:\\\/\\\/elvkonsultacijos.lt\\\/en\\\/paslaugos\\\/imones-pavadinimo-rezervavimas\\\/#breadcrumb\",\"itemListElement\":[{\"@type\":\"ListItem\",\"position\":1,\"name\":\"Home\",\"item\":\"https:\\\/\\\/elvkonsultacijos.lt\\\/en\\\/\"},{\"@type\":\"ListItem\",\"position\":2,\"name\":\"Products\",\"item\":\"https:\\\/\\\/elvkonsultacijos.lt\\\/en\\\/shop\\\/\"},{\"@type\":\"ListItem\",\"position\":3,\"name\":\"\u012emon\u0117s pavadinimo rezervavimas\"}]},{\"@type\":\"WebSite\",\"@id\":\"https:\\\/\\\/elvkonsultacijos.lt\\\/en\\\/#website\",\"url\":\"https:\\\/\\\/elvkonsultacijos.lt\\\/en\\\/\",\"name\":\"ELV Konsultacijos\",\"description\":\"Buhalterin\u0117s apskaitos konsultacijos internetu\",\"publisher\":{\"@id\":\"https:\\\/\\\/elvkonsultacijos.lt\\\/en\\\/#organization\"},\"potentialAction\":[{\"@type\":\"SearchAction\",\"target\":{\"@type\":\"EntryPoint\",\"urlTemplate\":\"https:\\\/\\\/elvkonsultacijos.lt\\\/en\\\/?s={search_term_string}\"},\"query-input\":{\"@type\":\"PropertyValueSpecification\",\"valueRequired\":true,\"valueName\":\"search_term_string\"}}],\"inLanguage\":\"en-US\"},{\"@type\":\"Organization\",\"@id\":\"https:\\\/\\\/elvkonsultacijos.lt\\\/en\\\/#organization\",\"name\":\"ELV Projektai\",\"url\":\"https:\\\/\\\/elvkonsultacijos.lt\\\/en\\\/\",\"logo\":{\"@type\":\"ImageObject\",\"inLanguage\":\"en-US\",\"@id\":\"https:\\\/\\\/elvkonsultacijos.lt\\\/en\\\/#\\\/schema\\\/logo\\\/image\\\/\",\"url\":\"https:\\\/\\\/elvkonsultacijos.lt\\\/wp-content\\\/uploads\\\/2024\\\/10\\\/logo.png\",\"contentUrl\":\"https:\\\/\\\/elvkonsultacijos.lt\\\/wp-content\\\/uploads\\\/2024\\\/10\\\/logo.png\",\"width\":1500,\"height\":291,\"caption\":\"ELV Projektai\"},\"image\":{\"@id\":\"https:\\\/\\\/elvkonsultacijos.lt\\\/en\\\/#\\\/schema\\\/logo\\\/image\\\/\"},\"sameAs\":[\"https:\\\/\\\/www.facebook.com\\\/elvprojektai.lt\\\/\"]}]}<\/script>\n<!-- \/ Yoast SEO plugin. -->","yoast_head_json":{"title":"\u012emon\u0117s pavadinimo rezervavimas - ELVkonsultacijos.lt","robots":{"index":"index","follow":"follow","max-snippet":"max-snippet:-1","max-image-preview":"max-image-preview:large","max-video-preview":"max-video-preview:-1"},"canonical":"https:\/\/elvkonsultacijos.lt\/en\/paslaugos\/imones-pavadinimo-rezervavimas\/","og_locale":"en_US","og_type":"article","og_title":"\u012emon\u0117s pavadinimo rezervavimas - ELVkonsultacijos.lt","og_description":"\u012emon\u0117s pavadinimo rezervavimas Registr\u0173 centre yra svarbus \u017eingsnis pradedant versl\u0105 Lietuvoje. Pirmiausia, norint u\u017eregistruoti \u012fmon\u0119, b\u016btina pasirinkti unikal\u0173 pavadinim\u0105, kuris neb\u016bt\u0173 naudojamas kit\u0173 \u012fmoni\u0173. Pavadinimo rezervavimas leid\u017eia u\u017etikrinti, kad pasirinktas pavadinimas nebus panaudotas kitos \u012fmon\u0117s, ir suteikia teis\u0119 per nustatyt\u0105 laikotarp\u012f (iki 6 m\u0117nesi\u0173) \u012fregistruoti \u012fmon\u0119 su \u0161iuo pavadinimu.","og_url":"https:\/\/elvkonsultacijos.lt\/en\/paslaugos\/imones-pavadinimo-rezervavimas\/","og_site_name":"ELVkonsultacijos.lt","article_publisher":"https:\/\/www.facebook.com\/elvprojektai.lt\/","article_modified_time":"2025-09-29T10:28:18+00:00","og_image":[{"width":548,"height":285,"url":"https:\/\/elvkonsultacijos.lt\/wp-content\/uploads\/2021\/10\/Group-51.png","type":"image\/png"}],"twitter_card":"summary_large_image","twitter_misc":{"Est. reading time":"2 minutes"},"schema":{"@context":"https:\/\/schema.org","@graph":[{"@type":"WebPage","@id":"https:\/\/elvkonsultacijos.lt\/en\/paslaugos\/imones-pavadinimo-rezervavimas\/","url":"https:\/\/elvkonsultacijos.lt\/en\/paslaugos\/imones-pavadinimo-rezervavimas\/","name":"\u012emon\u0117s pavadinimo rezervavimas - ELVkonsultacijos.lt","isPartOf":{"@id":"https:\/\/elvkonsultacijos.lt\/en\/#website"},"primaryImageOfPage":{"@id":"https:\/\/elvkonsultacijos.lt\/en\/paslaugos\/imones-pavadinimo-rezervavimas\/#primaryimage"},"image":{"@id":"https:\/\/elvkonsultacijos.lt\/en\/paslaugos\/imones-pavadinimo-rezervavimas\/#primaryimage"},"thumbnailUrl":"https:\/\/elvkonsultacijos.lt\/wp-content\/uploads\/2021\/10\/Group-51.png","datePublished":"2021-10-01T14:35:10+00:00","dateModified":"2025-09-29T10:28:18+00:00","breadcrumb":{"@id":"https:\/\/elvkonsultacijos.lt\/en\/paslaugos\/imones-pavadinimo-rezervavimas\/#breadcrumb"},"inLanguage":"en-US","potentialAction":[{"@type":"ReadAction","target":["https:\/\/elvkonsultacijos.lt\/en\/paslaugos\/imones-pavadinimo-rezervavimas\/"]}]},{"@type":"ImageObject","inLanguage":"en-US","@id":"https:\/\/elvkonsultacijos.lt\/en\/paslaugos\/imones-pavadinimo-rezervavimas\/#primaryimage","url":"https:\/\/elvkonsultacijos.lt\/wp-content\/uploads\/2021\/10\/Group-51.png","contentUrl":"https:\/\/elvkonsultacijos.lt\/wp-content\/uploads\/2021\/10\/Group-51.png","width":548,"height":285},{"@type":"BreadcrumbList","@id":"https:\/\/elvkonsultacijos.lt\/en\/paslaugos\/imones-pavadinimo-rezervavimas\/#breadcrumb","itemListElement":[{"@type":"ListItem","position":1,"name":"Home","item":"https:\/\/elvkonsultacijos.lt\/en\/"},{"@type":"ListItem","position":2,"name":"Products","item":"https:\/\/elvkonsultacijos.lt\/en\/shop\/"},{"@type":"ListItem","position":3,"name":"\u012emon\u0117s pavadinimo rezervavimas"}]},{"@type":"WebSite","@id":"https:\/\/elvkonsultacijos.lt\/en\/#website","url":"https:\/\/elvkonsultacijos.lt\/en\/","name":"ELV Konsultacijos","description":"Buhalterin\u0117s apskaitos konsultacijos internetu","publisher":{"@id":"https:\/\/elvkonsultacijos.lt\/en\/#organization"},"potentialAction":[{"@type":"SearchAction","target":{"@type":"EntryPoint","urlTemplate":"https:\/\/elvkonsultacijos.lt\/en\/?s={search_term_string}"},"query-input":{"@type":"PropertyValueSpecification","valueRequired":true,"valueName":"search_term_string"}}],"inLanguage":"en-US"},{"@type":"Organization","@id":"https:\/\/elvkonsultacijos.lt\/en\/#organization","name":"ELV Projektai","url":"https:\/\/elvkonsultacijos.lt\/en\/","logo":{"@type":"ImageObject","inLanguage":"en-US","@id":"https:\/\/elvkonsultacijos.lt\/en\/#\/schema\/logo\/image\/","url":"https:\/\/elvkonsultacijos.lt\/wp-content\/uploads\/2024\/10\/logo.png","contentUrl":"https:\/\/elvkonsultacijos.lt\/wp-content\/uploads\/2024\/10\/logo.png","width":1500,"height":291,"caption":"ELV Projektai"},"image":{"@id":"https:\/\/elvkonsultacijos.lt\/en\/#\/schema\/logo\/image\/"},"sameAs":["https:\/\/www.facebook.com\/elvprojektai.lt\/"]}]}},"_links":{"self":[{"href":"https:\/\/elvkonsultacijos.lt\/en\/wp-json\/wp\/v2\/product\/5495","targetHints":{"allow":["GET"]}}],"collection":[{"href":"https:\/\/elvkonsultacijos.lt\/en\/wp-json\/wp\/v2\/product"}],"about":[{"href":"https:\/\/elvkonsultacijos.lt\/en\/wp-json\/wp\/v2\/types\/product"}],"version-history":[{"count":4,"href":"https:\/\/elvkonsultacijos.lt\/en\/wp-json\/wp\/v2\/product\/5495\/revisions"}],"predecessor-version":[{"id":106378,"href":"https:\/\/elvkonsultacijos.lt\/en\/wp-json\/wp\/v2\/product\/5495\/revisions\/106378"}],"wp:featuredmedia":[{"embeddable":true,"href":"https:\/\/elvkonsultacijos.lt\/en\/wp-json\/wp\/v2\/media\/104476"}],"wp:attachment":[{"href":"https:\/\/elvkonsultacijos.lt\/en\/wp-json\/wp\/v2\/media?parent=5495"}],"wp:term":[{"taxonomy":"product_brand","embeddable":true,"href":"https:\/\/elvkonsultacijos.lt\/en\/wp-json\/wp\/v2\/product_brand?post=5495"},{"taxonomy":"product_cat","embeddable":true,"href":"https:\/\/elvkonsultacijos.lt\/en\/wp-json\/wp\/v2\/product_cat?post=5495"},{"taxonomy":"product_tag","embeddable":true,"href":"https:\/\/elvkonsultacijos.lt\/en\/wp-json\/wp\/v2\/product_tag?post=5495"}],"curies":[{"name":"wp","href":"https:\/\/api.w.org\/{rel}","templated":true}]}}