{"id":102669,"date":"2024-10-25T12:26:23","date_gmt":"2024-10-25T12:26:23","guid":{"rendered":"http:\/\/elvkonsultacijos.lt\/?post_type=product&#038;p=102669"},"modified":"2025-09-25T16:43:56","modified_gmt":"2025-09-25T16:43:56","slug":"intrastato-apskaitos-konsultacija","status":"publish","type":"product","link":"https:\/\/elvkonsultacijos.lt\/ru\/paslaugos\/intrastato-apskaitos-konsultacija\/","title":{"rendered":"Intrastato apskaitos konsultacija"},"content":{"rendered":"\t\t<div data-elementor-type=\"product-post\" data-elementor-id=\"102669\" class=\"elementor elementor-102669\" data-elementor-post-type=\"product\">\n\t\t\t\t<div class=\"elementor-element elementor-element-8ef8cbe e-flex e-con-boxed e-con e-parent\" data-id=\"8ef8cbe\" data-element_type=\"container\" data-e-type=\"container\">\n\t\t\t\t\t<div class=\"e-con-inner\">\n\t\t\t\t<div class=\"elementor-element elementor-element-a9e15d0 elementor-widget elementor-widget-text-editor\" data-id=\"a9e15d0\" data-element_type=\"widget\" data-e-type=\"widget\" data-widget_type=\"text-editor.default\">\n\t\t\t\t<div class=\"elementor-widget-container\">\n\t\t\t\t\t\t\t\t\t<p>Ataskaitas reikia teikti ne visiems verslo subjektams dirbantiems prekyboje su ES \u0161alimis nar\u0117mis. Pateikti Intrastato ataskaitas reikia tiems PVM mok\u0117tojams, kurie per vienerius mokestinius metus vir\u0161ijo numatyto importo ar eksporto ribas. Kiekvienais metais \u0161i\u0105 rib\u0105 nuo kurios ataskaitos privalo b\u016bti pateiktos nustato Lietuvos statistikos departamentas.<\/p><p>Paslaugos atlikimo terminas \u2013 nuo 2 darbo dien\u0173 po dokument\u0173 pasira\u0161ymo, priklausomai nuo individuali\u0173 aplinkybi\u0173.<\/p>\t\t\t\t\t\t\t\t<\/div>\n\t\t\t\t<\/div>\n\t\t\t\t<div class=\"elementor-element elementor-element-100c49d calendar-accordion elementor-widget elementor-widget-n-accordion\" data-id=\"100c49d\" data-element_type=\"widget\" data-e-type=\"widget\" data-settings=\"{&quot;default_state&quot;:&quot;expanded&quot;,&quot;max_items_expended&quot;:&quot;one&quot;,&quot;n_accordion_animation_duration&quot;:{&quot;unit&quot;:&quot;ms&quot;,&quot;size&quot;:400,&quot;sizes&quot;:[]}}\" data-widget_type=\"nested-accordion.default\">\n\t\t\t\t<div class=\"elementor-widget-container\">\n\t\t\t\t\t\t\t<div class=\"e-n-accordion\" aria-label=\"Accordion. Open links with Enter or Space, close with Escape, and navigate with Arrow Keys\">\n\t\t\t\t\t\t<details id=\"e-n-accordion-item-1680\" class=\"e-n-accordion-item\" open>\n\t\t\t\t<summary class=\"e-n-accordion-item-title\" data-accordion-index=\"1\" tabindex=\"0\" aria-expanded=\"true\" aria-controls=\"e-n-accordion-item-1680\" >\n\t\t\t\t\t<span class='e-n-accordion-item-title-header'><div class=\"e-n-accordion-item-title-text\"> Pasirinkite skambu\u010dio dat\u0105 ir laik\u0105 <\/div><\/span>\n\t\t\t\t\t\t\t<span class='e-n-accordion-item-title-icon'>\n\t\t\t<span class='e-opened' ><svg xmlns=\"http:\/\/www.w3.org\/2000\/svg\" viewBox=\"0 0 256 256\" fill=\"currentColor\"><path d=\"M213.66,165.66a8,8,0,0,1-11.32,0L128,91.31,53.66,165.66a8,8,0,0,1-11.32-11.32l80-80a8,8,0,0,1,11.32,0l80,80A8,8,0,0,1,213.66,165.66Z\"><\/path><\/svg><\/span>\n\t\t\t<span class='e-closed'><svg xmlns=\"http:\/\/www.w3.org\/2000\/svg\" viewBox=\"0 0 256 256\" fill=\"currentColor\"><path d=\"M213.66,101.66l-80,80a8,8,0,0,1-11.32,0l-80-80A8,8,0,0,1,53.66,90.34L128,164.69l74.34-74.35a8,8,0,0,1,11.32,11.32Z\"><\/path><\/svg><\/span>\n\t\t<\/span>\n\n\t\t\t\t\t\t<\/summary>\n\t\t\t\t<div role=\"region\" aria-labelledby=\"e-n-accordion-item-1680\" class=\"elementor-element elementor-element-e0df6c9 e-con-full e-flex e-con e-child\" data-id=\"e0df6c9\" data-element_type=\"container\" data-e-type=\"container\">\n\t\t\t\t<div class=\"elementor-element elementor-element-e71f138 elementor-widget elementor-widget-shortcode\" data-id=\"e71f138\" data-element_type=\"widget\" data-e-type=\"widget\" data-widget_type=\"shortcode.default\">\n\t\t\t\t<div class=\"elementor-widget-container\">\n\t\t\t\t\t\t\t<div class=\"elementor-shortcode\"><div class=\"react-app-container\">\n            <div\n                id=\"react-app-69fdd5e673dd2\"\n                data-product-name=\"\"\n                data-product-id=\"\"\n            >\n            <\/div>\n        <\/div><\/div>\n\t\t\t\t\t\t<\/div>\n\t\t\t\t<\/div>\n\t\t\t\t<\/div>\n\t\t\t\t\t<\/details>\n\t\t\t\t\t<\/div>\n\t\t\t\t\t\t<\/div>\n\t\t\t\t<\/div>\n\t\t<div class=\"elementor-element elementor-element-7019a49 e-con-full e-flex e-con e-child\" data-id=\"7019a49\" data-element_type=\"container\" data-e-type=\"container\">\n\t\t\t\t<div class=\"elementor-element elementor-element-c99b221 elementor-widget elementor-widget-the7-heading\" data-id=\"c99b221\" data-element_type=\"widget\" data-e-type=\"widget\" data-widget_type=\"the7-heading.default\">\n\t\t\t\t<div class=\"elementor-widget-container\">\n\t\t\t\t\t<h2 class=\"the7-heading-title elementor-size-default\">Papildoma informacija apie paslaug\u0105<\/h2>\t\t\t\t<\/div>\n\t\t\t\t<\/div>\n\t\t\t\t<div class=\"elementor-element elementor-element-9f39939 product-additional-info elementor-widget elementor-widget-the7-accordion\" data-id=\"9f39939\" data-element_type=\"widget\" data-e-type=\"widget\" data-widget_type=\"the7-accordion.default\">\n\t\t\t\t<div class=\"elementor-widget-container\">\n\t\t\t\t\t\t\t<div class=\"elementor-accordion the7-adv-accordion\" data-accordion-type=\"accordion\" role=\"tablist\">\n\t\t\t\t\t\t\t<div class=\"elementor-accordion-item\">\n\t\t\t\t\t<h4 id=\"elementor-tab-title-1661\" class=\"elementor-tab-title the7-accordion-header deactive-default\" data-tab=\"1\" role=\"tab\" aria-controls=\"elementor-tab-content-1661\">\n\n\t\t\t\t\t\t\t\t\t\t\t\t\t<span class=\"elementor-accordion-icon elementor-accordion-icon-right\" aria-hidden=\"true\">\n\t\t\t\t\t\t\t\t\t\t\t\t\t\t\t<span class=\"elementor-accordion-icon-closed\"><svg xmlns=\"http:\/\/www.w3.org\/2000\/svg\" viewBox=\"0 0 256 256\" fill=\"currentColor\"><path d=\"M213.66,101.66l-80,80a8,8,0,0,1-11.32,0l-80-80A8,8,0,0,1,53.66,90.34L128,164.69l74.34-74.35a8,8,0,0,1,11.32,11.32Z\"><\/path><\/svg><\/span>\n\t\t\t\t\t\t\t\t\t\t\t\t\t\t\t\t\t<span class=\"elementor-accordion-icon-opened\"><svg xmlns=\"http:\/\/www.w3.org\/2000\/svg\" viewBox=\"0 0 256 256\" fill=\"currentColor\"><path d=\"M213.66,165.66a8,8,0,0,1-11.32,0L128,91.31,53.66,165.66a8,8,0,0,1-11.32-11.32l80-80a8,8,0,0,1,11.32,0l80,80A8,8,0,0,1,213.66,165.66Z\"><\/path><\/svg><\/span>\n\t\t\t\t\t\t\t\t\t\t\t\t\t\t\t\t\t\t\t\t\t\t<\/span>\n\t\t\t\t\t\t\t\t\t\t\t\t\t\t\t\t\t\t<a class=\"elementor-accordion-title\" href=\"\">Kada \u012fmon\u0117 turi teikti Intrastato ataskaitas?<\/a>\n\t\t\t\t\t<\/h4>\n\t\t\t\t\t<div id=\"elementor-tab-content-1661\" class=\"elementor-tab-content elementor-clearfix deactive-default\" data-tab=\"1\" role=\"tabpanel\" aria-labelledby=\"elementor-tab-title-1661\"><ul><li><span style=\"font-size: medium;\">Lietuvoje PVM mok\u0117tojais registruoti asmenys, kuri\u0173 einam\u0173j\u0173 met\u0173 \u012fve\u017eimo ir (arba) i\u0161ve\u017eimo sumin\u0117 vert\u0117 nuo met\u0173 prad\u017eios vir\u0161ijo nustatytas<\/span><\/li><li><span style=\"font-size: medium;\">Intrastato \u012fve\u017eimo ir (arba) i\u0161ve\u017eimo ataskait\u0173 teikimo ribas, pradedant m\u0117nesiu, kur\u012f riba buvo vir\u0161yta, iki kalendorini\u0173 met\u0173 pabaigos;<\/span><span style=\"font-size: medium;\">Intrastato ataskaita turi b\u016bti deklaruota muitinei pasibaigus ataskaitiniam m\u0117nesiui iki kito m\u0117nesio 10 darbo dienos;<\/span><\/li><li><span style=\"font-size: medium;\">Intrastato \u012fve\u017eimo ir i\u0161ve\u017eimo ribos yra apskai\u010diuojamos kalendoriniams metams, jas galite rasti LR muitin\u0117s tinklapyje.<\/span><\/li><li style=\"list-style-type: none;\">\u00a0<\/li><\/ul><\/div>\n\t\t\t\t<\/div>\n\t\t\t\t\t<\/div>\n\t\t\t\t\t\t<\/div>\n\t\t\t\t<\/div>\n\t\t\t\t<div class=\"elementor-element elementor-element-e5f8c76 product-additional-info elementor-widget elementor-widget-the7-accordion\" data-id=\"e5f8c76\" data-element_type=\"widget\" data-e-type=\"widget\" data-widget_type=\"the7-accordion.default\">\n\t\t\t\t<div class=\"elementor-widget-container\">\n\t\t\t\t\t\t\t<div class=\"elementor-accordion the7-adv-accordion\" data-accordion-type=\"accordion\" role=\"tablist\">\n\t\t\t\t\t\t\t<div class=\"elementor-accordion-item\">\n\t\t\t\t\t<h4 id=\"elementor-tab-title-2411\" class=\"elementor-tab-title the7-accordion-header deactive-default\" data-tab=\"1\" role=\"tab\" aria-controls=\"elementor-tab-content-2411\">\n\n\t\t\t\t\t\t\t\t\t\t\t\t\t<span class=\"elementor-accordion-icon elementor-accordion-icon-right\" aria-hidden=\"true\">\n\t\t\t\t\t\t\t\t\t\t\t\t\t\t\t<span class=\"elementor-accordion-icon-closed\"><svg xmlns=\"http:\/\/www.w3.org\/2000\/svg\" viewBox=\"0 0 256 256\" fill=\"currentColor\"><path d=\"M213.66,101.66l-80,80a8,8,0,0,1-11.32,0l-80-80A8,8,0,0,1,53.66,90.34L128,164.69l74.34-74.35a8,8,0,0,1,11.32,11.32Z\"><\/path><\/svg><\/span>\n\t\t\t\t\t\t\t\t\t\t\t\t\t\t\t\t\t<span class=\"elementor-accordion-icon-opened\"><svg xmlns=\"http:\/\/www.w3.org\/2000\/svg\" viewBox=\"0 0 256 256\" fill=\"currentColor\"><path d=\"M213.66,165.66a8,8,0,0,1-11.32,0L128,91.31,53.66,165.66a8,8,0,0,1-11.32-11.32l80-80a8,8,0,0,1,11.32,0l80,80A8,8,0,0,1,213.66,165.66Z\"><\/path><\/svg><\/span>\n\t\t\t\t\t\t\t\t\t\t\t\t\t\t\t\t\t\t\t\t\t\t<\/span>\n\t\t\t\t\t\t\t\t\t\t\t\t\t\t\t\t\t\t<a class=\"elementor-accordion-title\" href=\"\">Kokius duomenis reikia pateikti Intrastato ataskaitoje:<\/a>\n\t\t\t\t\t<\/h4>\n\t\t\t\t\t<div id=\"elementor-tab-content-2411\" class=\"elementor-tab-content elementor-clearfix deactive-default\" data-tab=\"1\" role=\"tabpanel\" aria-labelledby=\"elementor-tab-title-2411\"><p><span style=\"font-size: medium;\">\u012emon\u0117s privalo teikti m\u0117nesines Intrastato ataskaitas, kurios apima informacij\u0105 apie preki\u0173 tiekim\u0105 ir gavim\u0105 ir jose turi b\u016bti pateikiami \u0161ie duomenys:<\/span><\/p><ul><li><p><span style=\"font-size: medium;\"><b>Preki\u0173 kodas pagal Tarptautin\u0119 preki\u0173 nomenklat\u016br\u0105 (CN kodai)<\/b><\/span><span style=\"font-size: medium;\"> \u2013 koduojama pagal preki\u0173 r\u016b\u0161is;<\/span><\/p><\/li><li><p><span style=\"font-size: medium;\"><b>Preki\u0173 kiekis<\/b><\/span><span style=\"font-size: medium;\"> \u2013 paprastai nurodoma vienetais, kilogramais ar kitais matavimo vienetais, priklausomai nuo preki\u0173 pob\u016bd\u017eio;<\/span><\/p><\/li><li><p><span style=\"font-size: medium;\"><b>Preki\u0173 vert\u0117<\/b><\/span><span style=\"font-size: medium;\"> \u2013 nurodoma tiekimo ar gavimo vert\u0117 be PVM ir muit\u0173;<\/span><\/p><\/li><li><p><span style=\"font-size: medium;\"><b>\u0160alies kodas<\/b><\/span><span style=\"font-size: medium;\"> \u2013 \u0161alis, \u012f kuri\u0105 prekes tiek\u0117te arba i\u0161 kurios gavote prekes;<\/span><\/p><\/li><li><p><span style=\"font-size: medium;\"><b>Preki\u0173 apra\u0161ymas ir tranzito tipas<\/b><\/span><span style=\"font-size: medium;\"> \u2013 kartais b\u016btina pateikti papildom\u0105 preki\u0173 apra\u0161\u0105 arba nurodyti, ar prek\u0117s buvo eksportuojamos, importuojamos, gr\u0105\u017einamos ir t. t.<\/span><\/p><\/li><\/ul><\/div>\n\t\t\t\t<\/div>\n\t\t\t\t\t<\/div>\n\t\t\t\t\t\t<\/div>\n\t\t\t\t<\/div>\n\t\t\t\t<\/div>\n\t\t\t\t\t<\/div>\n\t\t\t\t<\/div>\n\t\t\t\t<\/div>\n\t\t","protected":false},"excerpt":{"rendered":"<p>Ataskaitas reikia teikti ne visiems verslo subjektams dirbantiems prekyboje su ES \u0161alimis nar\u0117mis. Pateikti Intrastato ataskaitas reikia tiems PVM mok\u0117tojams, kurie per vienerius mokestinius metus vir\u0161ijo numatyto importo ar eksporto ribas. Kiekvienais metais \u0161i\u0105 rib\u0105 nuo kurios ataskaitos privalo b\u016bti pateiktos nustato Lietuvos statistikos departamentas.<\/p>\n","protected":false},"featured_media":104453,"template":"","meta":{"_acf_changed":false},"product_brand":[],"product_cat":[39],"product_tag":[],"class_list":{"0":"post-102669","1":"product","2":"type-product","3":"status-publish","4":"has-post-thumbnail","6":"product_cat-all-products","8":"first","9":"instock","10":"sold-individually","11":"shipping-taxable","12":"purchasable","13":"product-type-simple"},"acf":[],"aioseo_notices":[],"yoast_head":"<!-- This site is optimized with the Yoast SEO plugin v27.3 - https:\/\/yoast.com\/product\/yoast-seo-wordpress\/ -->\n<title>Intrastato apskaitos konsultacija - ELVkonsultacijos.lt<\/title>\n<meta name=\"robots\" content=\"index, follow, max-snippet:-1, max-image-preview:large, max-video-preview:-1\" \/>\n<link rel=\"canonical\" href=\"https:\/\/elvkonsultacijos.lt\/ru\/paslaugos\/intrastato-apskaitos-konsultacija\/\" \/>\n<meta property=\"og:locale\" content=\"ru_RU\" \/>\n<meta property=\"og:type\" content=\"article\" \/>\n<meta property=\"og:title\" content=\"Intrastato apskaitos konsultacija - ELVkonsultacijos.lt\" \/>\n<meta property=\"og:description\" content=\"Ataskaitas reikia teikti ne visiems verslo subjektams dirbantiems prekyboje su ES \u0161alimis nar\u0117mis. Pateikti Intrastato ataskaitas reikia tiems PVM mok\u0117tojams, kurie per vienerius mokestinius metus vir\u0161ijo numatyto importo ar eksporto ribas. Kiekvienais metais \u0161i\u0105 rib\u0105 nuo kurios ataskaitos privalo b\u016bti pateiktos nustato Lietuvos statistikos departamentas.\" \/>\n<meta property=\"og:url\" content=\"https:\/\/elvkonsultacijos.lt\/ru\/paslaugos\/intrastato-apskaitos-konsultacija\/\" \/>\n<meta property=\"og:site_name\" content=\"ELVkonsultacijos.lt\" \/>\n<meta property=\"article:publisher\" content=\"https:\/\/www.facebook.com\/elvprojektai.lt\/\" \/>\n<meta property=\"article:modified_time\" content=\"2025-09-25T16:43:56+00:00\" \/>\n<meta property=\"og:image\" content=\"https:\/\/elvkonsultacijos.lt\/wp-content\/uploads\/2024\/10\/Group-39.png\" \/>\n\t<meta property=\"og:image:width\" content=\"548\" \/>\n\t<meta property=\"og:image:height\" content=\"285\" \/>\n\t<meta property=\"og:image:type\" content=\"image\/png\" \/>\n<meta name=\"twitter:card\" content=\"summary_large_image\" \/>\n<meta name=\"twitter:label1\" content=\"Est. reading time\" \/>\n\t<meta name=\"twitter:data1\" content=\"2 \u043c\u0438\u043d\u0443\u0442\u044b\" \/>\n<script type=\"application\/ld+json\" class=\"yoast-schema-graph\">{\"@context\":\"https:\\\/\\\/schema.org\",\"@graph\":[{\"@type\":\"WebPage\",\"@id\":\"https:\\\/\\\/elvkonsultacijos.lt\\\/ru\\\/paslaugos\\\/intrastato-apskaitos-konsultacija\\\/\",\"url\":\"https:\\\/\\\/elvkonsultacijos.lt\\\/ru\\\/paslaugos\\\/intrastato-apskaitos-konsultacija\\\/\",\"name\":\"Intrastato apskaitos konsultacija - ELVkonsultacijos.lt\",\"isPartOf\":{\"@id\":\"https:\\\/\\\/elvkonsultacijos.lt\\\/ru\\\/#website\"},\"primaryImageOfPage\":{\"@id\":\"https:\\\/\\\/elvkonsultacijos.lt\\\/ru\\\/paslaugos\\\/intrastato-apskaitos-konsultacija\\\/#primaryimage\"},\"image\":{\"@id\":\"https:\\\/\\\/elvkonsultacijos.lt\\\/ru\\\/paslaugos\\\/intrastato-apskaitos-konsultacija\\\/#primaryimage\"},\"thumbnailUrl\":\"https:\\\/\\\/elvkonsultacijos.lt\\\/wp-content\\\/uploads\\\/2024\\\/10\\\/Group-39.png\",\"datePublished\":\"2024-10-25T12:26:23+00:00\",\"dateModified\":\"2025-09-25T16:43:56+00:00\",\"breadcrumb\":{\"@id\":\"https:\\\/\\\/elvkonsultacijos.lt\\\/ru\\\/paslaugos\\\/intrastato-apskaitos-konsultacija\\\/#breadcrumb\"},\"inLanguage\":\"ru-RU\",\"potentialAction\":[{\"@type\":\"ReadAction\",\"target\":[\"https:\\\/\\\/elvkonsultacijos.lt\\\/ru\\\/paslaugos\\\/intrastato-apskaitos-konsultacija\\\/\"]}]},{\"@type\":\"ImageObject\",\"inLanguage\":\"ru-RU\",\"@id\":\"https:\\\/\\\/elvkonsultacijos.lt\\\/ru\\\/paslaugos\\\/intrastato-apskaitos-konsultacija\\\/#primaryimage\",\"url\":\"https:\\\/\\\/elvkonsultacijos.lt\\\/wp-content\\\/uploads\\\/2024\\\/10\\\/Group-39.png\",\"contentUrl\":\"https:\\\/\\\/elvkonsultacijos.lt\\\/wp-content\\\/uploads\\\/2024\\\/10\\\/Group-39.png\",\"width\":548,\"height\":285},{\"@type\":\"BreadcrumbList\",\"@id\":\"https:\\\/\\\/elvkonsultacijos.lt\\\/ru\\\/paslaugos\\\/intrastato-apskaitos-konsultacija\\\/#breadcrumb\",\"itemListElement\":[{\"@type\":\"ListItem\",\"position\":1,\"name\":\"Home\",\"item\":\"https:\\\/\\\/elvkonsultacijos.lt\\\/ru\\\/\"},{\"@type\":\"ListItem\",\"position\":2,\"name\":\"\u0422\u043e\u0432\u0430\u0440\u044b\",\"item\":\"https:\\\/\\\/elvkonsultacijos.lt\\\/ru\\\/shop\\\/\"},{\"@type\":\"ListItem\",\"position\":3,\"name\":\"Intrastato apskaitos konsultacija\"}]},{\"@type\":\"WebSite\",\"@id\":\"https:\\\/\\\/elvkonsultacijos.lt\\\/ru\\\/#website\",\"url\":\"https:\\\/\\\/elvkonsultacijos.lt\\\/ru\\\/\",\"name\":\"ELV Konsultacijos\",\"description\":\"Buhalterin\u0117s apskaitos konsultacijos internetu\",\"publisher\":{\"@id\":\"https:\\\/\\\/elvkonsultacijos.lt\\\/ru\\\/#organization\"},\"potentialAction\":[{\"@type\":\"SearchAction\",\"target\":{\"@type\":\"EntryPoint\",\"urlTemplate\":\"https:\\\/\\\/elvkonsultacijos.lt\\\/ru\\\/?s={search_term_string}\"},\"query-input\":{\"@type\":\"PropertyValueSpecification\",\"valueRequired\":true,\"valueName\":\"search_term_string\"}}],\"inLanguage\":\"ru-RU\"},{\"@type\":\"Organization\",\"@id\":\"https:\\\/\\\/elvkonsultacijos.lt\\\/ru\\\/#organization\",\"name\":\"ELV Projektai\",\"url\":\"https:\\\/\\\/elvkonsultacijos.lt\\\/ru\\\/\",\"logo\":{\"@type\":\"ImageObject\",\"inLanguage\":\"ru-RU\",\"@id\":\"https:\\\/\\\/elvkonsultacijos.lt\\\/ru\\\/#\\\/schema\\\/logo\\\/image\\\/\",\"url\":\"https:\\\/\\\/elvkonsultacijos.lt\\\/wp-content\\\/uploads\\\/2024\\\/10\\\/logo.png\",\"contentUrl\":\"https:\\\/\\\/elvkonsultacijos.lt\\\/wp-content\\\/uploads\\\/2024\\\/10\\\/logo.png\",\"width\":1500,\"height\":291,\"caption\":\"ELV Projektai\"},\"image\":{\"@id\":\"https:\\\/\\\/elvkonsultacijos.lt\\\/ru\\\/#\\\/schema\\\/logo\\\/image\\\/\"},\"sameAs\":[\"https:\\\/\\\/www.facebook.com\\\/elvprojektai.lt\\\/\"]}]}<\/script>\n<!-- \/ Yoast SEO plugin. -->","yoast_head_json":{"title":"Intrastato apskaitos konsultacija - ELVkonsultacijos.lt","robots":{"index":"index","follow":"follow","max-snippet":"max-snippet:-1","max-image-preview":"max-image-preview:large","max-video-preview":"max-video-preview:-1"},"canonical":"https:\/\/elvkonsultacijos.lt\/ru\/paslaugos\/intrastato-apskaitos-konsultacija\/","og_locale":"ru_RU","og_type":"article","og_title":"Intrastato apskaitos konsultacija - ELVkonsultacijos.lt","og_description":"Ataskaitas reikia teikti ne visiems verslo subjektams dirbantiems prekyboje su ES \u0161alimis nar\u0117mis. Pateikti Intrastato ataskaitas reikia tiems PVM mok\u0117tojams, kurie per vienerius mokestinius metus vir\u0161ijo numatyto importo ar eksporto ribas. Kiekvienais metais \u0161i\u0105 rib\u0105 nuo kurios ataskaitos privalo b\u016bti pateiktos nustato Lietuvos statistikos departamentas.","og_url":"https:\/\/elvkonsultacijos.lt\/ru\/paslaugos\/intrastato-apskaitos-konsultacija\/","og_site_name":"ELVkonsultacijos.lt","article_publisher":"https:\/\/www.facebook.com\/elvprojektai.lt\/","article_modified_time":"2025-09-25T16:43:56+00:00","og_image":[{"width":548,"height":285,"url":"https:\/\/elvkonsultacijos.lt\/wp-content\/uploads\/2024\/10\/Group-39.png","type":"image\/png"}],"twitter_card":"summary_large_image","twitter_misc":{"Est. reading time":"2 \u043c\u0438\u043d\u0443\u0442\u044b"},"schema":{"@context":"https:\/\/schema.org","@graph":[{"@type":"WebPage","@id":"https:\/\/elvkonsultacijos.lt\/ru\/paslaugos\/intrastato-apskaitos-konsultacija\/","url":"https:\/\/elvkonsultacijos.lt\/ru\/paslaugos\/intrastato-apskaitos-konsultacija\/","name":"Intrastato apskaitos konsultacija - ELVkonsultacijos.lt","isPartOf":{"@id":"https:\/\/elvkonsultacijos.lt\/ru\/#website"},"primaryImageOfPage":{"@id":"https:\/\/elvkonsultacijos.lt\/ru\/paslaugos\/intrastato-apskaitos-konsultacija\/#primaryimage"},"image":{"@id":"https:\/\/elvkonsultacijos.lt\/ru\/paslaugos\/intrastato-apskaitos-konsultacija\/#primaryimage"},"thumbnailUrl":"https:\/\/elvkonsultacijos.lt\/wp-content\/uploads\/2024\/10\/Group-39.png","datePublished":"2024-10-25T12:26:23+00:00","dateModified":"2025-09-25T16:43:56+00:00","breadcrumb":{"@id":"https:\/\/elvkonsultacijos.lt\/ru\/paslaugos\/intrastato-apskaitos-konsultacija\/#breadcrumb"},"inLanguage":"ru-RU","potentialAction":[{"@type":"ReadAction","target":["https:\/\/elvkonsultacijos.lt\/ru\/paslaugos\/intrastato-apskaitos-konsultacija\/"]}]},{"@type":"ImageObject","inLanguage":"ru-RU","@id":"https:\/\/elvkonsultacijos.lt\/ru\/paslaugos\/intrastato-apskaitos-konsultacija\/#primaryimage","url":"https:\/\/elvkonsultacijos.lt\/wp-content\/uploads\/2024\/10\/Group-39.png","contentUrl":"https:\/\/elvkonsultacijos.lt\/wp-content\/uploads\/2024\/10\/Group-39.png","width":548,"height":285},{"@type":"BreadcrumbList","@id":"https:\/\/elvkonsultacijos.lt\/ru\/paslaugos\/intrastato-apskaitos-konsultacija\/#breadcrumb","itemListElement":[{"@type":"ListItem","position":1,"name":"Home","item":"https:\/\/elvkonsultacijos.lt\/ru\/"},{"@type":"ListItem","position":2,"name":"\u0422\u043e\u0432\u0430\u0440\u044b","item":"https:\/\/elvkonsultacijos.lt\/ru\/shop\/"},{"@type":"ListItem","position":3,"name":"Intrastato apskaitos konsultacija"}]},{"@type":"WebSite","@id":"https:\/\/elvkonsultacijos.lt\/ru\/#website","url":"https:\/\/elvkonsultacijos.lt\/ru\/","name":"ELV Konsultacijos","description":"Buhalterin\u0117s apskaitos konsultacijos internetu","publisher":{"@id":"https:\/\/elvkonsultacijos.lt\/ru\/#organization"},"potentialAction":[{"@type":"SearchAction","target":{"@type":"EntryPoint","urlTemplate":"https:\/\/elvkonsultacijos.lt\/ru\/?s={search_term_string}"},"query-input":{"@type":"PropertyValueSpecification","valueRequired":true,"valueName":"search_term_string"}}],"inLanguage":"ru-RU"},{"@type":"Organization","@id":"https:\/\/elvkonsultacijos.lt\/ru\/#organization","name":"ELV Projektai","url":"https:\/\/elvkonsultacijos.lt\/ru\/","logo":{"@type":"ImageObject","inLanguage":"ru-RU","@id":"https:\/\/elvkonsultacijos.lt\/ru\/#\/schema\/logo\/image\/","url":"https:\/\/elvkonsultacijos.lt\/wp-content\/uploads\/2024\/10\/logo.png","contentUrl":"https:\/\/elvkonsultacijos.lt\/wp-content\/uploads\/2024\/10\/logo.png","width":1500,"height":291,"caption":"ELV Projektai"},"image":{"@id":"https:\/\/elvkonsultacijos.lt\/ru\/#\/schema\/logo\/image\/"},"sameAs":["https:\/\/www.facebook.com\/elvprojektai.lt\/"]}]}},"_links":{"self":[{"href":"https:\/\/elvkonsultacijos.lt\/ru\/wp-json\/wp\/v2\/product\/102669","targetHints":{"allow":["GET"]}}],"collection":[{"href":"https:\/\/elvkonsultacijos.lt\/ru\/wp-json\/wp\/v2\/product"}],"about":[{"href":"https:\/\/elvkonsultacijos.lt\/ru\/wp-json\/wp\/v2\/types\/product"}],"version-history":[{"count":4,"href":"https:\/\/elvkonsultacijos.lt\/ru\/wp-json\/wp\/v2\/product\/102669\/revisions"}],"predecessor-version":[{"id":106367,"href":"https:\/\/elvkonsultacijos.lt\/ru\/wp-json\/wp\/v2\/product\/102669\/revisions\/106367"}],"wp:featuredmedia":[{"embeddable":true,"href":"https:\/\/elvkonsultacijos.lt\/ru\/wp-json\/wp\/v2\/media\/104453"}],"wp:attachment":[{"href":"https:\/\/elvkonsultacijos.lt\/ru\/wp-json\/wp\/v2\/media?parent=102669"}],"wp:term":[{"taxonomy":"product_brand","embeddable":true,"href":"https:\/\/elvkonsultacijos.lt\/ru\/wp-json\/wp\/v2\/product_brand?post=102669"},{"taxonomy":"product_cat","embeddable":true,"href":"https:\/\/elvkonsultacijos.lt\/ru\/wp-json\/wp\/v2\/product_cat?post=102669"},{"taxonomy":"product_tag","embeddable":true,"href":"https:\/\/elvkonsultacijos.lt\/ru\/wp-json\/wp\/v2\/product_tag?post=102669"}],"curies":[{"name":"wp","href":"https:\/\/api.w.org\/{rel}","templated":true}]}}