{"id":102671,"date":"2024-10-25T12:27:50","date_gmt":"2024-10-25T12:27:50","guid":{"rendered":"http:\/\/elvkonsultacijos.lt\/?post_type=product&#038;p=102671"},"modified":"2025-09-25T16:47:46","modified_gmt":"2025-09-25T16:47:46","slug":"gpais-ataskaitu-pildymas","status":"publish","type":"product","link":"https:\/\/elvkonsultacijos.lt\/ru\/paslaugos\/gpais-ataskaitu-pildymas\/","title":{"rendered":"GPAIS ataskait\u0173 pildymas"},"content":{"rendered":"\t\t<div data-elementor-type=\"product-post\" data-elementor-id=\"102671\" class=\"elementor elementor-102671\" data-elementor-post-type=\"product\">\n\t\t\t\t<div class=\"elementor-element elementor-element-5136ef0 e-flex e-con-boxed e-con e-parent\" data-id=\"5136ef0\" data-element_type=\"container\" data-e-type=\"container\">\n\t\t\t\t\t<div class=\"e-con-inner\">\n\t\t\t\t<div class=\"elementor-element elementor-element-fa83e99 elementor-widget elementor-widget-text-editor\" data-id=\"fa83e99\" data-element_type=\"widget\" data-e-type=\"widget\" data-widget_type=\"text-editor.default\">\n\t\t\t\t<div class=\"elementor-widget-container\">\n\t\t\t\t\t\t\t\t\t<p>GPAIS \u2013 vieninga gamini\u0173, pakuo\u010di\u0173 ir atliek\u0173 apskaitos informacin\u0117 sistema. GPAIS yra skirta gamini\u0173, pakuo\u010di\u0173 ir atliek\u0173 apskaitos duomen\u0173 surinkimui, analizei ir kontrolei. Jos pagalba vykdoma atliek\u0173 susidarymo, tvarkymo, gamini\u0173 ir pakuo\u010di\u0173 tiekimo vidaus rinkai apskaita.<\/p><p>Paslaugos atlikimo terminas \u2013 nuo 2 darbo dien\u0173 po dokument\u0173 pasira\u0161ymo, priklausomai nuo individuali\u0173 aplinkybi\u0173.<\/p>\t\t\t\t\t\t\t\t<\/div>\n\t\t\t\t<\/div>\n\t\t\t\t<div class=\"elementor-element elementor-element-241c7e5 calendar-accordion elementor-widget elementor-widget-n-accordion\" data-id=\"241c7e5\" data-element_type=\"widget\" data-e-type=\"widget\" data-settings=\"{&quot;default_state&quot;:&quot;expanded&quot;,&quot;max_items_expended&quot;:&quot;one&quot;,&quot;n_accordion_animation_duration&quot;:{&quot;unit&quot;:&quot;ms&quot;,&quot;size&quot;:400,&quot;sizes&quot;:[]}}\" data-widget_type=\"nested-accordion.default\">\n\t\t\t\t<div class=\"elementor-widget-container\">\n\t\t\t\t\t\t\t<div class=\"e-n-accordion\" aria-label=\"Accordion. Open links with Enter or Space, close with Escape, and navigate with Arrow Keys\">\n\t\t\t\t\t\t<details id=\"e-n-accordion-item-3780\" class=\"e-n-accordion-item\" open>\n\t\t\t\t<summary class=\"e-n-accordion-item-title\" data-accordion-index=\"1\" tabindex=\"0\" aria-expanded=\"true\" aria-controls=\"e-n-accordion-item-3780\" >\n\t\t\t\t\t<span class='e-n-accordion-item-title-header'><div class=\"e-n-accordion-item-title-text\"> Pasirinkite skambu\u010dio dat\u0105 ir laik\u0105 <\/div><\/span>\n\t\t\t\t\t\t\t<span class='e-n-accordion-item-title-icon'>\n\t\t\t<span class='e-opened' ><svg xmlns=\"http:\/\/www.w3.org\/2000\/svg\" viewBox=\"0 0 256 256\" fill=\"currentColor\"><path d=\"M213.66,101.66l-80,80a8,8,0,0,1-11.32,0l-80-80A8,8,0,0,1,53.66,90.34L128,164.69l74.34-74.35a8,8,0,0,1,11.32,11.32Z\"><\/path><\/svg><\/span>\n\t\t\t<span class='e-closed'><svg xmlns=\"http:\/\/www.w3.org\/2000\/svg\" viewBox=\"0 0 256 256\" fill=\"currentColor\"><path d=\"M213.66,165.66a8,8,0,0,1-11.32,0L128,91.31,53.66,165.66a8,8,0,0,1-11.32-11.32l80-80a8,8,0,0,1,11.32,0l80,80A8,8,0,0,1,213.66,165.66Z\"><\/path><\/svg><\/span>\n\t\t<\/span>\n\n\t\t\t\t\t\t<\/summary>\n\t\t\t\t<div role=\"region\" aria-labelledby=\"e-n-accordion-item-3780\" class=\"elementor-element elementor-element-dab6053 e-con-full e-flex e-con e-child\" data-id=\"dab6053\" data-element_type=\"container\" data-e-type=\"container\">\n\t\t\t\t<div class=\"elementor-element elementor-element-4421881 elementor-widget elementor-widget-shortcode\" data-id=\"4421881\" data-element_type=\"widget\" data-e-type=\"widget\" data-widget_type=\"shortcode.default\">\n\t\t\t\t<div class=\"elementor-widget-container\">\n\t\t\t\t\t\t\t<div class=\"elementor-shortcode\"><div class=\"react-app-container\">\n            <div\n                id=\"react-app-69ff624d33539\"\n                data-product-name=\"\"\n                data-product-id=\"\"\n            >\n            <\/div>\n        <\/div><\/div>\n\t\t\t\t\t\t<\/div>\n\t\t\t\t<\/div>\n\t\t\t\t<\/div>\n\t\t\t\t\t<\/details>\n\t\t\t\t\t<\/div>\n\t\t\t\t\t\t<\/div>\n\t\t\t\t<\/div>\n\t\t<div class=\"elementor-element elementor-element-85b5e76 e-con-full e-flex e-con e-child\" data-id=\"85b5e76\" data-element_type=\"container\" data-e-type=\"container\">\n\t\t\t\t<div class=\"elementor-element elementor-element-48aa1f4 elementor-widget elementor-widget-the7-heading\" data-id=\"48aa1f4\" data-element_type=\"widget\" data-e-type=\"widget\" data-widget_type=\"the7-heading.default\">\n\t\t\t\t<div class=\"elementor-widget-container\">\n\t\t\t\t\t<h2 class=\"the7-heading-title elementor-size-default\">Papildoma informacija apie paslaug\u0105<\/h2>\t\t\t\t<\/div>\n\t\t\t\t<\/div>\n\t\t\t\t<div class=\"elementor-element elementor-element-f9a83b6 product-additional-info elementor-widget elementor-widget-the7-accordion\" data-id=\"f9a83b6\" data-element_type=\"widget\" data-e-type=\"widget\" data-widget_type=\"the7-accordion.default\">\n\t\t\t\t<div class=\"elementor-widget-container\">\n\t\t\t\t\t\t\t<div class=\"elementor-accordion the7-adv-accordion\" data-accordion-type=\"accordion\" role=\"tablist\">\n\t\t\t\t\t\t\t<div class=\"elementor-accordion-item\">\n\t\t\t\t\t<h4 id=\"elementor-tab-title-2611\" class=\"elementor-tab-title the7-accordion-header deactive-default\" data-tab=\"1\" role=\"tab\" aria-controls=\"elementor-tab-content-2611\">\n\n\t\t\t\t\t\t\t\t\t\t\t\t\t<span class=\"elementor-accordion-icon elementor-accordion-icon-right\" aria-hidden=\"true\">\n\t\t\t\t\t\t\t\t\t\t\t\t\t\t\t<span class=\"elementor-accordion-icon-closed\"><svg xmlns=\"http:\/\/www.w3.org\/2000\/svg\" viewBox=\"0 0 256 256\" fill=\"currentColor\"><path d=\"M213.66,101.66l-80,80a8,8,0,0,1-11.32,0l-80-80A8,8,0,0,1,53.66,90.34L128,164.69l74.34-74.35a8,8,0,0,1,11.32,11.32Z\"><\/path><\/svg><\/span>\n\t\t\t\t\t\t\t\t\t\t\t\t\t\t\t\t\t<span class=\"elementor-accordion-icon-opened\"><svg xmlns=\"http:\/\/www.w3.org\/2000\/svg\" viewBox=\"0 0 256 256\" fill=\"currentColor\"><path d=\"M213.66,165.66a8,8,0,0,1-11.32,0L128,91.31,53.66,165.66a8,8,0,0,1-11.32-11.32l80-80a8,8,0,0,1,11.32,0l80,80A8,8,0,0,1,213.66,165.66Z\"><\/path><\/svg><\/span>\n\t\t\t\t\t\t\t\t\t\t\t\t\t\t\t\t\t\t\t\t\t\t<\/span>\n\t\t\t\t\t\t\t\t\t\t\t\t\t\t\t\t\t\t<a class=\"elementor-accordion-title\" href=\"\">Kas privalo vykdyti gamini\u0173 GPAIS apskait\u0105? <\/a>\n\t\t\t\t\t<\/h4>\n\t\t\t\t\t<div id=\"elementor-tab-content-2611\" class=\"elementor-tab-content elementor-clearfix deactive-default\" data-tab=\"1\" role=\"tabpanel\" aria-labelledby=\"elementor-tab-title-2611\"><p>Pakuo\u010di\u0173 ir (ar) gamini\u0173 apskait\u0105 GPAIS privalo vykdyti Lietuvos Respublikos atliek\u0173 tvarkymo \u012fstatyme ir Lietuvos Respublikos pakuo\u010di\u0173 ir pakuo\u010di\u0173 atliek\u0173 \u012fstatyme apibr\u0117\u017eti gamintojai ir (ar) importuotojai:<\/p><ul><li><span style=\"font-size: medium;\">Pakuo\u010di\u0173 (i\u0161skyrus atvejus, nurodytus Pakuo\u010di\u0173 ir pakuo\u010di\u0173 atliek\u0173 tvarkymo \u012fstatymo 71 straipsnio 2 dalyje);<\/span><\/li><li><span style=\"font-size: medium;\">Transporto priemoni\u0173;<\/span><\/li><li><span style=\"font-size: medium;\">Elektros ir elektronin\u0117s \u012frangos;<\/span><\/li><li><span style=\"font-size: medium;\">Apmokestinam\u0173j\u0173 gamini\u0173;<\/span><\/li><li><span style=\"font-size: medium;\">Baterij\u0173 ir akumuliatori\u0173;<\/span><\/li><li><span style=\"font-size: medium;\">Alyv\u0173 gamintojai ir (ar) importuotojai.<\/span><\/li><\/ul><\/div>\n\t\t\t\t<\/div>\n\t\t\t\t\t<\/div>\n\t\t\t\t\t\t<\/div>\n\t\t\t\t<\/div>\n\t\t\t\t<div class=\"elementor-element elementor-element-2c0c0e1 product-additional-info elementor-widget elementor-widget-the7-accordion\" data-id=\"2c0c0e1\" data-element_type=\"widget\" data-e-type=\"widget\" data-widget_type=\"the7-accordion.default\">\n\t\t\t\t<div class=\"elementor-widget-container\">\n\t\t\t\t\t\t\t<div class=\"elementor-accordion the7-adv-accordion\" data-accordion-type=\"accordion\" role=\"tablist\">\n\t\t\t\t\t\t\t<div class=\"elementor-accordion-item\">\n\t\t\t\t\t<h4 id=\"elementor-tab-title-4611\" class=\"elementor-tab-title the7-accordion-header deactive-default\" data-tab=\"1\" role=\"tab\" aria-controls=\"elementor-tab-content-4611\">\n\n\t\t\t\t\t\t\t\t\t\t\t\t\t<span class=\"elementor-accordion-icon elementor-accordion-icon-right\" aria-hidden=\"true\">\n\t\t\t\t\t\t\t\t\t\t\t\t\t\t\t<span class=\"elementor-accordion-icon-closed\"><svg xmlns=\"http:\/\/www.w3.org\/2000\/svg\" viewBox=\"0 0 256 256\" fill=\"currentColor\"><path d=\"M213.66,101.66l-80,80a8,8,0,0,1-11.32,0l-80-80A8,8,0,0,1,53.66,90.34L128,164.69l74.34-74.35a8,8,0,0,1,11.32,11.32Z\"><\/path><\/svg><\/span>\n\t\t\t\t\t\t\t\t\t\t\t\t\t\t\t\t\t<span class=\"elementor-accordion-icon-opened\"><svg xmlns=\"http:\/\/www.w3.org\/2000\/svg\" viewBox=\"0 0 256 256\" fill=\"currentColor\"><path d=\"M213.66,165.66a8,8,0,0,1-11.32,0L128,91.31,53.66,165.66a8,8,0,0,1-11.32-11.32l80-80a8,8,0,0,1,11.32,0l80,80A8,8,0,0,1,213.66,165.66Z\"><\/path><\/svg><\/span>\n\t\t\t\t\t\t\t\t\t\t\t\t\t\t\t\t\t\t\t\t\t\t<\/span>\n\t\t\t\t\t\t\t\t\t\t\t\t\t\t\t\t\t\t<a class=\"elementor-accordion-title\" href=\"\">Atliekami GPAIS apskaitos darbai:<\/a>\n\t\t\t\t\t<\/h4>\n\t\t\t\t\t<div id=\"elementor-tab-content-4611\" class=\"elementor-tab-content elementor-clearfix deactive-default\" data-tab=\"1\" role=\"tabpanel\" aria-labelledby=\"elementor-tab-title-4611\"><ul><li><span style=\"font-size: medium;\">Registracija GII s\u0105vade;<\/span><\/li><li><span style=\"font-size: medium;\">Gamini\u0173, gamini\u0173 pakuo\u010di\u0173, prekini\u0173 vienet\u0173, prekini\u0173 vienet\u0173 pakuo\u010di\u0173 registravimas;<\/span><\/li><li><span style=\"font-size: medium;\">\u017durnal\u0173 formavimas;<\/span><\/li><li><span style=\"font-size: medium;\">Ketvir\u010dio suvestini\u0173 formavimas;<\/span><\/li><li><span style=\"font-size: medium;\">Metini\u0173 ataskait\u0173 teikimas;<\/span><\/li><li><span style=\"font-size: medium;\">Atstovavimas santykiuose su Aplinkos apsaugos departamentu prie AM,<\/span><\/li><li><span style=\"font-size: medium;\">Aplinkos apsaugos agent\u016bra d\u0117l apskaitos duomen\u0173 GPAIS.<\/span><\/li><\/ul><\/div>\n\t\t\t\t<\/div>\n\t\t\t\t\t<\/div>\n\t\t\t\t\t\t<\/div>\n\t\t\t\t<\/div>\n\t\t\t\t<div class=\"elementor-element elementor-element-202ed6f product-additional-info elementor-widget elementor-widget-the7-accordion\" data-id=\"202ed6f\" data-element_type=\"widget\" data-e-type=\"widget\" data-widget_type=\"the7-accordion.default\">\n\t\t\t\t<div class=\"elementor-widget-container\">\n\t\t\t\t\t\t\t<div class=\"elementor-accordion the7-adv-accordion\" data-accordion-type=\"accordion\" role=\"tablist\">\n\t\t\t\t\t\t\t<div class=\"elementor-accordion-item\">\n\t\t\t\t\t<h4 id=\"elementor-tab-title-3371\" class=\"elementor-tab-title the7-accordion-header deactive-default\" data-tab=\"1\" role=\"tab\" aria-controls=\"elementor-tab-content-3371\">\n\n\t\t\t\t\t\t\t\t\t\t\t\t\t<span class=\"elementor-accordion-icon elementor-accordion-icon-right\" aria-hidden=\"true\">\n\t\t\t\t\t\t\t\t\t\t\t\t\t\t\t<span class=\"elementor-accordion-icon-closed\"><svg xmlns=\"http:\/\/www.w3.org\/2000\/svg\" viewBox=\"0 0 256 256\" fill=\"currentColor\"><path d=\"M213.66,101.66l-80,80a8,8,0,0,1-11.32,0l-80-80A8,8,0,0,1,53.66,90.34L128,164.69l74.34-74.35a8,8,0,0,1,11.32,11.32Z\"><\/path><\/svg><\/span>\n\t\t\t\t\t\t\t\t\t\t\t\t\t\t\t\t\t<span class=\"elementor-accordion-icon-opened\"><svg xmlns=\"http:\/\/www.w3.org\/2000\/svg\" viewBox=\"0 0 256 256\" fill=\"currentColor\"><path d=\"M213.66,165.66a8,8,0,0,1-11.32,0L128,91.31,53.66,165.66a8,8,0,0,1-11.32-11.32l80-80a8,8,0,0,1,11.32,0l80,80A8,8,0,0,1,213.66,165.66Z\"><\/path><\/svg><\/span>\n\t\t\t\t\t\t\t\t\t\t\t\t\t\t\t\t\t\t\t\t\t\t<\/span>\n\t\t\t\t\t\t\t\t\t\t\t\t\t\t\t\t\t\t<a class=\"elementor-accordion-title\" href=\"\">Atliek\u0173 susidarymo apskaitai \u012fgyvendinti atliekami darbai:<\/a>\n\t\t\t\t\t<\/h4>\n\t\t\t\t\t<div id=\"elementor-tab-content-3371\" class=\"elementor-tab-content elementor-clearfix deactive-default\" data-tab=\"1\" role=\"tabpanel\" aria-labelledby=\"elementor-tab-title-3371\"><ul><li><span style=\"font-size: medium;\">Atliek\u0173 darytojo registracija;<\/span><\/li><li><span style=\"font-size: medium;\">Atliek\u0173 susidarymo vietos (-\u0173) registracija;<\/span><\/li><li><span style=\"font-size: medium;\">Pradini\u0173 atliek\u0173 liku\u010di\u0173 suvedimas;<\/span><\/li><li><span style=\"font-size: medium;\">Atliek\u0173 lydra\u0161\u010di\u0173 k\u016brimas;<\/span><\/li><li><span style=\"font-size: medium;\">\u017durnal\u0173 formavimas;<\/span><\/li><li><span style=\"font-size: medium;\">Atliek\u0173 susidarymo ketvir\u010dio suvestini\u0173 formavimas;<\/span><\/li><li><span style=\"font-size: medium;\">Atliek\u0173 susidarymo metini\u0173 ataskait\u0173 teikimas.<\/span><\/li><\/ul><\/div>\n\t\t\t\t<\/div>\n\t\t\t\t\t<\/div>\n\t\t\t\t\t\t<\/div>\n\t\t\t\t<\/div>\n\t\t\t\t<\/div>\n\t\t\t\t\t<\/div>\n\t\t\t\t<\/div>\n\t\t\t\t<\/div>\n\t\t","protected":false},"excerpt":{"rendered":"<p>GPAIS \u2013 vieninga gamini\u0173, pakuo\u010di\u0173 ir atliek\u0173 apskaitos informacin\u0117 sistema. GPAIS yra skirta gamini\u0173, pakuo\u010di\u0173 ir atliek\u0173 apskaitos duomen\u0173 surinkimui, analizei ir kontrolei. Jos pagalba vykdoma atliek\u0173 susidarymo, tvarkymo, gamini\u0173 ir pakuo\u010di\u0173 tiekimo vidaus rinkai apskaita.<\/p>\n","protected":false},"featured_media":104429,"template":"","meta":{"_acf_changed":false},"product_brand":[],"product_cat":[39],"product_tag":[],"class_list":{"0":"post-102671","1":"product","2":"type-product","3":"status-publish","4":"has-post-thumbnail","6":"product_cat-all-products","8":"first","9":"instock","10":"sold-individually","11":"shipping-taxable","12":"purchasable","13":"product-type-simple"},"acf":[],"aioseo_notices":[],"yoast_head":"<!-- This site is optimized with the Yoast SEO plugin v27.3 - https:\/\/yoast.com\/product\/yoast-seo-wordpress\/ -->\n<title>GPAIS ataskait\u0173 pildymas - ELVkonsultacijos.lt<\/title>\n<meta name=\"robots\" content=\"index, follow, max-snippet:-1, max-image-preview:large, max-video-preview:-1\" \/>\n<link rel=\"canonical\" href=\"https:\/\/elvkonsultacijos.lt\/ru\/paslaugos\/gpais-ataskaitu-pildymas\/\" \/>\n<meta property=\"og:locale\" content=\"ru_RU\" \/>\n<meta property=\"og:type\" content=\"article\" \/>\n<meta property=\"og:title\" content=\"GPAIS ataskait\u0173 pildymas - ELVkonsultacijos.lt\" \/>\n<meta property=\"og:description\" content=\"GPAIS \u2013 vieninga gamini\u0173, pakuo\u010di\u0173 ir atliek\u0173 apskaitos informacin\u0117 sistema. GPAIS yra skirta gamini\u0173, pakuo\u010di\u0173 ir atliek\u0173 apskaitos duomen\u0173 surinkimui, analizei ir kontrolei. Jos pagalba vykdoma atliek\u0173 susidarymo, tvarkymo, gamini\u0173 ir pakuo\u010di\u0173 tiekimo vidaus rinkai apskaita.\" \/>\n<meta property=\"og:url\" content=\"https:\/\/elvkonsultacijos.lt\/ru\/paslaugos\/gpais-ataskaitu-pildymas\/\" \/>\n<meta property=\"og:site_name\" content=\"ELVkonsultacijos.lt\" \/>\n<meta property=\"article:publisher\" content=\"https:\/\/www.facebook.com\/elvprojektai.lt\/\" \/>\n<meta property=\"article:modified_time\" content=\"2025-09-25T16:47:46+00:00\" \/>\n<meta property=\"og:image\" content=\"https:\/\/elvkonsultacijos.lt\/wp-content\/uploads\/2024\/10\/Group-19.png\" \/>\n\t<meta property=\"og:image:width\" content=\"548\" \/>\n\t<meta property=\"og:image:height\" content=\"285\" \/>\n\t<meta property=\"og:image:type\" content=\"image\/png\" \/>\n<meta name=\"twitter:card\" content=\"summary_large_image\" \/>\n<meta name=\"twitter:label1\" content=\"Est. reading time\" \/>\n\t<meta name=\"twitter:data1\" content=\"2 \u043c\u0438\u043d\u0443\u0442\u044b\" \/>\n<script type=\"application\/ld+json\" class=\"yoast-schema-graph\">{\"@context\":\"https:\\\/\\\/schema.org\",\"@graph\":[{\"@type\":\"WebPage\",\"@id\":\"https:\\\/\\\/elvkonsultacijos.lt\\\/ru\\\/paslaugos\\\/gpais-ataskaitu-pildymas\\\/\",\"url\":\"https:\\\/\\\/elvkonsultacijos.lt\\\/ru\\\/paslaugos\\\/gpais-ataskaitu-pildymas\\\/\",\"name\":\"GPAIS ataskait\u0173 pildymas - ELVkonsultacijos.lt\",\"isPartOf\":{\"@id\":\"https:\\\/\\\/elvkonsultacijos.lt\\\/ru\\\/#website\"},\"primaryImageOfPage\":{\"@id\":\"https:\\\/\\\/elvkonsultacijos.lt\\\/ru\\\/paslaugos\\\/gpais-ataskaitu-pildymas\\\/#primaryimage\"},\"image\":{\"@id\":\"https:\\\/\\\/elvkonsultacijos.lt\\\/ru\\\/paslaugos\\\/gpais-ataskaitu-pildymas\\\/#primaryimage\"},\"thumbnailUrl\":\"https:\\\/\\\/elvkonsultacijos.lt\\\/wp-content\\\/uploads\\\/2024\\\/10\\\/Group-19.png\",\"datePublished\":\"2024-10-25T12:27:50+00:00\",\"dateModified\":\"2025-09-25T16:47:46+00:00\",\"breadcrumb\":{\"@id\":\"https:\\\/\\\/elvkonsultacijos.lt\\\/ru\\\/paslaugos\\\/gpais-ataskaitu-pildymas\\\/#breadcrumb\"},\"inLanguage\":\"ru-RU\",\"potentialAction\":[{\"@type\":\"ReadAction\",\"target\":[\"https:\\\/\\\/elvkonsultacijos.lt\\\/ru\\\/paslaugos\\\/gpais-ataskaitu-pildymas\\\/\"]}]},{\"@type\":\"ImageObject\",\"inLanguage\":\"ru-RU\",\"@id\":\"https:\\\/\\\/elvkonsultacijos.lt\\\/ru\\\/paslaugos\\\/gpais-ataskaitu-pildymas\\\/#primaryimage\",\"url\":\"https:\\\/\\\/elvkonsultacijos.lt\\\/wp-content\\\/uploads\\\/2024\\\/10\\\/Group-19.png\",\"contentUrl\":\"https:\\\/\\\/elvkonsultacijos.lt\\\/wp-content\\\/uploads\\\/2024\\\/10\\\/Group-19.png\",\"width\":548,\"height\":285},{\"@type\":\"BreadcrumbList\",\"@id\":\"https:\\\/\\\/elvkonsultacijos.lt\\\/ru\\\/paslaugos\\\/gpais-ataskaitu-pildymas\\\/#breadcrumb\",\"itemListElement\":[{\"@type\":\"ListItem\",\"position\":1,\"name\":\"Home\",\"item\":\"https:\\\/\\\/elvkonsultacijos.lt\\\/ru\\\/\"},{\"@type\":\"ListItem\",\"position\":2,\"name\":\"\u0422\u043e\u0432\u0430\u0440\u044b\",\"item\":\"https:\\\/\\\/elvkonsultacijos.lt\\\/ru\\\/shop\\\/\"},{\"@type\":\"ListItem\",\"position\":3,\"name\":\"GPAIS ataskait\u0173 pildymas\"}]},{\"@type\":\"WebSite\",\"@id\":\"https:\\\/\\\/elvkonsultacijos.lt\\\/ru\\\/#website\",\"url\":\"https:\\\/\\\/elvkonsultacijos.lt\\\/ru\\\/\",\"name\":\"ELV Konsultacijos\",\"description\":\"Buhalterin\u0117s apskaitos konsultacijos internetu\",\"publisher\":{\"@id\":\"https:\\\/\\\/elvkonsultacijos.lt\\\/ru\\\/#organization\"},\"potentialAction\":[{\"@type\":\"SearchAction\",\"target\":{\"@type\":\"EntryPoint\",\"urlTemplate\":\"https:\\\/\\\/elvkonsultacijos.lt\\\/ru\\\/?s={search_term_string}\"},\"query-input\":{\"@type\":\"PropertyValueSpecification\",\"valueRequired\":true,\"valueName\":\"search_term_string\"}}],\"inLanguage\":\"ru-RU\"},{\"@type\":\"Organization\",\"@id\":\"https:\\\/\\\/elvkonsultacijos.lt\\\/ru\\\/#organization\",\"name\":\"ELV Projektai\",\"url\":\"https:\\\/\\\/elvkonsultacijos.lt\\\/ru\\\/\",\"logo\":{\"@type\":\"ImageObject\",\"inLanguage\":\"ru-RU\",\"@id\":\"https:\\\/\\\/elvkonsultacijos.lt\\\/ru\\\/#\\\/schema\\\/logo\\\/image\\\/\",\"url\":\"https:\\\/\\\/elvkonsultacijos.lt\\\/wp-content\\\/uploads\\\/2024\\\/10\\\/logo.png\",\"contentUrl\":\"https:\\\/\\\/elvkonsultacijos.lt\\\/wp-content\\\/uploads\\\/2024\\\/10\\\/logo.png\",\"width\":1500,\"height\":291,\"caption\":\"ELV Projektai\"},\"image\":{\"@id\":\"https:\\\/\\\/elvkonsultacijos.lt\\\/ru\\\/#\\\/schema\\\/logo\\\/image\\\/\"},\"sameAs\":[\"https:\\\/\\\/www.facebook.com\\\/elvprojektai.lt\\\/\"]}]}<\/script>\n<!-- \/ Yoast SEO plugin. -->","yoast_head_json":{"title":"GPAIS ataskait\u0173 pildymas - ELVkonsultacijos.lt","robots":{"index":"index","follow":"follow","max-snippet":"max-snippet:-1","max-image-preview":"max-image-preview:large","max-video-preview":"max-video-preview:-1"},"canonical":"https:\/\/elvkonsultacijos.lt\/ru\/paslaugos\/gpais-ataskaitu-pildymas\/","og_locale":"ru_RU","og_type":"article","og_title":"GPAIS ataskait\u0173 pildymas - ELVkonsultacijos.lt","og_description":"GPAIS \u2013 vieninga gamini\u0173, pakuo\u010di\u0173 ir atliek\u0173 apskaitos informacin\u0117 sistema. GPAIS yra skirta gamini\u0173, pakuo\u010di\u0173 ir atliek\u0173 apskaitos duomen\u0173 surinkimui, analizei ir kontrolei. Jos pagalba vykdoma atliek\u0173 susidarymo, tvarkymo, gamini\u0173 ir pakuo\u010di\u0173 tiekimo vidaus rinkai apskaita.","og_url":"https:\/\/elvkonsultacijos.lt\/ru\/paslaugos\/gpais-ataskaitu-pildymas\/","og_site_name":"ELVkonsultacijos.lt","article_publisher":"https:\/\/www.facebook.com\/elvprojektai.lt\/","article_modified_time":"2025-09-25T16:47:46+00:00","og_image":[{"width":548,"height":285,"url":"https:\/\/elvkonsultacijos.lt\/wp-content\/uploads\/2024\/10\/Group-19.png","type":"image\/png"}],"twitter_card":"summary_large_image","twitter_misc":{"Est. reading time":"2 \u043c\u0438\u043d\u0443\u0442\u044b"},"schema":{"@context":"https:\/\/schema.org","@graph":[{"@type":"WebPage","@id":"https:\/\/elvkonsultacijos.lt\/ru\/paslaugos\/gpais-ataskaitu-pildymas\/","url":"https:\/\/elvkonsultacijos.lt\/ru\/paslaugos\/gpais-ataskaitu-pildymas\/","name":"GPAIS ataskait\u0173 pildymas - ELVkonsultacijos.lt","isPartOf":{"@id":"https:\/\/elvkonsultacijos.lt\/ru\/#website"},"primaryImageOfPage":{"@id":"https:\/\/elvkonsultacijos.lt\/ru\/paslaugos\/gpais-ataskaitu-pildymas\/#primaryimage"},"image":{"@id":"https:\/\/elvkonsultacijos.lt\/ru\/paslaugos\/gpais-ataskaitu-pildymas\/#primaryimage"},"thumbnailUrl":"https:\/\/elvkonsultacijos.lt\/wp-content\/uploads\/2024\/10\/Group-19.png","datePublished":"2024-10-25T12:27:50+00:00","dateModified":"2025-09-25T16:47:46+00:00","breadcrumb":{"@id":"https:\/\/elvkonsultacijos.lt\/ru\/paslaugos\/gpais-ataskaitu-pildymas\/#breadcrumb"},"inLanguage":"ru-RU","potentialAction":[{"@type":"ReadAction","target":["https:\/\/elvkonsultacijos.lt\/ru\/paslaugos\/gpais-ataskaitu-pildymas\/"]}]},{"@type":"ImageObject","inLanguage":"ru-RU","@id":"https:\/\/elvkonsultacijos.lt\/ru\/paslaugos\/gpais-ataskaitu-pildymas\/#primaryimage","url":"https:\/\/elvkonsultacijos.lt\/wp-content\/uploads\/2024\/10\/Group-19.png","contentUrl":"https:\/\/elvkonsultacijos.lt\/wp-content\/uploads\/2024\/10\/Group-19.png","width":548,"height":285},{"@type":"BreadcrumbList","@id":"https:\/\/elvkonsultacijos.lt\/ru\/paslaugos\/gpais-ataskaitu-pildymas\/#breadcrumb","itemListElement":[{"@type":"ListItem","position":1,"name":"Home","item":"https:\/\/elvkonsultacijos.lt\/ru\/"},{"@type":"ListItem","position":2,"name":"\u0422\u043e\u0432\u0430\u0440\u044b","item":"https:\/\/elvkonsultacijos.lt\/ru\/shop\/"},{"@type":"ListItem","position":3,"name":"GPAIS ataskait\u0173 pildymas"}]},{"@type":"WebSite","@id":"https:\/\/elvkonsultacijos.lt\/ru\/#website","url":"https:\/\/elvkonsultacijos.lt\/ru\/","name":"ELV Konsultacijos","description":"Buhalterin\u0117s apskaitos konsultacijos internetu","publisher":{"@id":"https:\/\/elvkonsultacijos.lt\/ru\/#organization"},"potentialAction":[{"@type":"SearchAction","target":{"@type":"EntryPoint","urlTemplate":"https:\/\/elvkonsultacijos.lt\/ru\/?s={search_term_string}"},"query-input":{"@type":"PropertyValueSpecification","valueRequired":true,"valueName":"search_term_string"}}],"inLanguage":"ru-RU"},{"@type":"Organization","@id":"https:\/\/elvkonsultacijos.lt\/ru\/#organization","name":"ELV Projektai","url":"https:\/\/elvkonsultacijos.lt\/ru\/","logo":{"@type":"ImageObject","inLanguage":"ru-RU","@id":"https:\/\/elvkonsultacijos.lt\/ru\/#\/schema\/logo\/image\/","url":"https:\/\/elvkonsultacijos.lt\/wp-content\/uploads\/2024\/10\/logo.png","contentUrl":"https:\/\/elvkonsultacijos.lt\/wp-content\/uploads\/2024\/10\/logo.png","width":1500,"height":291,"caption":"ELV Projektai"},"image":{"@id":"https:\/\/elvkonsultacijos.lt\/ru\/#\/schema\/logo\/image\/"},"sameAs":["https:\/\/www.facebook.com\/elvprojektai.lt\/"]}]}},"_links":{"self":[{"href":"https:\/\/elvkonsultacijos.lt\/ru\/wp-json\/wp\/v2\/product\/102671","targetHints":{"allow":["GET"]}}],"collection":[{"href":"https:\/\/elvkonsultacijos.lt\/ru\/wp-json\/wp\/v2\/product"}],"about":[{"href":"https:\/\/elvkonsultacijos.lt\/ru\/wp-json\/wp\/v2\/types\/product"}],"version-history":[{"count":4,"href":"https:\/\/elvkonsultacijos.lt\/ru\/wp-json\/wp\/v2\/product\/102671\/revisions"}],"predecessor-version":[{"id":106372,"href":"https:\/\/elvkonsultacijos.lt\/ru\/wp-json\/wp\/v2\/product\/102671\/revisions\/106372"}],"wp:featuredmedia":[{"embeddable":true,"href":"https:\/\/elvkonsultacijos.lt\/ru\/wp-json\/wp\/v2\/media\/104429"}],"wp:attachment":[{"href":"https:\/\/elvkonsultacijos.lt\/ru\/wp-json\/wp\/v2\/media?parent=102671"}],"wp:term":[{"taxonomy":"product_brand","embeddable":true,"href":"https:\/\/elvkonsultacijos.lt\/ru\/wp-json\/wp\/v2\/product_brand?post=102671"},{"taxonomy":"product_cat","embeddable":true,"href":"https:\/\/elvkonsultacijos.lt\/ru\/wp-json\/wp\/v2\/product_cat?post=102671"},{"taxonomy":"product_tag","embeddable":true,"href":"https:\/\/elvkonsultacijos.lt\/ru\/wp-json\/wp\/v2\/product_tag?post=102671"}],"curies":[{"name":"wp","href":"https:\/\/api.w.org\/{rel}","templated":true}]}}