{"id":104351,"date":"2024-12-02T08:42:30","date_gmt":"2024-12-02T08:42:30","guid":{"rendered":"http:\/\/elvkonsultacijos.lt\/?post_type=product&#038;p=104351"},"modified":"2025-09-25T16:44:34","modified_gmt":"2025-09-25T16:44:34","slug":"verslo-tvarumo-konsultacijos","status":"publish","type":"product","link":"https:\/\/elvkonsultacijos.lt\/ru\/paslaugos\/verslo-tvarumo-konsultacijos\/","title":{"rendered":"Verslo tvarumo konsultacijos"},"content":{"rendered":"\t\t<div data-elementor-type=\"product-post\" data-elementor-id=\"104351\" class=\"elementor elementor-104351\" data-elementor-post-type=\"product\">\n\t\t\t\t<div class=\"elementor-element elementor-element-c465a31 e-flex e-con-boxed e-con e-parent\" data-id=\"c465a31\" data-element_type=\"container\" data-e-type=\"container\">\n\t\t\t\t\t<div class=\"e-con-inner\">\n\t\t\t\t<div class=\"elementor-element elementor-element-0800f05 elementor-widget elementor-widget-text-editor\" data-id=\"0800f05\" data-element_type=\"widget\" data-e-type=\"widget\" data-widget_type=\"text-editor.default\">\n\t\t\t\t<div class=\"elementor-widget-container\">\n\t\t\t\t\t\t\t\t\t<p>Tvarus verslas \u2013 tai eti\u0161kai veikiantis, socialiai atsakingas ir aplinkai draugi\u0161kas verslas. Nors \u0161iandien tvarumas versle dar yra tik konkurencinis prana\u0161umas, bet jau artimoje ateityje jis taps b\u016btina s\u0105lyga, norint i\u0161likti rinkoje. Visuomen\u0117s po\u017ei\u016bris kei\u010diasi ne tik d\u0117l preki\u0173 ar paslaug\u0173 pasirinkimo, bet ir renkantis darbdav\u012f, pirmenyb\u0119 vis da\u017eniau teikiant tvarumo iniciatyvomis u\u017esiiman\u010dioms \u012fmon\u0117ms bei augantis vartotoj\u0173 ir klient\u0173 s\u0105moningumas, o taip pat ir did\u0117jantis i\u0161orini\u0173 suinteresuot\u0173j\u0173 \u0161ali\u0173 spaudimas \u012fmon\u0117ms, ypa\u010d tiek\u0117j\u0173 ir partneri\u0173, kuriuos taip pat \u012ftakoja teisiniai reikalavimai. Kitas svarbus aspektas \u2013 investuotoj\u0173 ir finansini\u0173 \u012fstaig\u0173 \u012fsipareigojimai atsi\u017evelgti \u012f \u012fmoni\u0173 tvarumo b\u016bkl\u0119 priimant sprendimus d\u0117l finansin\u0117s ar investicin\u0117s pagalbos teikimo ir s\u0105lyg\u0173. Be to, tvarumo svarb\u0105 versle \u012ftakoja ir grie\u017et\u0117jantis Europos S\u0105jungos (ES) teisinis reguliavimas siekiant \u012fgyvendinti ES \u017daliojo kurso tikslus ir bendra situacija rinkoje.<\/p><p>Paslaugos atlikimo terminas \u2013 nuo 2 darbo dien\u0173 po dokument\u0173 pasira\u0161ymo, priklausomai nuo individuali\u0173 aplinkybi\u0173.<\/p>\t\t\t\t\t\t\t\t<\/div>\n\t\t\t\t<\/div>\n\t\t\t\t<div class=\"elementor-element elementor-element-eb0ce50 calendar-accordion elementor-widget elementor-widget-n-accordion\" data-id=\"eb0ce50\" data-element_type=\"widget\" data-e-type=\"widget\" data-settings=\"{&quot;default_state&quot;:&quot;expanded&quot;,&quot;max_items_expended&quot;:&quot;one&quot;,&quot;n_accordion_animation_duration&quot;:{&quot;unit&quot;:&quot;ms&quot;,&quot;size&quot;:400,&quot;sizes&quot;:[]}}\" data-widget_type=\"nested-accordion.default\">\n\t\t\t\t<div class=\"elementor-widget-container\">\n\t\t\t\t\t\t\t<div class=\"e-n-accordion\" aria-label=\"Accordion. Open links with Enter or Space, close with Escape, and navigate with Arrow Keys\">\n\t\t\t\t\t\t<details id=\"e-n-accordion-item-2460\" class=\"e-n-accordion-item\" open>\n\t\t\t\t<summary class=\"e-n-accordion-item-title\" data-accordion-index=\"1\" tabindex=\"0\" aria-expanded=\"true\" aria-controls=\"e-n-accordion-item-2460\" >\n\t\t\t\t\t<span class='e-n-accordion-item-title-header'><div class=\"e-n-accordion-item-title-text\"> Pasirinkite skambu\u010dio dat\u0105 ir laik\u0105 <\/div><\/span>\n\t\t\t\t\t\t\t<span class='e-n-accordion-item-title-icon'>\n\t\t\t<span class='e-opened' ><svg xmlns=\"http:\/\/www.w3.org\/2000\/svg\" viewBox=\"0 0 256 256\" fill=\"currentColor\"><path d=\"M213.66,165.66a8,8,0,0,1-11.32,0L128,91.31,53.66,165.66a8,8,0,0,1-11.32-11.32l80-80a8,8,0,0,1,11.32,0l80,80A8,8,0,0,1,213.66,165.66Z\"><\/path><\/svg><\/span>\n\t\t\t<span class='e-closed'><svg xmlns=\"http:\/\/www.w3.org\/2000\/svg\" viewBox=\"0 0 256 256\" fill=\"currentColor\"><path d=\"M213.66,101.66l-80,80a8,8,0,0,1-11.32,0l-80-80A8,8,0,0,1,53.66,90.34L128,164.69l74.34-74.35a8,8,0,0,1,11.32,11.32Z\"><\/path><\/svg><\/span>\n\t\t<\/span>\n\n\t\t\t\t\t\t<\/summary>\n\t\t\t\t<div role=\"region\" aria-labelledby=\"e-n-accordion-item-2460\" class=\"elementor-element elementor-element-b2de486 e-con-full e-flex e-con e-child\" data-id=\"b2de486\" data-element_type=\"container\" data-e-type=\"container\">\n\t\t\t\t<div class=\"elementor-element elementor-element-1d87e62 elementor-widget elementor-widget-shortcode\" data-id=\"1d87e62\" data-element_type=\"widget\" data-e-type=\"widget\" data-widget_type=\"shortcode.default\">\n\t\t\t\t<div class=\"elementor-widget-container\">\n\t\t\t\t\t\t\t<div class=\"elementor-shortcode\"><div class=\"react-app-container\">\n            <div\n                id=\"react-app-69ff4b5be2f18\"\n                data-product-name=\"\"\n                data-product-id=\"\"\n            >\n            <\/div>\n        <\/div><\/div>\n\t\t\t\t\t\t<\/div>\n\t\t\t\t<\/div>\n\t\t\t\t<\/div>\n\t\t\t\t\t<\/details>\n\t\t\t\t\t<\/div>\n\t\t\t\t\t\t<\/div>\n\t\t\t\t<\/div>\n\t\t<div class=\"elementor-element elementor-element-8e9e0e9 e-con-full e-flex e-con e-child\" data-id=\"8e9e0e9\" data-element_type=\"container\" data-e-type=\"container\">\n\t\t\t\t<div class=\"elementor-element elementor-element-0a92837 elementor-widget elementor-widget-the7-heading\" data-id=\"0a92837\" data-element_type=\"widget\" data-e-type=\"widget\" data-widget_type=\"the7-heading.default\">\n\t\t\t\t<div class=\"elementor-widget-container\">\n\t\t\t\t\t<h2 class=\"the7-heading-title elementor-size-default\">Papildoma informacija apie paslaug\u0105<\/h2>\t\t\t\t<\/div>\n\t\t\t\t<\/div>\n\t\t\t\t<div class=\"elementor-element elementor-element-2042c4a product-additional-info elementor-widget elementor-widget-the7-accordion\" data-id=\"2042c4a\" data-element_type=\"widget\" data-e-type=\"widget\" data-widget_type=\"the7-accordion.default\">\n\t\t\t\t<div class=\"elementor-widget-container\">\n\t\t\t\t\t\t\t<div class=\"elementor-accordion the7-adv-accordion\" data-accordion-type=\"accordion\" role=\"tablist\">\n\t\t\t\t\t\t\t<div class=\"elementor-accordion-item\">\n\t\t\t\t\t<h4 id=\"elementor-tab-title-3381\" class=\"elementor-tab-title the7-accordion-header deactive-default\" data-tab=\"1\" role=\"tab\" aria-controls=\"elementor-tab-content-3381\">\n\n\t\t\t\t\t\t\t\t\t\t\t\t\t<span class=\"elementor-accordion-icon elementor-accordion-icon-right\" aria-hidden=\"true\">\n\t\t\t\t\t\t\t\t\t\t\t\t\t\t\t<span class=\"elementor-accordion-icon-closed\"><svg xmlns=\"http:\/\/www.w3.org\/2000\/svg\" viewBox=\"0 0 256 256\" fill=\"currentColor\"><path d=\"M213.66,101.66l-80,80a8,8,0,0,1-11.32,0l-80-80A8,8,0,0,1,53.66,90.34L128,164.69l74.34-74.35a8,8,0,0,1,11.32,11.32Z\"><\/path><\/svg><\/span>\n\t\t\t\t\t\t\t\t\t\t\t\t\t\t\t\t\t<span class=\"elementor-accordion-icon-opened\"><svg xmlns=\"http:\/\/www.w3.org\/2000\/svg\" viewBox=\"0 0 256 256\" fill=\"currentColor\"><path d=\"M213.66,165.66a8,8,0,0,1-11.32,0L128,91.31,53.66,165.66a8,8,0,0,1-11.32-11.32l80-80a8,8,0,0,1,11.32,0l80,80A8,8,0,0,1,213.66,165.66Z\"><\/path><\/svg><\/span>\n\t\t\t\t\t\t\t\t\t\t\t\t\t\t\t\t\t\t\t\t\t\t<\/span>\n\t\t\t\t\t\t\t\t\t\t\t\t\t\t\t\t\t\t<a class=\"elementor-accordion-title\" href=\"\">Kod\u0117l \u012fmon\u0117ms svarbu tapti socialiai atsakingoms ir eiti tvarumo keliu?<\/a>\n\t\t\t\t\t<\/h4>\n\t\t\t\t\t<div id=\"elementor-tab-content-3381\" class=\"elementor-tab-content elementor-clearfix deactive-default\" data-tab=\"1\" role=\"tabpanel\" aria-labelledby=\"elementor-tab-title-3381\"><p><span style=\"font-size: medium;\">Tos \u012fmon\u0117s, kurios suskubs eiti tvarumo keliu ir aplenks savo konkurentus, \u012fgis neabejotin\u0105 konkurencin\u012f prana\u0161um\u0105. Kuo tvarumas versle naudingas? Vis\u0173 pirma, tai padeda suma\u017einti ka\u0161tus ir didinti peln\u0105, atitikti vis grie\u017et\u0117jan\u010dius teisinius reikalavimus ir \u012fgyti prana\u0161umo dalyvaujant vie\u0161uosiuose konkursuose, kur tvarumas jau yra svarbus kriterijus. Taip pat tai ir galimyb\u0117 gauti kreditus palankesn\u0117mis s\u0105lygomis, pritraukti investuotojus, sukurti geresn\u012f verslo \u012fvaizd\u012f, didinti partneri\u0173 ir tiek\u0117j\u0173 pasitik\u0117jim\u0105, o taip pat pritraukti ir i\u0161laikyti geriausius specialistus.<\/span><\/p><p>\u00a0<\/p><\/div>\n\t\t\t\t<\/div>\n\t\t\t\t\t<\/div>\n\t\t\t\t\t\t<\/div>\n\t\t\t\t<\/div>\n\t\t\t\t<div class=\"elementor-element elementor-element-429a8f7 product-additional-info elementor-widget elementor-widget-the7-accordion\" data-id=\"429a8f7\" data-element_type=\"widget\" data-e-type=\"widget\" data-widget_type=\"the7-accordion.default\">\n\t\t\t\t<div class=\"elementor-widget-container\">\n\t\t\t\t\t\t\t<div class=\"elementor-accordion the7-adv-accordion\" data-accordion-type=\"accordion\" role=\"tablist\">\n\t\t\t\t\t\t\t<div class=\"elementor-accordion-item\">\n\t\t\t\t\t<h4 id=\"elementor-tab-title-6981\" class=\"elementor-tab-title the7-accordion-header deactive-default\" data-tab=\"1\" role=\"tab\" aria-controls=\"elementor-tab-content-6981\">\n\n\t\t\t\t\t\t\t\t\t\t\t\t\t<span class=\"elementor-accordion-icon elementor-accordion-icon-right\" aria-hidden=\"true\">\n\t\t\t\t\t\t\t\t\t\t\t\t\t\t\t<span class=\"elementor-accordion-icon-closed\"><svg xmlns=\"http:\/\/www.w3.org\/2000\/svg\" viewBox=\"0 0 256 256\" fill=\"currentColor\"><path d=\"M213.66,101.66l-80,80a8,8,0,0,1-11.32,0l-80-80A8,8,0,0,1,53.66,90.34L128,164.69l74.34-74.35a8,8,0,0,1,11.32,11.32Z\"><\/path><\/svg><\/span>\n\t\t\t\t\t\t\t\t\t\t\t\t\t\t\t\t\t<span class=\"elementor-accordion-icon-opened\"><svg xmlns=\"http:\/\/www.w3.org\/2000\/svg\" viewBox=\"0 0 256 256\" fill=\"currentColor\"><path d=\"M213.66,165.66a8,8,0,0,1-11.32,0L128,91.31,53.66,165.66a8,8,0,0,1-11.32-11.32l80-80a8,8,0,0,1,11.32,0l80,80A8,8,0,0,1,213.66,165.66Z\"><\/path><\/svg><\/span>\n\t\t\t\t\t\t\t\t\t\t\t\t\t\t\t\t\t\t\t\t\t\t<\/span>\n\t\t\t\t\t\t\t\t\t\t\t\t\t\t\t\t\t\t<a class=\"elementor-accordion-title\" href=\"\">Konsultacijos metu su\u017einosite:<\/a>\n\t\t\t\t\t<\/h4>\n\t\t\t\t\t<div id=\"elementor-tab-content-6981\" class=\"elementor-tab-content elementor-clearfix deactive-default\" data-tab=\"1\" role=\"tabpanel\" aria-labelledby=\"elementor-tab-title-6981\"><ul><li><p><span style=\"font-size: medium;\">Kokios J\u016bs\u0173 \u012fmon\u0117je jau vykdomos iniciatyvos gali b\u016bti priskiriamos verslo tvarumui aplinkosaugin\u0117je, socialin\u0117je ir valdysenos srityse?<\/span><\/p><\/li><li><p><span style=\"font-size: medium;\">Kokie tvarumo aspektai \u012fmon\u0117je yra svarbiausi, priklausomai nuo jos veiklos specifikos?<\/span><\/p><\/li><li><p><span style=\"font-size: medium;\">Koki\u0173 praktini\u0173 \u017eingsni\u0173 \u012fmon\u0117 tur\u0117t\u0173 imtis prad\u0117dama savo keli\u0105 tvarumo link?<\/span><\/p><\/li><li><p><span style=\"font-size: medium;\">Ar \u012fmonei bus privaloma teikti tvarumo ataskaitas pagal ES Bendrovi\u0173 tvarumo atskaitingumo direktyvos (BTAD) ir Europos tvarumo atskaitomyb\u0117s standart\u0173 (ETAS) \u0161ios direktyvos \u012fgyvendinimui reikalavimus?<\/span><\/p><\/li><li><p><span style=\"font-size: medium;\">Kod\u0117l \u012fmonei b\u016bt\u0173 naudinga pasiruo\u0161ti savanori\u0161k\u0105 tvarumo ataskait\u0105?<\/span><\/p><\/li><\/ul><p><span style=\"font-size: medium;\">Atsakymai \u012f \u0161iuos ir \/ ar kitus Jums aktualius klausimus, kuriuos su\u017einosite konsultacijos metu, pad\u0117s dr\u0105siau imtis tiek pirm\u0173j\u0173, tiek ir tolimesni\u0173 tvarumo \u017eingsni\u0173 \u012fmon\u0117je.<\/span><\/p><p><span style=\"font-size: medium;\"><i>Jus konsultuos dr. Gint\u0117 Jonkut\u0117-Vilk\u0117 \u2013 tvarumo ir aplinkosaugos ekspert\u0117, tvaraus verslo konsultavimo \u012fmon\u0117s \u201eSustainPro\u201c \u012fk\u016br\u0117ja ir vadov\u0117, tvarumo srityje dirbanti nuo 2010 m., turinti daugiau nei 14 met\u0173 mokslinio-tiriamojo darbo patirties, darbo su tarptautiniais projektais, verslo konsultavimo bei kt. patirties<\/i><\/span><span style=\"font-size: medium;\">.<\/span><\/p><\/div>\n\t\t\t\t<\/div>\n\t\t\t\t\t<\/div>\n\t\t\t\t\t\t<\/div>\n\t\t\t\t<\/div>\n\t\t\t\t<\/div>\n\t\t\t\t\t<\/div>\n\t\t\t\t<\/div>\n\t\t\t\t<\/div>\n\t\t","protected":false},"excerpt":{"rendered":"<p>Tvarus verslas \u2013 tai eti\u0161kai veikiantis, socialiai atsakingas ir aplinkai draugi\u0161kas verslas. Nors \u0161iandien tvarumas versle dar yra tik konkurencinis prana\u0161umas, bet jau artimoje ateityje jis taps b\u016btina s\u0105lyga, norint i\u0161likti rinkoje.<\/p>\n","protected":false},"featured_media":104489,"template":"","meta":{"_acf_changed":false},"product_brand":[],"product_cat":[15],"product_tag":[],"class_list":{"0":"post-104351","1":"product","2":"type-product","3":"status-publish","4":"has-post-thumbnail","6":"product_cat-uncategorized","8":"first","9":"instock","10":"sold-individually","11":"shipping-taxable","12":"purchasable","13":"product-type-simple"},"acf":[],"aioseo_notices":[],"yoast_head":"<!-- This site is optimized with the Yoast SEO plugin v27.3 - https:\/\/yoast.com\/product\/yoast-seo-wordpress\/ -->\n<title>Verslo tvarumo konsultacijos - ELVkonsultacijos.lt<\/title>\n<meta name=\"robots\" content=\"index, follow, max-snippet:-1, max-image-preview:large, max-video-preview:-1\" \/>\n<link rel=\"canonical\" href=\"https:\/\/elvkonsultacijos.lt\/ru\/paslaugos\/verslo-tvarumo-konsultacijos\/\" \/>\n<meta property=\"og:locale\" content=\"ru_RU\" \/>\n<meta property=\"og:type\" content=\"article\" \/>\n<meta property=\"og:title\" content=\"Verslo tvarumo konsultacijos - ELVkonsultacijos.lt\" \/>\n<meta property=\"og:description\" content=\"Tvarus verslas \u2013 tai eti\u0161kai veikiantis, socialiai atsakingas ir aplinkai draugi\u0161kas verslas. Nors \u0161iandien tvarumas versle dar yra tik konkurencinis prana\u0161umas, bet jau artimoje ateityje jis taps b\u016btina s\u0105lyga, norint i\u0161likti rinkoje.\" \/>\n<meta property=\"og:url\" content=\"https:\/\/elvkonsultacijos.lt\/ru\/paslaugos\/verslo-tvarumo-konsultacijos\/\" \/>\n<meta property=\"og:site_name\" content=\"ELVkonsultacijos.lt\" \/>\n<meta property=\"article:publisher\" content=\"https:\/\/www.facebook.com\/elvprojektai.lt\/\" \/>\n<meta property=\"article:modified_time\" content=\"2025-09-25T16:44:34+00:00\" \/>\n<meta property=\"og:image\" content=\"https:\/\/elvkonsultacijos.lt\/wp-content\/uploads\/2024\/12\/Group-17.png\" \/>\n\t<meta property=\"og:image:width\" content=\"548\" \/>\n\t<meta property=\"og:image:height\" content=\"285\" \/>\n\t<meta property=\"og:image:type\" content=\"image\/png\" \/>\n<meta name=\"twitter:card\" content=\"summary_large_image\" \/>\n<meta name=\"twitter:label1\" content=\"Est. reading time\" \/>\n\t<meta name=\"twitter:data1\" content=\"3 \u043c\u0438\u043d\u0443\u0442\u044b\" \/>\n<script type=\"application\/ld+json\" class=\"yoast-schema-graph\">{\"@context\":\"https:\\\/\\\/schema.org\",\"@graph\":[{\"@type\":\"WebPage\",\"@id\":\"https:\\\/\\\/elvkonsultacijos.lt\\\/ru\\\/paslaugos\\\/verslo-tvarumo-konsultacijos\\\/\",\"url\":\"https:\\\/\\\/elvkonsultacijos.lt\\\/ru\\\/paslaugos\\\/verslo-tvarumo-konsultacijos\\\/\",\"name\":\"Verslo tvarumo konsultacijos - ELVkonsultacijos.lt\",\"isPartOf\":{\"@id\":\"https:\\\/\\\/elvkonsultacijos.lt\\\/ru\\\/#website\"},\"primaryImageOfPage\":{\"@id\":\"https:\\\/\\\/elvkonsultacijos.lt\\\/ru\\\/paslaugos\\\/verslo-tvarumo-konsultacijos\\\/#primaryimage\"},\"image\":{\"@id\":\"https:\\\/\\\/elvkonsultacijos.lt\\\/ru\\\/paslaugos\\\/verslo-tvarumo-konsultacijos\\\/#primaryimage\"},\"thumbnailUrl\":\"https:\\\/\\\/elvkonsultacijos.lt\\\/wp-content\\\/uploads\\\/2024\\\/12\\\/Group-17.png\",\"datePublished\":\"2024-12-02T08:42:30+00:00\",\"dateModified\":\"2025-09-25T16:44:34+00:00\",\"breadcrumb\":{\"@id\":\"https:\\\/\\\/elvkonsultacijos.lt\\\/ru\\\/paslaugos\\\/verslo-tvarumo-konsultacijos\\\/#breadcrumb\"},\"inLanguage\":\"ru-RU\",\"potentialAction\":[{\"@type\":\"ReadAction\",\"target\":[\"https:\\\/\\\/elvkonsultacijos.lt\\\/ru\\\/paslaugos\\\/verslo-tvarumo-konsultacijos\\\/\"]}]},{\"@type\":\"ImageObject\",\"inLanguage\":\"ru-RU\",\"@id\":\"https:\\\/\\\/elvkonsultacijos.lt\\\/ru\\\/paslaugos\\\/verslo-tvarumo-konsultacijos\\\/#primaryimage\",\"url\":\"https:\\\/\\\/elvkonsultacijos.lt\\\/wp-content\\\/uploads\\\/2024\\\/12\\\/Group-17.png\",\"contentUrl\":\"https:\\\/\\\/elvkonsultacijos.lt\\\/wp-content\\\/uploads\\\/2024\\\/12\\\/Group-17.png\",\"width\":548,\"height\":285},{\"@type\":\"BreadcrumbList\",\"@id\":\"https:\\\/\\\/elvkonsultacijos.lt\\\/ru\\\/paslaugos\\\/verslo-tvarumo-konsultacijos\\\/#breadcrumb\",\"itemListElement\":[{\"@type\":\"ListItem\",\"position\":1,\"name\":\"Home\",\"item\":\"https:\\\/\\\/elvkonsultacijos.lt\\\/ru\\\/\"},{\"@type\":\"ListItem\",\"position\":2,\"name\":\"\u0422\u043e\u0432\u0430\u0440\u044b\",\"item\":\"https:\\\/\\\/elvkonsultacijos.lt\\\/ru\\\/shop\\\/\"},{\"@type\":\"ListItem\",\"position\":3,\"name\":\"Verslo tvarumo konsultacijos\"}]},{\"@type\":\"WebSite\",\"@id\":\"https:\\\/\\\/elvkonsultacijos.lt\\\/ru\\\/#website\",\"url\":\"https:\\\/\\\/elvkonsultacijos.lt\\\/ru\\\/\",\"name\":\"ELV Konsultacijos\",\"description\":\"Buhalterin\u0117s apskaitos konsultacijos internetu\",\"publisher\":{\"@id\":\"https:\\\/\\\/elvkonsultacijos.lt\\\/ru\\\/#organization\"},\"potentialAction\":[{\"@type\":\"SearchAction\",\"target\":{\"@type\":\"EntryPoint\",\"urlTemplate\":\"https:\\\/\\\/elvkonsultacijos.lt\\\/ru\\\/?s={search_term_string}\"},\"query-input\":{\"@type\":\"PropertyValueSpecification\",\"valueRequired\":true,\"valueName\":\"search_term_string\"}}],\"inLanguage\":\"ru-RU\"},{\"@type\":\"Organization\",\"@id\":\"https:\\\/\\\/elvkonsultacijos.lt\\\/ru\\\/#organization\",\"name\":\"ELV Projektai\",\"url\":\"https:\\\/\\\/elvkonsultacijos.lt\\\/ru\\\/\",\"logo\":{\"@type\":\"ImageObject\",\"inLanguage\":\"ru-RU\",\"@id\":\"https:\\\/\\\/elvkonsultacijos.lt\\\/ru\\\/#\\\/schema\\\/logo\\\/image\\\/\",\"url\":\"https:\\\/\\\/elvkonsultacijos.lt\\\/wp-content\\\/uploads\\\/2024\\\/10\\\/logo.png\",\"contentUrl\":\"https:\\\/\\\/elvkonsultacijos.lt\\\/wp-content\\\/uploads\\\/2024\\\/10\\\/logo.png\",\"width\":1500,\"height\":291,\"caption\":\"ELV Projektai\"},\"image\":{\"@id\":\"https:\\\/\\\/elvkonsultacijos.lt\\\/ru\\\/#\\\/schema\\\/logo\\\/image\\\/\"},\"sameAs\":[\"https:\\\/\\\/www.facebook.com\\\/elvprojektai.lt\\\/\"]}]}<\/script>\n<!-- \/ Yoast SEO plugin. -->","yoast_head_json":{"title":"Verslo tvarumo konsultacijos - ELVkonsultacijos.lt","robots":{"index":"index","follow":"follow","max-snippet":"max-snippet:-1","max-image-preview":"max-image-preview:large","max-video-preview":"max-video-preview:-1"},"canonical":"https:\/\/elvkonsultacijos.lt\/ru\/paslaugos\/verslo-tvarumo-konsultacijos\/","og_locale":"ru_RU","og_type":"article","og_title":"Verslo tvarumo konsultacijos - ELVkonsultacijos.lt","og_description":"Tvarus verslas \u2013 tai eti\u0161kai veikiantis, socialiai atsakingas ir aplinkai draugi\u0161kas verslas. Nors \u0161iandien tvarumas versle dar yra tik konkurencinis prana\u0161umas, bet jau artimoje ateityje jis taps b\u016btina s\u0105lyga, norint i\u0161likti rinkoje.","og_url":"https:\/\/elvkonsultacijos.lt\/ru\/paslaugos\/verslo-tvarumo-konsultacijos\/","og_site_name":"ELVkonsultacijos.lt","article_publisher":"https:\/\/www.facebook.com\/elvprojektai.lt\/","article_modified_time":"2025-09-25T16:44:34+00:00","og_image":[{"width":548,"height":285,"url":"https:\/\/elvkonsultacijos.lt\/wp-content\/uploads\/2024\/12\/Group-17.png","type":"image\/png"}],"twitter_card":"summary_large_image","twitter_misc":{"Est. reading time":"3 \u043c\u0438\u043d\u0443\u0442\u044b"},"schema":{"@context":"https:\/\/schema.org","@graph":[{"@type":"WebPage","@id":"https:\/\/elvkonsultacijos.lt\/ru\/paslaugos\/verslo-tvarumo-konsultacijos\/","url":"https:\/\/elvkonsultacijos.lt\/ru\/paslaugos\/verslo-tvarumo-konsultacijos\/","name":"Verslo tvarumo konsultacijos - ELVkonsultacijos.lt","isPartOf":{"@id":"https:\/\/elvkonsultacijos.lt\/ru\/#website"},"primaryImageOfPage":{"@id":"https:\/\/elvkonsultacijos.lt\/ru\/paslaugos\/verslo-tvarumo-konsultacijos\/#primaryimage"},"image":{"@id":"https:\/\/elvkonsultacijos.lt\/ru\/paslaugos\/verslo-tvarumo-konsultacijos\/#primaryimage"},"thumbnailUrl":"https:\/\/elvkonsultacijos.lt\/wp-content\/uploads\/2024\/12\/Group-17.png","datePublished":"2024-12-02T08:42:30+00:00","dateModified":"2025-09-25T16:44:34+00:00","breadcrumb":{"@id":"https:\/\/elvkonsultacijos.lt\/ru\/paslaugos\/verslo-tvarumo-konsultacijos\/#breadcrumb"},"inLanguage":"ru-RU","potentialAction":[{"@type":"ReadAction","target":["https:\/\/elvkonsultacijos.lt\/ru\/paslaugos\/verslo-tvarumo-konsultacijos\/"]}]},{"@type":"ImageObject","inLanguage":"ru-RU","@id":"https:\/\/elvkonsultacijos.lt\/ru\/paslaugos\/verslo-tvarumo-konsultacijos\/#primaryimage","url":"https:\/\/elvkonsultacijos.lt\/wp-content\/uploads\/2024\/12\/Group-17.png","contentUrl":"https:\/\/elvkonsultacijos.lt\/wp-content\/uploads\/2024\/12\/Group-17.png","width":548,"height":285},{"@type":"BreadcrumbList","@id":"https:\/\/elvkonsultacijos.lt\/ru\/paslaugos\/verslo-tvarumo-konsultacijos\/#breadcrumb","itemListElement":[{"@type":"ListItem","position":1,"name":"Home","item":"https:\/\/elvkonsultacijos.lt\/ru\/"},{"@type":"ListItem","position":2,"name":"\u0422\u043e\u0432\u0430\u0440\u044b","item":"https:\/\/elvkonsultacijos.lt\/ru\/shop\/"},{"@type":"ListItem","position":3,"name":"Verslo tvarumo konsultacijos"}]},{"@type":"WebSite","@id":"https:\/\/elvkonsultacijos.lt\/ru\/#website","url":"https:\/\/elvkonsultacijos.lt\/ru\/","name":"ELV Konsultacijos","description":"Buhalterin\u0117s apskaitos konsultacijos internetu","publisher":{"@id":"https:\/\/elvkonsultacijos.lt\/ru\/#organization"},"potentialAction":[{"@type":"SearchAction","target":{"@type":"EntryPoint","urlTemplate":"https:\/\/elvkonsultacijos.lt\/ru\/?s={search_term_string}"},"query-input":{"@type":"PropertyValueSpecification","valueRequired":true,"valueName":"search_term_string"}}],"inLanguage":"ru-RU"},{"@type":"Organization","@id":"https:\/\/elvkonsultacijos.lt\/ru\/#organization","name":"ELV Projektai","url":"https:\/\/elvkonsultacijos.lt\/ru\/","logo":{"@type":"ImageObject","inLanguage":"ru-RU","@id":"https:\/\/elvkonsultacijos.lt\/ru\/#\/schema\/logo\/image\/","url":"https:\/\/elvkonsultacijos.lt\/wp-content\/uploads\/2024\/10\/logo.png","contentUrl":"https:\/\/elvkonsultacijos.lt\/wp-content\/uploads\/2024\/10\/logo.png","width":1500,"height":291,"caption":"ELV Projektai"},"image":{"@id":"https:\/\/elvkonsultacijos.lt\/ru\/#\/schema\/logo\/image\/"},"sameAs":["https:\/\/www.facebook.com\/elvprojektai.lt\/"]}]}},"_links":{"self":[{"href":"https:\/\/elvkonsultacijos.lt\/ru\/wp-json\/wp\/v2\/product\/104351","targetHints":{"allow":["GET"]}}],"collection":[{"href":"https:\/\/elvkonsultacijos.lt\/ru\/wp-json\/wp\/v2\/product"}],"about":[{"href":"https:\/\/elvkonsultacijos.lt\/ru\/wp-json\/wp\/v2\/types\/product"}],"version-history":[{"count":5,"href":"https:\/\/elvkonsultacijos.lt\/ru\/wp-json\/wp\/v2\/product\/104351\/revisions"}],"predecessor-version":[{"id":106370,"href":"https:\/\/elvkonsultacijos.lt\/ru\/wp-json\/wp\/v2\/product\/104351\/revisions\/106370"}],"wp:featuredmedia":[{"embeddable":true,"href":"https:\/\/elvkonsultacijos.lt\/ru\/wp-json\/wp\/v2\/media\/104489"}],"wp:attachment":[{"href":"https:\/\/elvkonsultacijos.lt\/ru\/wp-json\/wp\/v2\/media?parent=104351"}],"wp:term":[{"taxonomy":"product_brand","embeddable":true,"href":"https:\/\/elvkonsultacijos.lt\/ru\/wp-json\/wp\/v2\/product_brand?post=104351"},{"taxonomy":"product_cat","embeddable":true,"href":"https:\/\/elvkonsultacijos.lt\/ru\/wp-json\/wp\/v2\/product_cat?post=104351"},{"taxonomy":"product_tag","embeddable":true,"href":"https:\/\/elvkonsultacijos.lt\/ru\/wp-json\/wp\/v2\/product_tag?post=104351"}],"curies":[{"name":"wp","href":"https:\/\/api.w.org\/{rel}","templated":true}]}}