{"id":105967,"date":"2025-07-02T16:15:23","date_gmt":"2025-07-02T16:15:23","guid":{"rendered":"https:\/\/elvkonsultacijos.lt\/?post_type=product&#038;p=105967"},"modified":"2025-09-25T16:48:19","modified_gmt":"2025-09-25T16:48:19","slug":"pvm-kodo-registravimas","status":"publish","type":"product","link":"https:\/\/elvkonsultacijos.lt\/ru\/paslaugos\/pvm-kodo-registravimas\/","title":{"rendered":"PVM kodo registravimas"},"content":{"rendered":"\t\t<div data-elementor-type=\"product-post\" data-elementor-id=\"105967\" class=\"elementor elementor-105967\" data-elementor-post-type=\"product\">\n\t\t\t\t<div class=\"elementor-element elementor-element-4374f70 e-flex e-con-boxed e-con e-parent\" data-id=\"4374f70\" data-element_type=\"container\" data-e-type=\"container\">\n\t\t\t\t\t<div class=\"e-con-inner\">\n\t\t\t\t<div class=\"elementor-element elementor-element-5c0325e elementor-widget elementor-widget-text-editor\" data-id=\"5c0325e\" data-element_type=\"widget\" data-e-type=\"widget\" data-widget_type=\"text-editor.default\">\n\t\t\t\t<div class=\"elementor-widget-container\">\n\t\t\t\t\t\t\t\t\t<p><strong>PVM kodo registravimas<\/strong> yra svarbi proced\u016bra \u012fmon\u0117ms. Norint tapti PVM mok\u0117toju, reikia pateikti pra\u0161ym\u0105 Valstybinei mokes\u010di\u0173 inspekcijai (VMI) ir pateikti informacij\u0105 apie \u012fmon\u0117s veikl\u0105, pajamas bei klientus. Gavus PVM mok\u0117tojo kod\u0105, \u012fmon\u0117 privalo teisingai i\u0161ra\u0161yti s\u0105skaitas fakt\u016bras, teikti PVM deklaracijas ir laikytis vis\u0173 mokes\u010di\u0173 teis\u0117s akt\u0173 reikalavim\u0173. \u0160is statusas suteikia daugiau galimybi\u0173 verslo pl\u0117trai, ta\u010diau \u012fpareigoja tvarkingai vykdyti apskait\u0105.<\/p><p>PVM kodo registravimo paslauga apima ai\u0161kinamojo ra\u0161to ir reikiam\u0173 dokument\u0173 pateikim\u0105 VMI. Esant poreikiui pateikiami papildomi duomenys ir dokumentai<\/p><p>Paslaugos atlikimo terminas \u2013 nuo 2 darbo dien\u0173 po dokument\u0173 pasira\u0161ymo, priklausomai nuo individuali\u0173 aplinkybi\u0173.<\/p>\t\t\t\t\t\t\t\t<\/div>\n\t\t\t\t<\/div>\n\t\t\t\t<div class=\"elementor-element elementor-element-9cce286 calendar-accordion elementor-widget elementor-widget-n-accordion\" data-id=\"9cce286\" data-element_type=\"widget\" data-e-type=\"widget\" data-settings=\"{&quot;default_state&quot;:&quot;expanded&quot;,&quot;max_items_expended&quot;:&quot;one&quot;,&quot;n_accordion_animation_duration&quot;:{&quot;unit&quot;:&quot;ms&quot;,&quot;size&quot;:400,&quot;sizes&quot;:[]}}\" data-widget_type=\"nested-accordion.default\">\n\t\t\t\t<div class=\"elementor-widget-container\">\n\t\t\t\t\t\t\t<div class=\"e-n-accordion\" aria-label=\"Accordion. Open links with Enter or Space, close with Escape, and navigate with Arrow Keys\">\n\t\t\t\t\t\t<details id=\"e-n-accordion-item-1640\" class=\"e-n-accordion-item\" open>\n\t\t\t\t<summary class=\"e-n-accordion-item-title\" data-accordion-index=\"1\" tabindex=\"0\" aria-expanded=\"true\" aria-controls=\"e-n-accordion-item-1640\" >\n\t\t\t\t\t<span class='e-n-accordion-item-title-header'><div class=\"e-n-accordion-item-title-text\"> Pasirinkite skambu\u010dio dat\u0105 ir laik\u0105 <\/div><\/span>\n\t\t\t\t\t\t\t<span class='e-n-accordion-item-title-icon'>\n\t\t\t<span class='e-opened' ><svg xmlns=\"http:\/\/www.w3.org\/2000\/svg\" viewBox=\"0 0 256 256\" fill=\"currentColor\"><path d=\"M213.66,101.66l-80,80a8,8,0,0,1-11.32,0l-80-80A8,8,0,0,1,53.66,90.34L128,164.69l74.34-74.35a8,8,0,0,1,11.32,11.32Z\"><\/path><\/svg><\/span>\n\t\t\t<span class='e-closed'><svg xmlns=\"http:\/\/www.w3.org\/2000\/svg\" viewBox=\"0 0 256 256\" fill=\"currentColor\"><path d=\"M213.66,165.66a8,8,0,0,1-11.32,0L128,91.31,53.66,165.66a8,8,0,0,1-11.32-11.32l80-80a8,8,0,0,1,11.32,0l80,80A8,8,0,0,1,213.66,165.66Z\"><\/path><\/svg><\/span>\n\t\t<\/span>\n\n\t\t\t\t\t\t<\/summary>\n\t\t\t\t<div role=\"region\" aria-labelledby=\"e-n-accordion-item-1640\" class=\"elementor-element elementor-element-3672c86 e-con-full e-flex e-con e-child\" data-id=\"3672c86\" data-element_type=\"container\" data-e-type=\"container\">\n\t\t\t\t<div class=\"elementor-element elementor-element-ca62a24 elementor-widget elementor-widget-shortcode\" data-id=\"ca62a24\" data-element_type=\"widget\" data-e-type=\"widget\" data-widget_type=\"shortcode.default\">\n\t\t\t\t<div class=\"elementor-widget-container\">\n\t\t\t\t\t\t\t<div class=\"elementor-shortcode\"><div class=\"react-app-container\">\n            <div\n                id=\"react-app-69ff62dd803c4\"\n                data-product-name=\"\"\n                data-product-id=\"\"\n            >\n            <\/div>\n        <\/div><\/div>\n\t\t\t\t\t\t<\/div>\n\t\t\t\t<\/div>\n\t\t\t\t<\/div>\n\t\t\t\t\t<\/details>\n\t\t\t\t\t<\/div>\n\t\t\t\t\t\t<\/div>\n\t\t\t\t<\/div>\n\t\t<div class=\"elementor-element elementor-element-43957ec e-con-full e-flex e-con e-child\" data-id=\"43957ec\" data-element_type=\"container\" data-e-type=\"container\">\n\t\t\t\t<div class=\"elementor-element elementor-element-216edab elementor-widget elementor-widget-the7-heading\" data-id=\"216edab\" data-element_type=\"widget\" data-e-type=\"widget\" data-widget_type=\"the7-heading.default\">\n\t\t\t\t<div class=\"elementor-widget-container\">\n\t\t\t\t\t<h2 class=\"the7-heading-title elementor-size-default\">Papildoma informacija apie paslaug\u0105<\/h2>\t\t\t\t<\/div>\n\t\t\t\t<\/div>\n\t\t\t\t<div class=\"elementor-element elementor-element-40f5f86 product-additional-info elementor-widget elementor-widget-the7-accordion\" data-id=\"40f5f86\" data-element_type=\"widget\" data-e-type=\"widget\" data-widget_type=\"the7-accordion.default\">\n\t\t\t\t<div class=\"elementor-widget-container\">\n\t\t\t\t\t\t\t<div class=\"elementor-accordion the7-adv-accordion\" data-accordion-type=\"accordion\" role=\"tablist\">\n\t\t\t\t\t\t\t<div class=\"elementor-accordion-item\">\n\t\t\t\t\t<h4 id=\"elementor-tab-title-6811\" class=\"elementor-tab-title the7-accordion-header deactive-default\" data-tab=\"1\" role=\"tab\" aria-controls=\"elementor-tab-content-6811\">\n\n\t\t\t\t\t\t\t\t\t\t\t\t\t<span class=\"elementor-accordion-icon elementor-accordion-icon-right\" aria-hidden=\"true\">\n\t\t\t\t\t\t\t\t\t\t\t\t\t\t\t<span class=\"elementor-accordion-icon-closed\"><svg xmlns=\"http:\/\/www.w3.org\/2000\/svg\" viewBox=\"0 0 256 256\" fill=\"currentColor\"><path d=\"M213.66,101.66l-80,80a8,8,0,0,1-11.32,0l-80-80A8,8,0,0,1,53.66,90.34L128,164.69l74.34-74.35a8,8,0,0,1,11.32,11.32Z\"><\/path><\/svg><\/span>\n\t\t\t\t\t\t\t\t\t\t\t\t\t\t\t\t\t<span class=\"elementor-accordion-icon-opened\"><svg xmlns=\"http:\/\/www.w3.org\/2000\/svg\" viewBox=\"0 0 256 256\" fill=\"currentColor\"><path d=\"M213.66,165.66a8,8,0,0,1-11.32,0L128,91.31,53.66,165.66a8,8,0,0,1-11.32-11.32l80-80a8,8,0,0,1,11.32,0l80,80A8,8,0,0,1,213.66,165.66Z\"><\/path><\/svg><\/span>\n\t\t\t\t\t\t\t\t\t\t\t\t\t\t\t\t\t\t\t\t\t\t<\/span>\n\t\t\t\t\t\t\t\t\t\t\t\t\t\t\t\t\t\t<a class=\"elementor-accordion-title\" href=\"\">PVM mok\u0117toju turi tapti<\/a>\n\t\t\t\t\t<\/h4>\n\t\t\t\t\t<div id=\"elementor-tab-content-6811\" class=\"elementor-tab-content elementor-clearfix deactive-default\" data-tab=\"1\" role=\"tabpanel\" aria-labelledby=\"elementor-tab-title-6811\"><p>\u012emon\u0117s, kurios vir\u0161ija nustatyt\u0105 pajam\u0173 rib\u0105 arba vykdo tam tikras apmokestinamas veiklas. Kai kuriais atvejais registracija yra privaloma, kitais \u2013 savanori\u0161ka, pavyzd\u017eiui, norint dirbti su ES \u012fmon\u0117mis ar susigr\u0105\u017einti PVM.<\/p><\/div>\n\t\t\t\t<\/div>\n\t\t\t\t\t<\/div>\n\t\t\t\t\t\t<\/div>\n\t\t\t\t<\/div>\n\t\t\t\t<\/div>\n\t\t\t\t\t<\/div>\n\t\t\t\t<\/div>\n\t\t\t\t<\/div>\n\t\t","protected":false},"excerpt":{"rendered":"<p>PVM kodo registravimas yra svarbi proced\u016bra \u012fmon\u0117ms. Norint tapti PVM mok\u0117toju, reikia pateikti pra\u0161ym\u0105 Valstybinei mokes\u010di\u0173 inspekcijai (VMI) ir pateikti informacij\u0105 apie \u012fmon\u0117s veikl\u0105, pajamas bei klientus. Gavus PVM mok\u0117tojo kod\u0105, \u012fmon\u0117 privalo teisingai i\u0161ra\u0161yti s\u0105skaitas fakt\u016bras, teikti PVM deklaracijas ir laikytis vis\u0173 mokes\u010di\u0173 teis\u0117s akt\u0173 reikalavim\u0173. \u0160is statusas suteikia daugiau galimybi\u0173 verslo pl\u0117trai, ta\u010diau \u012fpareigoja tvarkingai vykdyti apskait\u0105.<\/p>\n","protected":false},"featured_media":106036,"template":"","meta":{"_acf_changed":false},"product_brand":[],"product_cat":[39],"product_tag":[],"class_list":{"0":"post-105967","1":"product","2":"type-product","3":"status-publish","4":"has-post-thumbnail","6":"product_cat-all-products","8":"first","9":"instock","10":"sold-individually","11":"shipping-taxable","12":"purchasable","13":"product-type-simple"},"acf":[],"aioseo_notices":[],"yoast_head":"<!-- This site is optimized with the Yoast SEO plugin v27.3 - https:\/\/yoast.com\/product\/yoast-seo-wordpress\/ -->\n<title>PVM kodo registravimas - ELVkonsultacijos.lt<\/title>\n<meta name=\"robots\" content=\"index, follow, max-snippet:-1, max-image-preview:large, max-video-preview:-1\" \/>\n<link rel=\"canonical\" href=\"https:\/\/elvkonsultacijos.lt\/ru\/paslaugos\/pvm-kodo-registravimas\/\" \/>\n<meta property=\"og:locale\" content=\"ru_RU\" \/>\n<meta property=\"og:type\" content=\"article\" \/>\n<meta property=\"og:title\" content=\"PVM kodo registravimas - ELVkonsultacijos.lt\" \/>\n<meta property=\"og:description\" content=\"PVM kodo registravimas yra svarbi proced\u016bra \u012fmon\u0117ms. Norint tapti PVM mok\u0117toju, reikia pateikti pra\u0161ym\u0105 Valstybinei mokes\u010di\u0173 inspekcijai (VMI) ir pateikti informacij\u0105 apie \u012fmon\u0117s veikl\u0105, pajamas bei klientus. Gavus PVM mok\u0117tojo kod\u0105, \u012fmon\u0117 privalo teisingai i\u0161ra\u0161yti s\u0105skaitas fakt\u016bras, teikti PVM deklaracijas ir laikytis vis\u0173 mokes\u010di\u0173 teis\u0117s akt\u0173 reikalavim\u0173. \u0160is statusas suteikia daugiau galimybi\u0173 verslo pl\u0117trai, ta\u010diau \u012fpareigoja tvarkingai vykdyti apskait\u0105.\" \/>\n<meta property=\"og:url\" content=\"https:\/\/elvkonsultacijos.lt\/ru\/paslaugos\/pvm-kodo-registravimas\/\" \/>\n<meta property=\"og:site_name\" content=\"ELVkonsultacijos.lt\" \/>\n<meta property=\"article:publisher\" content=\"https:\/\/www.facebook.com\/elvprojektai.lt\/\" \/>\n<meta property=\"article:modified_time\" content=\"2025-09-25T16:48:19+00:00\" \/>\n<meta property=\"og:image\" content=\"https:\/\/elvkonsultacijos.lt\/wp-content\/uploads\/2025\/07\/pvm-koda.jpg\" \/>\n\t<meta property=\"og:image:width\" content=\"548\" \/>\n\t<meta property=\"og:image:height\" content=\"285\" \/>\n\t<meta property=\"og:image:type\" content=\"image\/jpeg\" \/>\n<meta name=\"twitter:card\" content=\"summary_large_image\" \/>\n<meta name=\"twitter:label1\" content=\"Est. reading time\" \/>\n\t<meta name=\"twitter:data1\" content=\"1 \u043c\u0438\u043d\u0443\u0442\u0430\" \/>\n<script type=\"application\/ld+json\" class=\"yoast-schema-graph\">{\"@context\":\"https:\\\/\\\/schema.org\",\"@graph\":[{\"@type\":\"WebPage\",\"@id\":\"https:\\\/\\\/elvkonsultacijos.lt\\\/ru\\\/paslaugos\\\/pvm-kodo-registravimas\\\/\",\"url\":\"https:\\\/\\\/elvkonsultacijos.lt\\\/ru\\\/paslaugos\\\/pvm-kodo-registravimas\\\/\",\"name\":\"PVM kodo registravimas - ELVkonsultacijos.lt\",\"isPartOf\":{\"@id\":\"https:\\\/\\\/elvkonsultacijos.lt\\\/ru\\\/#website\"},\"primaryImageOfPage\":{\"@id\":\"https:\\\/\\\/elvkonsultacijos.lt\\\/ru\\\/paslaugos\\\/pvm-kodo-registravimas\\\/#primaryimage\"},\"image\":{\"@id\":\"https:\\\/\\\/elvkonsultacijos.lt\\\/ru\\\/paslaugos\\\/pvm-kodo-registravimas\\\/#primaryimage\"},\"thumbnailUrl\":\"https:\\\/\\\/elvkonsultacijos.lt\\\/wp-content\\\/uploads\\\/2025\\\/07\\\/pvm-koda.jpg\",\"datePublished\":\"2025-07-02T16:15:23+00:00\",\"dateModified\":\"2025-09-25T16:48:19+00:00\",\"breadcrumb\":{\"@id\":\"https:\\\/\\\/elvkonsultacijos.lt\\\/ru\\\/paslaugos\\\/pvm-kodo-registravimas\\\/#breadcrumb\"},\"inLanguage\":\"ru-RU\",\"potentialAction\":[{\"@type\":\"ReadAction\",\"target\":[\"https:\\\/\\\/elvkonsultacijos.lt\\\/ru\\\/paslaugos\\\/pvm-kodo-registravimas\\\/\"]}]},{\"@type\":\"ImageObject\",\"inLanguage\":\"ru-RU\",\"@id\":\"https:\\\/\\\/elvkonsultacijos.lt\\\/ru\\\/paslaugos\\\/pvm-kodo-registravimas\\\/#primaryimage\",\"url\":\"https:\\\/\\\/elvkonsultacijos.lt\\\/wp-content\\\/uploads\\\/2025\\\/07\\\/pvm-koda.jpg\",\"contentUrl\":\"https:\\\/\\\/elvkonsultacijos.lt\\\/wp-content\\\/uploads\\\/2025\\\/07\\\/pvm-koda.jpg\",\"width\":548,\"height\":285},{\"@type\":\"BreadcrumbList\",\"@id\":\"https:\\\/\\\/elvkonsultacijos.lt\\\/ru\\\/paslaugos\\\/pvm-kodo-registravimas\\\/#breadcrumb\",\"itemListElement\":[{\"@type\":\"ListItem\",\"position\":1,\"name\":\"Home\",\"item\":\"https:\\\/\\\/elvkonsultacijos.lt\\\/ru\\\/\"},{\"@type\":\"ListItem\",\"position\":2,\"name\":\"\u0422\u043e\u0432\u0430\u0440\u044b\",\"item\":\"https:\\\/\\\/elvkonsultacijos.lt\\\/ru\\\/shop\\\/\"},{\"@type\":\"ListItem\",\"position\":3,\"name\":\"PVM kodo registravimas\"}]},{\"@type\":\"WebSite\",\"@id\":\"https:\\\/\\\/elvkonsultacijos.lt\\\/ru\\\/#website\",\"url\":\"https:\\\/\\\/elvkonsultacijos.lt\\\/ru\\\/\",\"name\":\"ELV Konsultacijos\",\"description\":\"Buhalterin\u0117s apskaitos konsultacijos internetu\",\"publisher\":{\"@id\":\"https:\\\/\\\/elvkonsultacijos.lt\\\/ru\\\/#organization\"},\"potentialAction\":[{\"@type\":\"SearchAction\",\"target\":{\"@type\":\"EntryPoint\",\"urlTemplate\":\"https:\\\/\\\/elvkonsultacijos.lt\\\/ru\\\/?s={search_term_string}\"},\"query-input\":{\"@type\":\"PropertyValueSpecification\",\"valueRequired\":true,\"valueName\":\"search_term_string\"}}],\"inLanguage\":\"ru-RU\"},{\"@type\":\"Organization\",\"@id\":\"https:\\\/\\\/elvkonsultacijos.lt\\\/ru\\\/#organization\",\"name\":\"ELV Projektai\",\"url\":\"https:\\\/\\\/elvkonsultacijos.lt\\\/ru\\\/\",\"logo\":{\"@type\":\"ImageObject\",\"inLanguage\":\"ru-RU\",\"@id\":\"https:\\\/\\\/elvkonsultacijos.lt\\\/ru\\\/#\\\/schema\\\/logo\\\/image\\\/\",\"url\":\"https:\\\/\\\/elvkonsultacijos.lt\\\/wp-content\\\/uploads\\\/2024\\\/10\\\/logo.png\",\"contentUrl\":\"https:\\\/\\\/elvkonsultacijos.lt\\\/wp-content\\\/uploads\\\/2024\\\/10\\\/logo.png\",\"width\":1500,\"height\":291,\"caption\":\"ELV Projektai\"},\"image\":{\"@id\":\"https:\\\/\\\/elvkonsultacijos.lt\\\/ru\\\/#\\\/schema\\\/logo\\\/image\\\/\"},\"sameAs\":[\"https:\\\/\\\/www.facebook.com\\\/elvprojektai.lt\\\/\"]}]}<\/script>\n<!-- \/ Yoast SEO plugin. -->","yoast_head_json":{"title":"PVM kodo registravimas - ELVkonsultacijos.lt","robots":{"index":"index","follow":"follow","max-snippet":"max-snippet:-1","max-image-preview":"max-image-preview:large","max-video-preview":"max-video-preview:-1"},"canonical":"https:\/\/elvkonsultacijos.lt\/ru\/paslaugos\/pvm-kodo-registravimas\/","og_locale":"ru_RU","og_type":"article","og_title":"PVM kodo registravimas - ELVkonsultacijos.lt","og_description":"PVM kodo registravimas yra svarbi proced\u016bra \u012fmon\u0117ms. Norint tapti PVM mok\u0117toju, reikia pateikti pra\u0161ym\u0105 Valstybinei mokes\u010di\u0173 inspekcijai (VMI) ir pateikti informacij\u0105 apie \u012fmon\u0117s veikl\u0105, pajamas bei klientus. Gavus PVM mok\u0117tojo kod\u0105, \u012fmon\u0117 privalo teisingai i\u0161ra\u0161yti s\u0105skaitas fakt\u016bras, teikti PVM deklaracijas ir laikytis vis\u0173 mokes\u010di\u0173 teis\u0117s akt\u0173 reikalavim\u0173. \u0160is statusas suteikia daugiau galimybi\u0173 verslo pl\u0117trai, ta\u010diau \u012fpareigoja tvarkingai vykdyti apskait\u0105.","og_url":"https:\/\/elvkonsultacijos.lt\/ru\/paslaugos\/pvm-kodo-registravimas\/","og_site_name":"ELVkonsultacijos.lt","article_publisher":"https:\/\/www.facebook.com\/elvprojektai.lt\/","article_modified_time":"2025-09-25T16:48:19+00:00","og_image":[{"width":548,"height":285,"url":"https:\/\/elvkonsultacijos.lt\/wp-content\/uploads\/2025\/07\/pvm-koda.jpg","type":"image\/jpeg"}],"twitter_card":"summary_large_image","twitter_misc":{"Est. reading time":"1 \u043c\u0438\u043d\u0443\u0442\u0430"},"schema":{"@context":"https:\/\/schema.org","@graph":[{"@type":"WebPage","@id":"https:\/\/elvkonsultacijos.lt\/ru\/paslaugos\/pvm-kodo-registravimas\/","url":"https:\/\/elvkonsultacijos.lt\/ru\/paslaugos\/pvm-kodo-registravimas\/","name":"PVM kodo registravimas - ELVkonsultacijos.lt","isPartOf":{"@id":"https:\/\/elvkonsultacijos.lt\/ru\/#website"},"primaryImageOfPage":{"@id":"https:\/\/elvkonsultacijos.lt\/ru\/paslaugos\/pvm-kodo-registravimas\/#primaryimage"},"image":{"@id":"https:\/\/elvkonsultacijos.lt\/ru\/paslaugos\/pvm-kodo-registravimas\/#primaryimage"},"thumbnailUrl":"https:\/\/elvkonsultacijos.lt\/wp-content\/uploads\/2025\/07\/pvm-koda.jpg","datePublished":"2025-07-02T16:15:23+00:00","dateModified":"2025-09-25T16:48:19+00:00","breadcrumb":{"@id":"https:\/\/elvkonsultacijos.lt\/ru\/paslaugos\/pvm-kodo-registravimas\/#breadcrumb"},"inLanguage":"ru-RU","potentialAction":[{"@type":"ReadAction","target":["https:\/\/elvkonsultacijos.lt\/ru\/paslaugos\/pvm-kodo-registravimas\/"]}]},{"@type":"ImageObject","inLanguage":"ru-RU","@id":"https:\/\/elvkonsultacijos.lt\/ru\/paslaugos\/pvm-kodo-registravimas\/#primaryimage","url":"https:\/\/elvkonsultacijos.lt\/wp-content\/uploads\/2025\/07\/pvm-koda.jpg","contentUrl":"https:\/\/elvkonsultacijos.lt\/wp-content\/uploads\/2025\/07\/pvm-koda.jpg","width":548,"height":285},{"@type":"BreadcrumbList","@id":"https:\/\/elvkonsultacijos.lt\/ru\/paslaugos\/pvm-kodo-registravimas\/#breadcrumb","itemListElement":[{"@type":"ListItem","position":1,"name":"Home","item":"https:\/\/elvkonsultacijos.lt\/ru\/"},{"@type":"ListItem","position":2,"name":"\u0422\u043e\u0432\u0430\u0440\u044b","item":"https:\/\/elvkonsultacijos.lt\/ru\/shop\/"},{"@type":"ListItem","position":3,"name":"PVM kodo registravimas"}]},{"@type":"WebSite","@id":"https:\/\/elvkonsultacijos.lt\/ru\/#website","url":"https:\/\/elvkonsultacijos.lt\/ru\/","name":"ELV Konsultacijos","description":"Buhalterin\u0117s apskaitos konsultacijos internetu","publisher":{"@id":"https:\/\/elvkonsultacijos.lt\/ru\/#organization"},"potentialAction":[{"@type":"SearchAction","target":{"@type":"EntryPoint","urlTemplate":"https:\/\/elvkonsultacijos.lt\/ru\/?s={search_term_string}"},"query-input":{"@type":"PropertyValueSpecification","valueRequired":true,"valueName":"search_term_string"}}],"inLanguage":"ru-RU"},{"@type":"Organization","@id":"https:\/\/elvkonsultacijos.lt\/ru\/#organization","name":"ELV Projektai","url":"https:\/\/elvkonsultacijos.lt\/ru\/","logo":{"@type":"ImageObject","inLanguage":"ru-RU","@id":"https:\/\/elvkonsultacijos.lt\/ru\/#\/schema\/logo\/image\/","url":"https:\/\/elvkonsultacijos.lt\/wp-content\/uploads\/2024\/10\/logo.png","contentUrl":"https:\/\/elvkonsultacijos.lt\/wp-content\/uploads\/2024\/10\/logo.png","width":1500,"height":291,"caption":"ELV Projektai"},"image":{"@id":"https:\/\/elvkonsultacijos.lt\/ru\/#\/schema\/logo\/image\/"},"sameAs":["https:\/\/www.facebook.com\/elvprojektai.lt\/"]}]}},"_links":{"self":[{"href":"https:\/\/elvkonsultacijos.lt\/ru\/wp-json\/wp\/v2\/product\/105967","targetHints":{"allow":["GET"]}}],"collection":[{"href":"https:\/\/elvkonsultacijos.lt\/ru\/wp-json\/wp\/v2\/product"}],"about":[{"href":"https:\/\/elvkonsultacijos.lt\/ru\/wp-json\/wp\/v2\/types\/product"}],"version-history":[{"count":14,"href":"https:\/\/elvkonsultacijos.lt\/ru\/wp-json\/wp\/v2\/product\/105967\/revisions"}],"predecessor-version":[{"id":106374,"href":"https:\/\/elvkonsultacijos.lt\/ru\/wp-json\/wp\/v2\/product\/105967\/revisions\/106374"}],"wp:featuredmedia":[{"embeddable":true,"href":"https:\/\/elvkonsultacijos.lt\/ru\/wp-json\/wp\/v2\/media\/106036"}],"wp:attachment":[{"href":"https:\/\/elvkonsultacijos.lt\/ru\/wp-json\/wp\/v2\/media?parent=105967"}],"wp:term":[{"taxonomy":"product_brand","embeddable":true,"href":"https:\/\/elvkonsultacijos.lt\/ru\/wp-json\/wp\/v2\/product_brand?post=105967"},{"taxonomy":"product_cat","embeddable":true,"href":"https:\/\/elvkonsultacijos.lt\/ru\/wp-json\/wp\/v2\/product_cat?post=105967"},{"taxonomy":"product_tag","embeddable":true,"href":"https:\/\/elvkonsultacijos.lt\/ru\/wp-json\/wp\/v2\/product_tag?post=105967"}],"curies":[{"name":"wp","href":"https:\/\/api.w.org\/{rel}","templated":true}]}}