{"id":106213,"date":"2025-08-29T07:40:34","date_gmt":"2025-08-29T07:40:34","guid":{"rendered":"https:\/\/elvkonsultacijos.lt\/?post_type=product&#038;p=106213"},"modified":"2026-02-04T15:00:38","modified_gmt":"2026-02-04T15:00:38","slug":"gpais-mokymai","status":"publish","type":"product","link":"https:\/\/elvkonsultacijos.lt\/ru\/paslaugos\/gpais-mokymai\/","title":{"rendered":"GPAIS mokymai"},"content":{"rendered":"\t\t<div data-elementor-type=\"product-post\" data-elementor-id=\"106213\" class=\"elementor elementor-106213\" data-elementor-post-type=\"product\">\n\t\t\t\t<div class=\"elementor-element elementor-element-6b3d4d4 e-flex e-con-boxed e-con e-parent\" data-id=\"6b3d4d4\" data-element_type=\"container\" data-e-type=\"container\">\n\t\t\t\t\t<div class=\"e-con-inner\">\n\t\t\t\t<div class=\"elementor-element elementor-element-0bcbec2 elementor-widget elementor-widget-text-editor\" data-id=\"0bcbec2\" data-element_type=\"widget\" data-e-type=\"widget\" data-widget_type=\"text-editor.default\">\n\t\t\t\t<div class=\"elementor-widget-container\">\n\t\t\t\t\t\t\t\t\t<p>GPAIS mokymai \u2013 tai praktiniai mokymai \u012fmon\u0117ms ir individualiems atsakingiems asmenims, padedantys tinkamai naudotis Gamini\u0173, pakuo\u010di\u0173 ir atliek\u0173 apskaitos informacine sistema (GPAIS). Mokym\u0173 metu supa\u017eindinama su teisine baze, duomen\u0173 suvedimo tvarka, da\u017eniausiai daromomis klaidomis ir j\u0173 prevencija. Dalyviai \u012fgyja \u017eini\u0173, kaip teisingai vykdyti apskait\u0105 ir u\u017etikrinti atitikt\u012f aplinkosaugos reikalavimams.<\/p><p>Paslaugos atlikimo terminas \u2013 nuo 2 darbo dien\u0173 po dokument\u0173 pasira\u0161ymo, priklausomai nuo individuali\u0173 aplinkybi\u0173.<\/p>\t\t\t\t\t\t\t\t<\/div>\n\t\t\t\t<\/div>\n\t\t\t\t<div class=\"elementor-element elementor-element-0617a3f calendar-accordion elementor-widget elementor-widget-n-accordion\" data-id=\"0617a3f\" data-element_type=\"widget\" data-e-type=\"widget\" data-settings=\"{&quot;default_state&quot;:&quot;expanded&quot;,&quot;max_items_expended&quot;:&quot;one&quot;,&quot;n_accordion_animation_duration&quot;:{&quot;unit&quot;:&quot;ms&quot;,&quot;size&quot;:400,&quot;sizes&quot;:[]}}\" data-widget_type=\"nested-accordion.default\">\n\t\t\t\t<div class=\"elementor-widget-container\">\n\t\t\t\t\t\t\t<div class=\"e-n-accordion\" aria-label=\"Accordion. Open links with Enter or Space, close with Escape, and navigate with Arrow Keys\">\n\t\t\t\t\t\t<details id=\"e-n-accordion-item-6380\" class=\"e-n-accordion-item\" open>\n\t\t\t\t<summary class=\"e-n-accordion-item-title\" data-accordion-index=\"1\" tabindex=\"0\" aria-expanded=\"true\" aria-controls=\"e-n-accordion-item-6380\" >\n\t\t\t\t\t<span class='e-n-accordion-item-title-header'><div class=\"e-n-accordion-item-title-text\"> Pasirinkite skambu\u010dio dat\u0105 ir laik\u0105 <\/div><\/span>\n\t\t\t\t\t\t\t<span class='e-n-accordion-item-title-icon'>\n\t\t\t<span class='e-opened' ><svg xmlns=\"http:\/\/www.w3.org\/2000\/svg\" viewBox=\"0 0 256 256\" fill=\"currentColor\"><path d=\"M213.66,165.66a8,8,0,0,1-11.32,0L128,91.31,53.66,165.66a8,8,0,0,1-11.32-11.32l80-80a8,8,0,0,1,11.32,0l80,80A8,8,0,0,1,213.66,165.66Z\"><\/path><\/svg><\/span>\n\t\t\t<span class='e-closed'><svg xmlns=\"http:\/\/www.w3.org\/2000\/svg\" viewBox=\"0 0 256 256\" fill=\"currentColor\"><path d=\"M213.66,101.66l-80,80a8,8,0,0,1-11.32,0l-80-80A8,8,0,0,1,53.66,90.34L128,164.69l74.34-74.35a8,8,0,0,1,11.32,11.32Z\"><\/path><\/svg><\/span>\n\t\t<\/span>\n\n\t\t\t\t\t\t<\/summary>\n\t\t\t\t<div role=\"region\" aria-labelledby=\"e-n-accordion-item-6380\" class=\"elementor-element elementor-element-f3e245d e-con-full e-flex e-con e-child\" data-id=\"f3e245d\" data-element_type=\"container\" data-e-type=\"container\">\n\t\t\t\t<div class=\"elementor-element elementor-element-ec4725c elementor-widget elementor-widget-shortcode\" data-id=\"ec4725c\" data-element_type=\"widget\" data-e-type=\"widget\" data-widget_type=\"shortcode.default\">\n\t\t\t\t<div class=\"elementor-widget-container\">\n\t\t\t\t\t\t\t<div class=\"elementor-shortcode\"><div class=\"react-app-container\">\n            <div\n                id=\"react-app-69ff41e46170b\"\n                data-product-name=\"\"\n                data-product-id=\"\"\n            >\n            <\/div>\n        <\/div><\/div>\n\t\t\t\t\t\t<\/div>\n\t\t\t\t<\/div>\n\t\t\t\t<\/div>\n\t\t\t\t\t<\/details>\n\t\t\t\t\t<\/div>\n\t\t\t\t\t\t<\/div>\n\t\t\t\t<\/div>\n\t\t<div class=\"elementor-element elementor-element-e729b21 e-con-full e-flex e-con e-child\" data-id=\"e729b21\" data-element_type=\"container\" data-e-type=\"container\">\n\t\t\t\t<div class=\"elementor-element elementor-element-d8d4cb2 elementor-widget elementor-widget-the7-heading\" data-id=\"d8d4cb2\" data-element_type=\"widget\" data-e-type=\"widget\" data-widget_type=\"the7-heading.default\">\n\t\t\t\t<div class=\"elementor-widget-container\">\n\t\t\t\t\t<h2 class=\"the7-heading-title elementor-size-default\">Papildoma informacija apie paslaug\u0105<\/h2>\t\t\t\t<\/div>\n\t\t\t\t<\/div>\n\t\t\t\t<div class=\"elementor-element elementor-element-1edd59a product-additional-info elementor-widget elementor-widget-the7-accordion\" data-id=\"1edd59a\" data-element_type=\"widget\" data-e-type=\"widget\" data-widget_type=\"the7-accordion.default\">\n\t\t\t\t<div class=\"elementor-widget-container\">\n\t\t\t\t\t\t\t<div class=\"elementor-accordion the7-adv-accordion\" data-accordion-type=\"accordion\" role=\"tablist\">\n\t\t\t\t\t\t\t<div class=\"elementor-accordion-item\">\n\t\t\t\t\t<h4 id=\"elementor-tab-title-3231\" class=\"elementor-tab-title the7-accordion-header deactive-default\" data-tab=\"1\" role=\"tab\" aria-controls=\"elementor-tab-content-3231\">\n\n\t\t\t\t\t\t\t\t\t\t\t\t\t<span class=\"elementor-accordion-icon elementor-accordion-icon-right\" aria-hidden=\"true\">\n\t\t\t\t\t\t\t\t\t\t\t\t\t\t\t<span class=\"elementor-accordion-icon-closed\"><svg xmlns=\"http:\/\/www.w3.org\/2000\/svg\" viewBox=\"0 0 256 256\" fill=\"currentColor\"><path d=\"M213.66,101.66l-80,80a8,8,0,0,1-11.32,0l-80-80A8,8,0,0,1,53.66,90.34L128,164.69l74.34-74.35a8,8,0,0,1,11.32,11.32Z\"><\/path><\/svg><\/span>\n\t\t\t\t\t\t\t\t\t\t\t\t\t\t\t\t\t<span class=\"elementor-accordion-icon-opened\"><svg xmlns=\"http:\/\/www.w3.org\/2000\/svg\" viewBox=\"0 0 256 256\" fill=\"currentColor\"><path d=\"M213.66,165.66a8,8,0,0,1-11.32,0L128,91.31,53.66,165.66a8,8,0,0,1-11.32-11.32l80-80a8,8,0,0,1,11.32,0l80,80A8,8,0,0,1,213.66,165.66Z\"><\/path><\/svg><\/span>\n\t\t\t\t\t\t\t\t\t\t\t\t\t\t\t\t\t\t\t\t\t\t<\/span>\n\t\t\t\t\t\t\t\t\t\t\t\t\t\t\t\t\t\t<a class=\"elementor-accordion-title\" href=\"\">GPAIS mokymai apima<\/a>\n\t\t\t\t\t<\/h4>\n\t\t\t\t\t<div id=\"elementor-tab-content-3231\" class=\"elementor-tab-content elementor-clearfix deactive-default\" data-tab=\"1\" role=\"tabpanel\" aria-labelledby=\"elementor-tab-title-3231\"><ul><li><p><strong>GPAIS mokymai<\/strong> \u2013 greitas ir ai\u0161kus b\u016bdas suprasti, kaip tinkamai naudotis Gamini\u0173, pakuo\u010di\u0173 ir atliek\u0173 apskaitos sistema. Mokym\u0173 metu \u017eingsnis po \u017eingsnio parodome, kaip suvesti duomenis, i\u0161vengti klaid\u0173 ir u\u017etikrinti atitikim\u0105 teis\u0117s aktams.<\/p><\/li><\/ul><\/div>\n\t\t\t\t<\/div>\n\t\t\t\t\t<\/div>\n\t\t\t\t\t\t<\/div>\n\t\t\t\t<\/div>\n\t\t\t\t<\/div>\n\t\t\t\t\t<\/div>\n\t\t\t\t<\/div>\n\t\t\t\t<\/div>\n\t\t","protected":false},"excerpt":{"rendered":"<p>GPAIS mokymai \u2013 greitas ir ai\u0161kus b\u016bdas suprasti, kaip tinkamai naudotis Gamini\u0173, pakuo\u010di\u0173 ir atliek\u0173 apskaitos sistema. Mokym\u0173 metu \u017eingsnis po \u017eingsnio parodome, kaip suvesti duomenis, i\u0161vengti klaid\u0173 ir u\u017etikrinti atitikim\u0105 teis\u0117s aktams.<\/p>\n","protected":false},"featured_media":106224,"template":"","meta":{"_acf_changed":false},"product_brand":[],"product_cat":[39],"product_tag":[],"class_list":{"0":"post-106213","1":"product","2":"type-product","3":"status-publish","4":"has-post-thumbnail","6":"product_cat-all-products","8":"first","9":"instock","10":"sold-individually","11":"shipping-taxable","12":"purchasable","13":"product-type-simple"},"acf":[],"aioseo_notices":[],"yoast_head":"<!-- This site is optimized with the Yoast SEO plugin v27.3 - https:\/\/yoast.com\/product\/yoast-seo-wordpress\/ -->\n<title>GPAIS mokymai - ELVkonsultacijos.lt<\/title>\n<meta name=\"robots\" content=\"index, follow, max-snippet:-1, max-image-preview:large, max-video-preview:-1\" \/>\n<link rel=\"canonical\" href=\"https:\/\/elvkonsultacijos.lt\/ru\/paslaugos\/gpais-mokymai\/\" \/>\n<meta property=\"og:locale\" content=\"ru_RU\" \/>\n<meta property=\"og:type\" content=\"article\" \/>\n<meta property=\"og:title\" content=\"GPAIS mokymai - ELVkonsultacijos.lt\" \/>\n<meta property=\"og:description\" content=\"GPAIS mokymai \u2013 greitas ir ai\u0161kus b\u016bdas suprasti, kaip tinkamai naudotis Gamini\u0173, pakuo\u010di\u0173 ir atliek\u0173 apskaitos sistema. Mokym\u0173 metu \u017eingsnis po \u017eingsnio parodome, kaip suvesti duomenis, i\u0161vengti klaid\u0173 ir u\u017etikrinti atitikim\u0105 teis\u0117s aktams.\" \/>\n<meta property=\"og:url\" content=\"https:\/\/elvkonsultacijos.lt\/ru\/paslaugos\/gpais-mokymai\/\" \/>\n<meta property=\"og:site_name\" content=\"ELVkonsultacijos.lt\" \/>\n<meta property=\"article:publisher\" content=\"https:\/\/www.facebook.com\/elvprojektai.lt\/\" \/>\n<meta property=\"article:modified_time\" content=\"2026-02-04T15:00:38+00:00\" \/>\n<meta property=\"og:image\" content=\"https:\/\/elvkonsultacijos.lt\/wp-content\/uploads\/2025\/08\/4Wf9n1yI67w-1024x512.png\" \/>\n\t<meta property=\"og:image:width\" content=\"1024\" \/>\n\t<meta property=\"og:image:height\" content=\"512\" \/>\n\t<meta property=\"og:image:type\" content=\"image\/png\" \/>\n<meta name=\"twitter:card\" content=\"summary_large_image\" \/>\n<meta name=\"twitter:label1\" content=\"Est. reading time\" \/>\n\t<meta name=\"twitter:data1\" content=\"1 \u043c\u0438\u043d\u0443\u0442\u0430\" \/>\n<script type=\"application\/ld+json\" class=\"yoast-schema-graph\">{\"@context\":\"https:\\\/\\\/schema.org\",\"@graph\":[{\"@type\":\"WebPage\",\"@id\":\"https:\\\/\\\/elvkonsultacijos.lt\\\/ru\\\/paslaugos\\\/gpais-mokymai\\\/\",\"url\":\"https:\\\/\\\/elvkonsultacijos.lt\\\/ru\\\/paslaugos\\\/gpais-mokymai\\\/\",\"name\":\"GPAIS mokymai - ELVkonsultacijos.lt\",\"isPartOf\":{\"@id\":\"https:\\\/\\\/elvkonsultacijos.lt\\\/ru\\\/#website\"},\"primaryImageOfPage\":{\"@id\":\"https:\\\/\\\/elvkonsultacijos.lt\\\/ru\\\/paslaugos\\\/gpais-mokymai\\\/#primaryimage\"},\"image\":{\"@id\":\"https:\\\/\\\/elvkonsultacijos.lt\\\/ru\\\/paslaugos\\\/gpais-mokymai\\\/#primaryimage\"},\"thumbnailUrl\":\"https:\\\/\\\/elvkonsultacijos.lt\\\/wp-content\\\/uploads\\\/2025\\\/08\\\/4Wf9n1yI67w-e1756453660592.png\",\"datePublished\":\"2025-08-29T07:40:34+00:00\",\"dateModified\":\"2026-02-04T15:00:38+00:00\",\"breadcrumb\":{\"@id\":\"https:\\\/\\\/elvkonsultacijos.lt\\\/ru\\\/paslaugos\\\/gpais-mokymai\\\/#breadcrumb\"},\"inLanguage\":\"ru-RU\",\"potentialAction\":[{\"@type\":\"ReadAction\",\"target\":[\"https:\\\/\\\/elvkonsultacijos.lt\\\/ru\\\/paslaugos\\\/gpais-mokymai\\\/\"]}]},{\"@type\":\"ImageObject\",\"inLanguage\":\"ru-RU\",\"@id\":\"https:\\\/\\\/elvkonsultacijos.lt\\\/ru\\\/paslaugos\\\/gpais-mokymai\\\/#primaryimage\",\"url\":\"https:\\\/\\\/elvkonsultacijos.lt\\\/wp-content\\\/uploads\\\/2025\\\/08\\\/4Wf9n1yI67w-e1756453660592.png\",\"contentUrl\":\"https:\\\/\\\/elvkonsultacijos.lt\\\/wp-content\\\/uploads\\\/2025\\\/08\\\/4Wf9n1yI67w-e1756453660592.png\",\"width\":548,\"height\":285},{\"@type\":\"BreadcrumbList\",\"@id\":\"https:\\\/\\\/elvkonsultacijos.lt\\\/ru\\\/paslaugos\\\/gpais-mokymai\\\/#breadcrumb\",\"itemListElement\":[{\"@type\":\"ListItem\",\"position\":1,\"name\":\"Home\",\"item\":\"https:\\\/\\\/elvkonsultacijos.lt\\\/ru\\\/\"},{\"@type\":\"ListItem\",\"position\":2,\"name\":\"\u0422\u043e\u0432\u0430\u0440\u044b\",\"item\":\"https:\\\/\\\/elvkonsultacijos.lt\\\/ru\\\/shop\\\/\"},{\"@type\":\"ListItem\",\"position\":3,\"name\":\"GPAIS mokymai\"}]},{\"@type\":\"WebSite\",\"@id\":\"https:\\\/\\\/elvkonsultacijos.lt\\\/ru\\\/#website\",\"url\":\"https:\\\/\\\/elvkonsultacijos.lt\\\/ru\\\/\",\"name\":\"ELV Konsultacijos\",\"description\":\"Buhalterin\u0117s apskaitos konsultacijos internetu\",\"publisher\":{\"@id\":\"https:\\\/\\\/elvkonsultacijos.lt\\\/ru\\\/#organization\"},\"potentialAction\":[{\"@type\":\"SearchAction\",\"target\":{\"@type\":\"EntryPoint\",\"urlTemplate\":\"https:\\\/\\\/elvkonsultacijos.lt\\\/ru\\\/?s={search_term_string}\"},\"query-input\":{\"@type\":\"PropertyValueSpecification\",\"valueRequired\":true,\"valueName\":\"search_term_string\"}}],\"inLanguage\":\"ru-RU\"},{\"@type\":\"Organization\",\"@id\":\"https:\\\/\\\/elvkonsultacijos.lt\\\/ru\\\/#organization\",\"name\":\"ELV Projektai\",\"url\":\"https:\\\/\\\/elvkonsultacijos.lt\\\/ru\\\/\",\"logo\":{\"@type\":\"ImageObject\",\"inLanguage\":\"ru-RU\",\"@id\":\"https:\\\/\\\/elvkonsultacijos.lt\\\/ru\\\/#\\\/schema\\\/logo\\\/image\\\/\",\"url\":\"https:\\\/\\\/elvkonsultacijos.lt\\\/wp-content\\\/uploads\\\/2024\\\/10\\\/logo.png\",\"contentUrl\":\"https:\\\/\\\/elvkonsultacijos.lt\\\/wp-content\\\/uploads\\\/2024\\\/10\\\/logo.png\",\"width\":1500,\"height\":291,\"caption\":\"ELV Projektai\"},\"image\":{\"@id\":\"https:\\\/\\\/elvkonsultacijos.lt\\\/ru\\\/#\\\/schema\\\/logo\\\/image\\\/\"},\"sameAs\":[\"https:\\\/\\\/www.facebook.com\\\/elvprojektai.lt\\\/\"]}]}<\/script>\n<!-- \/ Yoast SEO plugin. -->","yoast_head_json":{"title":"GPAIS mokymai - ELVkonsultacijos.lt","robots":{"index":"index","follow":"follow","max-snippet":"max-snippet:-1","max-image-preview":"max-image-preview:large","max-video-preview":"max-video-preview:-1"},"canonical":"https:\/\/elvkonsultacijos.lt\/ru\/paslaugos\/gpais-mokymai\/","og_locale":"ru_RU","og_type":"article","og_title":"GPAIS mokymai - ELVkonsultacijos.lt","og_description":"GPAIS mokymai \u2013 greitas ir ai\u0161kus b\u016bdas suprasti, kaip tinkamai naudotis Gamini\u0173, pakuo\u010di\u0173 ir atliek\u0173 apskaitos sistema. Mokym\u0173 metu \u017eingsnis po \u017eingsnio parodome, kaip suvesti duomenis, i\u0161vengti klaid\u0173 ir u\u017etikrinti atitikim\u0105 teis\u0117s aktams.","og_url":"https:\/\/elvkonsultacijos.lt\/ru\/paslaugos\/gpais-mokymai\/","og_site_name":"ELVkonsultacijos.lt","article_publisher":"https:\/\/www.facebook.com\/elvprojektai.lt\/","article_modified_time":"2026-02-04T15:00:38+00:00","og_image":[{"width":1024,"height":512,"url":"https:\/\/elvkonsultacijos.lt\/wp-content\/uploads\/2025\/08\/4Wf9n1yI67w-1024x512.png","type":"image\/png"}],"twitter_card":"summary_large_image","twitter_misc":{"Est. reading time":"1 \u043c\u0438\u043d\u0443\u0442\u0430"},"schema":{"@context":"https:\/\/schema.org","@graph":[{"@type":"WebPage","@id":"https:\/\/elvkonsultacijos.lt\/ru\/paslaugos\/gpais-mokymai\/","url":"https:\/\/elvkonsultacijos.lt\/ru\/paslaugos\/gpais-mokymai\/","name":"GPAIS mokymai - ELVkonsultacijos.lt","isPartOf":{"@id":"https:\/\/elvkonsultacijos.lt\/ru\/#website"},"primaryImageOfPage":{"@id":"https:\/\/elvkonsultacijos.lt\/ru\/paslaugos\/gpais-mokymai\/#primaryimage"},"image":{"@id":"https:\/\/elvkonsultacijos.lt\/ru\/paslaugos\/gpais-mokymai\/#primaryimage"},"thumbnailUrl":"https:\/\/elvkonsultacijos.lt\/wp-content\/uploads\/2025\/08\/4Wf9n1yI67w-e1756453660592.png","datePublished":"2025-08-29T07:40:34+00:00","dateModified":"2026-02-04T15:00:38+00:00","breadcrumb":{"@id":"https:\/\/elvkonsultacijos.lt\/ru\/paslaugos\/gpais-mokymai\/#breadcrumb"},"inLanguage":"ru-RU","potentialAction":[{"@type":"ReadAction","target":["https:\/\/elvkonsultacijos.lt\/ru\/paslaugos\/gpais-mokymai\/"]}]},{"@type":"ImageObject","inLanguage":"ru-RU","@id":"https:\/\/elvkonsultacijos.lt\/ru\/paslaugos\/gpais-mokymai\/#primaryimage","url":"https:\/\/elvkonsultacijos.lt\/wp-content\/uploads\/2025\/08\/4Wf9n1yI67w-e1756453660592.png","contentUrl":"https:\/\/elvkonsultacijos.lt\/wp-content\/uploads\/2025\/08\/4Wf9n1yI67w-e1756453660592.png","width":548,"height":285},{"@type":"BreadcrumbList","@id":"https:\/\/elvkonsultacijos.lt\/ru\/paslaugos\/gpais-mokymai\/#breadcrumb","itemListElement":[{"@type":"ListItem","position":1,"name":"Home","item":"https:\/\/elvkonsultacijos.lt\/ru\/"},{"@type":"ListItem","position":2,"name":"\u0422\u043e\u0432\u0430\u0440\u044b","item":"https:\/\/elvkonsultacijos.lt\/ru\/shop\/"},{"@type":"ListItem","position":3,"name":"GPAIS mokymai"}]},{"@type":"WebSite","@id":"https:\/\/elvkonsultacijos.lt\/ru\/#website","url":"https:\/\/elvkonsultacijos.lt\/ru\/","name":"ELV Konsultacijos","description":"Buhalterin\u0117s apskaitos konsultacijos internetu","publisher":{"@id":"https:\/\/elvkonsultacijos.lt\/ru\/#organization"},"potentialAction":[{"@type":"SearchAction","target":{"@type":"EntryPoint","urlTemplate":"https:\/\/elvkonsultacijos.lt\/ru\/?s={search_term_string}"},"query-input":{"@type":"PropertyValueSpecification","valueRequired":true,"valueName":"search_term_string"}}],"inLanguage":"ru-RU"},{"@type":"Organization","@id":"https:\/\/elvkonsultacijos.lt\/ru\/#organization","name":"ELV Projektai","url":"https:\/\/elvkonsultacijos.lt\/ru\/","logo":{"@type":"ImageObject","inLanguage":"ru-RU","@id":"https:\/\/elvkonsultacijos.lt\/ru\/#\/schema\/logo\/image\/","url":"https:\/\/elvkonsultacijos.lt\/wp-content\/uploads\/2024\/10\/logo.png","contentUrl":"https:\/\/elvkonsultacijos.lt\/wp-content\/uploads\/2024\/10\/logo.png","width":1500,"height":291,"caption":"ELV Projektai"},"image":{"@id":"https:\/\/elvkonsultacijos.lt\/ru\/#\/schema\/logo\/image\/"},"sameAs":["https:\/\/www.facebook.com\/elvprojektai.lt\/"]}]}},"_links":{"self":[{"href":"https:\/\/elvkonsultacijos.lt\/ru\/wp-json\/wp\/v2\/product\/106213","targetHints":{"allow":["GET"]}}],"collection":[{"href":"https:\/\/elvkonsultacijos.lt\/ru\/wp-json\/wp\/v2\/product"}],"about":[{"href":"https:\/\/elvkonsultacijos.lt\/ru\/wp-json\/wp\/v2\/types\/product"}],"version-history":[{"count":19,"href":"https:\/\/elvkonsultacijos.lt\/ru\/wp-json\/wp\/v2\/product\/106213\/revisions"}],"predecessor-version":[{"id":106561,"href":"https:\/\/elvkonsultacijos.lt\/ru\/wp-json\/wp\/v2\/product\/106213\/revisions\/106561"}],"wp:featuredmedia":[{"embeddable":true,"href":"https:\/\/elvkonsultacijos.lt\/ru\/wp-json\/wp\/v2\/media\/106224"}],"wp:attachment":[{"href":"https:\/\/elvkonsultacijos.lt\/ru\/wp-json\/wp\/v2\/media?parent=106213"}],"wp:term":[{"taxonomy":"product_brand","embeddable":true,"href":"https:\/\/elvkonsultacijos.lt\/ru\/wp-json\/wp\/v2\/product_brand?post=106213"},{"taxonomy":"product_cat","embeddable":true,"href":"https:\/\/elvkonsultacijos.lt\/ru\/wp-json\/wp\/v2\/product_cat?post=106213"},{"taxonomy":"product_tag","embeddable":true,"href":"https:\/\/elvkonsultacijos.lt\/ru\/wp-json\/wp\/v2\/product_tag?post=106213"}],"curies":[{"name":"wp","href":"https:\/\/api.w.org\/{rel}","templated":true}]}}