{"id":5493,"date":"2021-10-01T15:20:29","date_gmt":"2021-10-01T14:20:29","guid":{"rendered":"http:\/\/elvkonsultacijos.lt\/product\/product003\/"},"modified":"2025-09-25T16:43:19","modified_gmt":"2025-09-25T16:43:19","slug":"intrastato-ataskaitu-teikimas","status":"publish","type":"product","link":"https:\/\/elvkonsultacijos.lt\/ru\/paslaugos\/intrastato-ataskaitu-teikimas\/","title":{"rendered":"Intrastato ataskait\u0173 teikimas"},"content":{"rendered":"\t\t<div data-elementor-type=\"product-post\" data-elementor-id=\"5493\" class=\"elementor elementor-5493\" data-elementor-post-type=\"product\">\n\t\t\t\t<div class=\"elementor-element elementor-element-44009f6 e-flex e-con-boxed e-con e-parent\" data-id=\"44009f6\" data-element_type=\"container\" data-e-type=\"container\">\n\t\t\t\t\t<div class=\"e-con-inner\">\n\t\t\t\t<div class=\"elementor-element elementor-element-826febb elementor-widget elementor-widget-text-editor\" data-id=\"826febb\" data-element_type=\"widget\" data-e-type=\"widget\" data-widget_type=\"text-editor.default\">\n\t\t\t\t<div class=\"elementor-widget-container\">\n\t\t\t\t\t\t\t\t\t<p><b>Intrastato ataskaita<\/b> \u2013 tai specialus, Lietuvos Respublikos Muitin\u0117s ir Statistikos departament\u0173 patvirtintas dokumentas, kuriame atsispindi prekybos duomenys i\u0161 vykstan\u010di\u0173 sandori\u0173 tarp Lietuvos Respublikos PVM mok\u0117tojo (\u012fmon\u0117s) ir kit\u0173 ES valstybi\u0173 verslo subjekt\u0173.\u00a0\u0160i ataskaita padeda Europos Komisijai ir nacionalin\u0117ms institucijoms steb\u0117ti ir analizuoti preki\u0173 jud\u0117jim\u0105 tarp ES \u0161ali\u0173, taip pat u\u017etikrinti, kad b\u016bt\u0173 laikomasi statistini\u0173 reikalavim\u0173 ir mokes\u010di\u0173 politikos.\u00a0Intrastato ataskaitas privalo teikti \u012fmon\u0117s, kurios, vir\u0161ija nustatyt\u0105 metin\u012f prekini\u0173 operacij\u0173 slenkst\u012f (\u0161iuo metu Lietuvoje \u2013 200 000 EUR per m\u0117nes\u012f tiekimo arba gavimo vert\u0117).<\/p><p><b>ES tarptautin\u0117s prekybos statistiniai duomenys renkami naudojant dvi skirtingas sistemas:<\/b><\/p><ul><li>Prekybos su tre\u010diosiomis \u0161alimis (u\u017e ES rib\u0173) statistika gaunama per muitin\u0117s proced\u016br\u0173 \u012fforminimo deklaracijas;<\/li><li>Duomenys apie prekyb\u0105 tarp ES valstybi\u0173 nari\u0173 renkami taikant atskir\u0105 sistem\u0105 vadinam\u0105 INTRASTAT.<\/li><\/ul><p>Paslaugos atlikimo terminas \u2013 nuo 2 darbo dien\u0173 po dokument\u0173 pasira\u0161ymo, priklausomai nuo individuali\u0173 aplinkybi\u0173.<\/p>\t\t\t\t\t\t\t\t<\/div>\n\t\t\t\t<\/div>\n\t\t\t\t<div class=\"elementor-element elementor-element-cf72a34 calendar-accordion elementor-widget elementor-widget-n-accordion\" data-id=\"cf72a34\" data-element_type=\"widget\" data-e-type=\"widget\" data-settings=\"{&quot;default_state&quot;:&quot;expanded&quot;,&quot;max_items_expended&quot;:&quot;one&quot;,&quot;n_accordion_animation_duration&quot;:{&quot;unit&quot;:&quot;ms&quot;,&quot;size&quot;:400,&quot;sizes&quot;:[]}}\" data-widget_type=\"nested-accordion.default\">\n\t\t\t\t<div class=\"elementor-widget-container\">\n\t\t\t\t\t\t\t<div class=\"e-n-accordion\" aria-label=\"Accordion. Open links with Enter or Space, close with Escape, and navigate with Arrow Keys\">\n\t\t\t\t\t\t<details id=\"e-n-accordion-item-2170\" class=\"e-n-accordion-item\" open>\n\t\t\t\t<summary class=\"e-n-accordion-item-title\" data-accordion-index=\"1\" tabindex=\"0\" aria-expanded=\"true\" aria-controls=\"e-n-accordion-item-2170\" >\n\t\t\t\t\t<span class='e-n-accordion-item-title-header'><div class=\"e-n-accordion-item-title-text\"> Pasirinkite skambu\u010dio dat\u0105 ir laik\u0105 <\/div><\/span>\n\t\t\t\t\t\t\t<span class='e-n-accordion-item-title-icon'>\n\t\t\t<span class='e-opened' ><svg xmlns=\"http:\/\/www.w3.org\/2000\/svg\" viewBox=\"0 0 256 256\" fill=\"currentColor\"><path d=\"M213.66,101.66l-80,80a8,8,0,0,1-11.32,0l-80-80A8,8,0,0,1,53.66,90.34L128,164.69l74.34-74.35a8,8,0,0,1,11.32,11.32Z\"><\/path><\/svg><\/span>\n\t\t\t<span class='e-closed'><svg xmlns=\"http:\/\/www.w3.org\/2000\/svg\" viewBox=\"0 0 256 256\" fill=\"currentColor\"><path d=\"M213.66,165.66a8,8,0,0,1-11.32,0L128,91.31,53.66,165.66a8,8,0,0,1-11.32-11.32l80-80a8,8,0,0,1,11.32,0l80,80A8,8,0,0,1,213.66,165.66Z\"><\/path><\/svg><\/span>\n\t\t<\/span>\n\n\t\t\t\t\t\t<\/summary>\n\t\t\t\t<div role=\"region\" aria-labelledby=\"e-n-accordion-item-2170\" class=\"elementor-element elementor-element-ca5902a e-con-full e-flex e-con e-child\" data-id=\"ca5902a\" data-element_type=\"container\" data-e-type=\"container\">\n\t\t\t\t<div class=\"elementor-element elementor-element-5fbca03 elementor-widget elementor-widget-shortcode\" data-id=\"5fbca03\" data-element_type=\"widget\" data-e-type=\"widget\" data-widget_type=\"shortcode.default\">\n\t\t\t\t<div class=\"elementor-widget-container\">\n\t\t\t\t\t\t\t<div class=\"elementor-shortcode\"><div class=\"react-app-container\">\n            <div\n                id=\"react-app-69ff1cce2ecbb\"\n                data-product-name=\"\"\n                data-product-id=\"\"\n            >\n            <\/div>\n        <\/div><\/div>\n\t\t\t\t\t\t<\/div>\n\t\t\t\t<\/div>\n\t\t\t\t<\/div>\n\t\t\t\t\t<\/details>\n\t\t\t\t\t<\/div>\n\t\t\t\t\t\t<\/div>\n\t\t\t\t<\/div>\n\t\t<div class=\"elementor-element elementor-element-80045c5 e-con-full e-flex e-con e-child\" data-id=\"80045c5\" data-element_type=\"container\" data-e-type=\"container\">\n\t\t\t\t<div class=\"elementor-element elementor-element-ffa3718 elementor-widget elementor-widget-the7-heading\" data-id=\"ffa3718\" data-element_type=\"widget\" data-e-type=\"widget\" data-widget_type=\"the7-heading.default\">\n\t\t\t\t<div class=\"elementor-widget-container\">\n\t\t\t\t\t<h2 class=\"the7-heading-title elementor-size-default\">Papildoma informacija apie paslaug\u0105<\/h2>\t\t\t\t<\/div>\n\t\t\t\t<\/div>\n\t\t\t\t<div class=\"elementor-element elementor-element-4f4b1c9 product-additional-info elementor-widget elementor-widget-the7-accordion\" data-id=\"4f4b1c9\" data-element_type=\"widget\" data-e-type=\"widget\" data-widget_type=\"the7-accordion.default\">\n\t\t\t\t<div class=\"elementor-widget-container\">\n\t\t\t\t\t\t\t<div class=\"elementor-accordion the7-adv-accordion\" data-accordion-type=\"accordion\" role=\"tablist\">\n\t\t\t\t\t\t\t<div class=\"elementor-accordion-item\">\n\t\t\t\t\t<h4 id=\"elementor-tab-title-8311\" class=\"elementor-tab-title the7-accordion-header deactive-default\" data-tab=\"1\" role=\"tab\" aria-controls=\"elementor-tab-content-8311\">\n\n\t\t\t\t\t\t\t\t\t\t\t\t\t<span class=\"elementor-accordion-icon elementor-accordion-icon-right\" aria-hidden=\"true\">\n\t\t\t\t\t\t\t\t\t\t\t\t\t\t\t<span class=\"elementor-accordion-icon-closed\"><svg xmlns=\"http:\/\/www.w3.org\/2000\/svg\" viewBox=\"0 0 256 256\" fill=\"currentColor\"><path d=\"M213.66,101.66l-80,80a8,8,0,0,1-11.32,0l-80-80A8,8,0,0,1,53.66,90.34L128,164.69l74.34-74.35a8,8,0,0,1,11.32,11.32Z\"><\/path><\/svg><\/span>\n\t\t\t\t\t\t\t\t\t\t\t\t\t\t\t\t\t<span class=\"elementor-accordion-icon-opened\"><svg xmlns=\"http:\/\/www.w3.org\/2000\/svg\" viewBox=\"0 0 256 256\" fill=\"currentColor\"><path d=\"M213.66,165.66a8,8,0,0,1-11.32,0L128,91.31,53.66,165.66a8,8,0,0,1-11.32-11.32l80-80a8,8,0,0,1,11.32,0l80,80A8,8,0,0,1,213.66,165.66Z\"><\/path><\/svg><\/span>\n\t\t\t\t\t\t\t\t\t\t\t\t\t\t\t\t\t\t\t\t\t\t<\/span>\n\t\t\t\t\t\t\t\t\t\t\t\t\t\t\t\t\t\t<a class=\"elementor-accordion-title\" href=\"\">Pagrindiniai aspektai rengiant Intrastato ataskaitas: <\/a>\n\t\t\t\t\t<\/h4>\n\t\t\t\t\t<div id=\"elementor-tab-content-8311\" class=\"elementor-tab-content elementor-clearfix deactive-default\" data-tab=\"1\" role=\"tabpanel\" aria-labelledby=\"elementor-tab-title-8311\"><ul><li><span style=\"font-size: medium;\"><b>Kas turi pateikti Intrastato ataskaitas?<\/b><\/span><\/li><\/ul><p><span style=\"font-size: medium;\">Intrastato ataskaitas privalo teikti \u012fmon\u0117s, kurios per metus vir\u0161ija nustatyt\u0105 preki\u0173 tiekimo arba gavimo vert\u0117s rib\u0105 (\u0161iuo metu tai 200 000 <\/span><span style=\"font-size: medium;\">\u20ac<\/span><span style=\"font-size: medium;\"> tiekimo arba gavimo vert\u0117s riba). Jei \u012fmon\u0117s apyvarta yra ma\u017eesn\u0117, ataskaitos teikti nereikia.<\/span><\/p><ul><li><span style=\"font-size: medium;\"><b>Pateikimo periodi\u0161kumas<\/b><\/span><span style=\"font-size: medium;\">:<\/span><\/li><\/ul><p><span style=\"font-size: medium;\">Intrastato ataskaitos turi b\u016bti teikiamos kas m\u0117nes\u012f. Pateikiama informacija apie preki\u0173 tiekim\u0105 ir gavim\u0105 pagal kodus, kiekius, vertes ir kitus duomenis, nustatytus pagal NACE klasifikacij\u0105.<\/span><\/p><ul><li><span style=\"font-size: medium;\"><b>Ataskaitos turinys<\/b><\/span><span style=\"font-size: medium;\">:<br \/>Pateikiant Intrastato ataskait\u0105, reikia nurodyti \u0161i\u0105 informacij\u0105:<\/span><br \/><ul><li style=\"list-style-type: none;\"><ul><li><p><span style=\"font-size: medium;\">Preki\u0173 kodas pagal Tarptautin\u0119 preki\u0173 nomenklat\u016br\u0105 (CN kodai);<\/span><\/p><\/li><li><p><span style=\"font-size: medium;\">Preki\u0173 kiekiai ir vert\u0117;<\/span><\/p><\/li><li><p><span style=\"font-size: medium;\">Preki\u0173 tiekimo ir gavimo \u0161alys;<\/span><\/p><\/li><li><p><span style=\"font-size: medium;\">Preki\u0173 apra\u0161ymas, jei tai reikalinga pagal konkre\u010dius reikalavimus;<\/span><\/p><\/li><li><p><span style=\"font-size: medium;\">Sandorio tipas (t. y., ar preki\u0173 tiekimas yra pardavimas, dovanojimas ar gr\u0105\u017einimas).<\/span><\/p><\/li><\/ul><\/li><\/ul><\/li><\/ul><ul><li><p><span style=\"font-size: medium;\"><b>Ataskait\u0173 teikimo terminai<\/b><\/span><span style=\"font-size: medium;\">:<\/span><\/p><\/li><\/ul><p><span style=\"font-size: medium;\">Ataskaitos apie preki\u0173 tiekim\u0105 ir gavim\u0105 turi b\u016bti pateikiamos iki kiekvieno m\u0117nesio 10 dienos, u\u017e pra\u0117jus\u012f m\u0117nes\u012f.<\/span><\/p><ul><li><p><span style=\"font-size: medium;\"><b>Teikimo b\u016bdas<\/b><\/span><span style=\"font-size: medium;\">:<\/span><\/p><\/li><\/ul><p><span style=\"font-size: medium;\">Intrastato ataskaitos teikiamos internetu per Elektronini\u0173 deklaracij\u0173 sistem\u0105 (EDS) arba per kit\u0105 atitinkam\u0105 valstybin\u0119 institucij\u0105. Lietuvoje tai yra Mokes\u010di\u0173 inspekcija.<\/span><\/p><\/div>\n\t\t\t\t<\/div>\n\t\t\t\t\t<\/div>\n\t\t\t\t\t\t<\/div>\n\t\t\t\t<\/div>\n\t\t\t\t<\/div>\n\t\t\t\t\t<\/div>\n\t\t\t\t<\/div>\n\t\t\t\t<\/div>\n\t\t","protected":false},"excerpt":{"rendered":"<p>Intrastato ataskaita \u2013 tai specialus, Lietuvos Respublikos Muitin\u0117s ir Statistikos departament\u0173 patvirtintas dokumentas, kuriame atsispindi prekybos duomenys i\u0161 vykstan\u010di\u0173 sandori\u0173 tarp Lietuvos Respublikos PVM mok\u0117tojo (\u012fmon\u0117s) ir kit\u0173 ES valstybi\u0173 verslo subjekt\u0173. Intrastatas yra ES vidaus prekybos steb\u0117jimo sistema, leid\u017eianti surinkti duomenis apie preki\u0173 jud\u0117jim\u0105 tarp valstybi\u0173 nari\u0173, kurie n\u0117ra apmokestinami PVM, ta\u010diau turi b\u016bti deklaruojami.<\/p>\n","protected":false},"featured_media":104443,"template":"","meta":{"_acf_changed":false},"product_brand":[],"product_cat":[39],"product_tag":[],"class_list":{"0":"post-5493","1":"product","2":"type-product","3":"status-publish","4":"has-post-thumbnail","6":"product_cat-all-products","8":"first","9":"instock","10":"sold-individually","11":"shipping-taxable","12":"purchasable","13":"product-type-simple"},"acf":[],"aioseo_notices":[],"yoast_head":"<!-- This site is optimized with the Yoast SEO plugin v27.3 - https:\/\/yoast.com\/product\/yoast-seo-wordpress\/ -->\n<title>Intrastato ataskait\u0173 teikimas - ELVkonsultacijos.lt<\/title>\n<meta name=\"robots\" content=\"index, follow, max-snippet:-1, max-image-preview:large, max-video-preview:-1\" \/>\n<link rel=\"canonical\" href=\"https:\/\/elvkonsultacijos.lt\/ru\/paslaugos\/intrastato-ataskaitu-teikimas\/\" \/>\n<meta property=\"og:locale\" content=\"ru_RU\" \/>\n<meta property=\"og:type\" content=\"article\" \/>\n<meta property=\"og:title\" content=\"Intrastato ataskait\u0173 teikimas - ELVkonsultacijos.lt\" \/>\n<meta property=\"og:description\" content=\"Intrastato ataskaita \u2013 tai specialus, Lietuvos Respublikos Muitin\u0117s ir Statistikos departament\u0173 patvirtintas dokumentas, kuriame atsispindi prekybos duomenys i\u0161 vykstan\u010di\u0173 sandori\u0173 tarp Lietuvos Respublikos PVM mok\u0117tojo (\u012fmon\u0117s) ir kit\u0173 ES valstybi\u0173 verslo subjekt\u0173. Intrastatas yra ES vidaus prekybos steb\u0117jimo sistema, leid\u017eianti surinkti duomenis apie preki\u0173 jud\u0117jim\u0105 tarp valstybi\u0173 nari\u0173, kurie n\u0117ra apmokestinami PVM, ta\u010diau turi b\u016bti deklaruojami.\" \/>\n<meta property=\"og:url\" content=\"https:\/\/elvkonsultacijos.lt\/ru\/paslaugos\/intrastato-ataskaitu-teikimas\/\" \/>\n<meta property=\"og:site_name\" content=\"ELVkonsultacijos.lt\" \/>\n<meta property=\"article:publisher\" content=\"https:\/\/www.facebook.com\/elvprojektai.lt\/\" \/>\n<meta property=\"article:modified_time\" content=\"2025-09-25T16:43:19+00:00\" \/>\n<meta property=\"og:image\" content=\"https:\/\/elvkonsultacijos.lt\/wp-content\/uploads\/2021\/10\/image.png\" \/>\n\t<meta property=\"og:image:width\" content=\"548\" \/>\n\t<meta property=\"og:image:height\" content=\"285\" \/>\n\t<meta property=\"og:image:type\" content=\"image\/png\" \/>\n<meta name=\"twitter:card\" content=\"summary_large_image\" \/>\n<meta name=\"twitter:label1\" content=\"Est. reading time\" \/>\n\t<meta name=\"twitter:data1\" content=\"2 \u043c\u0438\u043d\u0443\u0442\u044b\" \/>\n<script type=\"application\/ld+json\" class=\"yoast-schema-graph\">{\"@context\":\"https:\\\/\\\/schema.org\",\"@graph\":[{\"@type\":\"WebPage\",\"@id\":\"https:\\\/\\\/elvkonsultacijos.lt\\\/ru\\\/paslaugos\\\/intrastato-ataskaitu-teikimas\\\/\",\"url\":\"https:\\\/\\\/elvkonsultacijos.lt\\\/ru\\\/paslaugos\\\/intrastato-ataskaitu-teikimas\\\/\",\"name\":\"Intrastato ataskait\u0173 teikimas - ELVkonsultacijos.lt\",\"isPartOf\":{\"@id\":\"https:\\\/\\\/elvkonsultacijos.lt\\\/ru\\\/#website\"},\"primaryImageOfPage\":{\"@id\":\"https:\\\/\\\/elvkonsultacijos.lt\\\/ru\\\/paslaugos\\\/intrastato-ataskaitu-teikimas\\\/#primaryimage\"},\"image\":{\"@id\":\"https:\\\/\\\/elvkonsultacijos.lt\\\/ru\\\/paslaugos\\\/intrastato-ataskaitu-teikimas\\\/#primaryimage\"},\"thumbnailUrl\":\"https:\\\/\\\/elvkonsultacijos.lt\\\/wp-content\\\/uploads\\\/2021\\\/10\\\/image.png\",\"datePublished\":\"2021-10-01T14:20:29+00:00\",\"dateModified\":\"2025-09-25T16:43:19+00:00\",\"breadcrumb\":{\"@id\":\"https:\\\/\\\/elvkonsultacijos.lt\\\/ru\\\/paslaugos\\\/intrastato-ataskaitu-teikimas\\\/#breadcrumb\"},\"inLanguage\":\"ru-RU\",\"potentialAction\":[{\"@type\":\"ReadAction\",\"target\":[\"https:\\\/\\\/elvkonsultacijos.lt\\\/ru\\\/paslaugos\\\/intrastato-ataskaitu-teikimas\\\/\"]}]},{\"@type\":\"ImageObject\",\"inLanguage\":\"ru-RU\",\"@id\":\"https:\\\/\\\/elvkonsultacijos.lt\\\/ru\\\/paslaugos\\\/intrastato-ataskaitu-teikimas\\\/#primaryimage\",\"url\":\"https:\\\/\\\/elvkonsultacijos.lt\\\/wp-content\\\/uploads\\\/2021\\\/10\\\/image.png\",\"contentUrl\":\"https:\\\/\\\/elvkonsultacijos.lt\\\/wp-content\\\/uploads\\\/2021\\\/10\\\/image.png\",\"width\":548,\"height\":285},{\"@type\":\"BreadcrumbList\",\"@id\":\"https:\\\/\\\/elvkonsultacijos.lt\\\/ru\\\/paslaugos\\\/intrastato-ataskaitu-teikimas\\\/#breadcrumb\",\"itemListElement\":[{\"@type\":\"ListItem\",\"position\":1,\"name\":\"Home\",\"item\":\"https:\\\/\\\/elvkonsultacijos.lt\\\/ru\\\/\"},{\"@type\":\"ListItem\",\"position\":2,\"name\":\"\u0422\u043e\u0432\u0430\u0440\u044b\",\"item\":\"https:\\\/\\\/elvkonsultacijos.lt\\\/ru\\\/shop\\\/\"},{\"@type\":\"ListItem\",\"position\":3,\"name\":\"Intrastato ataskait\u0173 teikimas\"}]},{\"@type\":\"WebSite\",\"@id\":\"https:\\\/\\\/elvkonsultacijos.lt\\\/ru\\\/#website\",\"url\":\"https:\\\/\\\/elvkonsultacijos.lt\\\/ru\\\/\",\"name\":\"ELV Konsultacijos\",\"description\":\"Buhalterin\u0117s apskaitos konsultacijos internetu\",\"publisher\":{\"@id\":\"https:\\\/\\\/elvkonsultacijos.lt\\\/ru\\\/#organization\"},\"potentialAction\":[{\"@type\":\"SearchAction\",\"target\":{\"@type\":\"EntryPoint\",\"urlTemplate\":\"https:\\\/\\\/elvkonsultacijos.lt\\\/ru\\\/?s={search_term_string}\"},\"query-input\":{\"@type\":\"PropertyValueSpecification\",\"valueRequired\":true,\"valueName\":\"search_term_string\"}}],\"inLanguage\":\"ru-RU\"},{\"@type\":\"Organization\",\"@id\":\"https:\\\/\\\/elvkonsultacijos.lt\\\/ru\\\/#organization\",\"name\":\"ELV Projektai\",\"url\":\"https:\\\/\\\/elvkonsultacijos.lt\\\/ru\\\/\",\"logo\":{\"@type\":\"ImageObject\",\"inLanguage\":\"ru-RU\",\"@id\":\"https:\\\/\\\/elvkonsultacijos.lt\\\/ru\\\/#\\\/schema\\\/logo\\\/image\\\/\",\"url\":\"https:\\\/\\\/elvkonsultacijos.lt\\\/wp-content\\\/uploads\\\/2024\\\/10\\\/logo.png\",\"contentUrl\":\"https:\\\/\\\/elvkonsultacijos.lt\\\/wp-content\\\/uploads\\\/2024\\\/10\\\/logo.png\",\"width\":1500,\"height\":291,\"caption\":\"ELV Projektai\"},\"image\":{\"@id\":\"https:\\\/\\\/elvkonsultacijos.lt\\\/ru\\\/#\\\/schema\\\/logo\\\/image\\\/\"},\"sameAs\":[\"https:\\\/\\\/www.facebook.com\\\/elvprojektai.lt\\\/\"]}]}<\/script>\n<!-- \/ Yoast SEO plugin. -->","yoast_head_json":{"title":"Intrastato ataskait\u0173 teikimas - ELVkonsultacijos.lt","robots":{"index":"index","follow":"follow","max-snippet":"max-snippet:-1","max-image-preview":"max-image-preview:large","max-video-preview":"max-video-preview:-1"},"canonical":"https:\/\/elvkonsultacijos.lt\/ru\/paslaugos\/intrastato-ataskaitu-teikimas\/","og_locale":"ru_RU","og_type":"article","og_title":"Intrastato ataskait\u0173 teikimas - ELVkonsultacijos.lt","og_description":"Intrastato ataskaita \u2013 tai specialus, Lietuvos Respublikos Muitin\u0117s ir Statistikos departament\u0173 patvirtintas dokumentas, kuriame atsispindi prekybos duomenys i\u0161 vykstan\u010di\u0173 sandori\u0173 tarp Lietuvos Respublikos PVM mok\u0117tojo (\u012fmon\u0117s) ir kit\u0173 ES valstybi\u0173 verslo subjekt\u0173. Intrastatas yra ES vidaus prekybos steb\u0117jimo sistema, leid\u017eianti surinkti duomenis apie preki\u0173 jud\u0117jim\u0105 tarp valstybi\u0173 nari\u0173, kurie n\u0117ra apmokestinami PVM, ta\u010diau turi b\u016bti deklaruojami.","og_url":"https:\/\/elvkonsultacijos.lt\/ru\/paslaugos\/intrastato-ataskaitu-teikimas\/","og_site_name":"ELVkonsultacijos.lt","article_publisher":"https:\/\/www.facebook.com\/elvprojektai.lt\/","article_modified_time":"2025-09-25T16:43:19+00:00","og_image":[{"width":548,"height":285,"url":"https:\/\/elvkonsultacijos.lt\/wp-content\/uploads\/2021\/10\/image.png","type":"image\/png"}],"twitter_card":"summary_large_image","twitter_misc":{"Est. reading time":"2 \u043c\u0438\u043d\u0443\u0442\u044b"},"schema":{"@context":"https:\/\/schema.org","@graph":[{"@type":"WebPage","@id":"https:\/\/elvkonsultacijos.lt\/ru\/paslaugos\/intrastato-ataskaitu-teikimas\/","url":"https:\/\/elvkonsultacijos.lt\/ru\/paslaugos\/intrastato-ataskaitu-teikimas\/","name":"Intrastato ataskait\u0173 teikimas - ELVkonsultacijos.lt","isPartOf":{"@id":"https:\/\/elvkonsultacijos.lt\/ru\/#website"},"primaryImageOfPage":{"@id":"https:\/\/elvkonsultacijos.lt\/ru\/paslaugos\/intrastato-ataskaitu-teikimas\/#primaryimage"},"image":{"@id":"https:\/\/elvkonsultacijos.lt\/ru\/paslaugos\/intrastato-ataskaitu-teikimas\/#primaryimage"},"thumbnailUrl":"https:\/\/elvkonsultacijos.lt\/wp-content\/uploads\/2021\/10\/image.png","datePublished":"2021-10-01T14:20:29+00:00","dateModified":"2025-09-25T16:43:19+00:00","breadcrumb":{"@id":"https:\/\/elvkonsultacijos.lt\/ru\/paslaugos\/intrastato-ataskaitu-teikimas\/#breadcrumb"},"inLanguage":"ru-RU","potentialAction":[{"@type":"ReadAction","target":["https:\/\/elvkonsultacijos.lt\/ru\/paslaugos\/intrastato-ataskaitu-teikimas\/"]}]},{"@type":"ImageObject","inLanguage":"ru-RU","@id":"https:\/\/elvkonsultacijos.lt\/ru\/paslaugos\/intrastato-ataskaitu-teikimas\/#primaryimage","url":"https:\/\/elvkonsultacijos.lt\/wp-content\/uploads\/2021\/10\/image.png","contentUrl":"https:\/\/elvkonsultacijos.lt\/wp-content\/uploads\/2021\/10\/image.png","width":548,"height":285},{"@type":"BreadcrumbList","@id":"https:\/\/elvkonsultacijos.lt\/ru\/paslaugos\/intrastato-ataskaitu-teikimas\/#breadcrumb","itemListElement":[{"@type":"ListItem","position":1,"name":"Home","item":"https:\/\/elvkonsultacijos.lt\/ru\/"},{"@type":"ListItem","position":2,"name":"\u0422\u043e\u0432\u0430\u0440\u044b","item":"https:\/\/elvkonsultacijos.lt\/ru\/shop\/"},{"@type":"ListItem","position":3,"name":"Intrastato ataskait\u0173 teikimas"}]},{"@type":"WebSite","@id":"https:\/\/elvkonsultacijos.lt\/ru\/#website","url":"https:\/\/elvkonsultacijos.lt\/ru\/","name":"ELV Konsultacijos","description":"Buhalterin\u0117s apskaitos konsultacijos internetu","publisher":{"@id":"https:\/\/elvkonsultacijos.lt\/ru\/#organization"},"potentialAction":[{"@type":"SearchAction","target":{"@type":"EntryPoint","urlTemplate":"https:\/\/elvkonsultacijos.lt\/ru\/?s={search_term_string}"},"query-input":{"@type":"PropertyValueSpecification","valueRequired":true,"valueName":"search_term_string"}}],"inLanguage":"ru-RU"},{"@type":"Organization","@id":"https:\/\/elvkonsultacijos.lt\/ru\/#organization","name":"ELV Projektai","url":"https:\/\/elvkonsultacijos.lt\/ru\/","logo":{"@type":"ImageObject","inLanguage":"ru-RU","@id":"https:\/\/elvkonsultacijos.lt\/ru\/#\/schema\/logo\/image\/","url":"https:\/\/elvkonsultacijos.lt\/wp-content\/uploads\/2024\/10\/logo.png","contentUrl":"https:\/\/elvkonsultacijos.lt\/wp-content\/uploads\/2024\/10\/logo.png","width":1500,"height":291,"caption":"ELV Projektai"},"image":{"@id":"https:\/\/elvkonsultacijos.lt\/ru\/#\/schema\/logo\/image\/"},"sameAs":["https:\/\/www.facebook.com\/elvprojektai.lt\/"]}]}},"_links":{"self":[{"href":"https:\/\/elvkonsultacijos.lt\/ru\/wp-json\/wp\/v2\/product\/5493","targetHints":{"allow":["GET"]}}],"collection":[{"href":"https:\/\/elvkonsultacijos.lt\/ru\/wp-json\/wp\/v2\/product"}],"about":[{"href":"https:\/\/elvkonsultacijos.lt\/ru\/wp-json\/wp\/v2\/types\/product"}],"version-history":[{"count":4,"href":"https:\/\/elvkonsultacijos.lt\/ru\/wp-json\/wp\/v2\/product\/5493\/revisions"}],"predecessor-version":[{"id":106365,"href":"https:\/\/elvkonsultacijos.lt\/ru\/wp-json\/wp\/v2\/product\/5493\/revisions\/106365"}],"wp:featuredmedia":[{"embeddable":true,"href":"https:\/\/elvkonsultacijos.lt\/ru\/wp-json\/wp\/v2\/media\/104443"}],"wp:attachment":[{"href":"https:\/\/elvkonsultacijos.lt\/ru\/wp-json\/wp\/v2\/media?parent=5493"}],"wp:term":[{"taxonomy":"product_brand","embeddable":true,"href":"https:\/\/elvkonsultacijos.lt\/ru\/wp-json\/wp\/v2\/product_brand?post=5493"},{"taxonomy":"product_cat","embeddable":true,"href":"https:\/\/elvkonsultacijos.lt\/ru\/wp-json\/wp\/v2\/product_cat?post=5493"},{"taxonomy":"product_tag","embeddable":true,"href":"https:\/\/elvkonsultacijos.lt\/ru\/wp-json\/wp\/v2\/product_tag?post=5493"}],"curies":[{"name":"wp","href":"https:\/\/api.w.org\/{rel}","templated":true}]}}